{"id":525,"date":"2026-02-28T20:55:24","date_gmt":"2026-02-28T20:55:24","guid":{"rendered":"https:\/\/staging.matchystudio.com\/?page_id=525"},"modified":"2026-02-28T21:17:34","modified_gmt":"2026-02-28T21:17:34","slug":"mentions-legales","status":"publish","type":"page","link":"https:\/\/staging.matchystudio.com\/en\/mentions-legales\/","title":{"rendered":"Mentions l\u00e9gales"},"content":{"rendered":"\t\t<div data-elementor-type=\"wp-page\" data-elementor-id=\"525\" class=\"elementor elementor-525\" data-elementor-post-type=\"page\">\n\t\t\t\t<div class=\"elementor-element elementor-element-cd4d5c4 e-flex e-con-boxed e-con e-parent\" data-id=\"cd4d5c4\" data-element_type=\"container\" data-e-type=\"container\">\n\t\t\t\t\t<div class=\"e-con-inner\">\n\t\t\t\t<div class=\"elementor-element elementor-element-fb94ef7 elementor-widget elementor-widget-text-editor\" data-id=\"fb94ef7\" data-element_type=\"widget\" data-e-type=\"widget\" data-widget_type=\"text-editor.default\">\n\t\t\t\t\t\t\t\t\t<h2>Identit\u00e9<\/h2><p>Le site internet [MSW_SITE] est la propri\u00e9t\u00e9 exclusive de l&rsquo;entreprise [MSW_ENTREPRISE], g\u00e9r\u00e9e par Mme JUSTINE POULHAZAN, immatricul\u00e9e sous le N\u00b0 984428987 dont le si\u00e8ge social est situ\u00e9 au [MSW_ADRESSE].<\/p><p>Directeur de la publication : Mme JUSTINE POULHAZAN.<\/p><p>T\u00e9l\u00e9phone : [MSW_TEL]<br \/>E-mail : [MSW_MAIL]<\/p><h2>H\u00e9bergement<\/h2><p>Le site internet [MSW_SITE]\u00a0est h\u00e9berg\u00e9 sur les serveurs de la soci\u00e9t\u00e9\u00a0<a href=\"https:\/\/www.ovh.com\/fr\/\">OVH<\/a> (joignable au num\u00e9ro <a href=\"tel:+33972101007\">+33 9 72 10 10 07<\/a>).<\/p><h2>Droit de propri\u00e9t\u00e9 intellectuelle<\/h2><p>En vous connectant sur le site internet [MSW_SITE], il est strictement interdit de copier ou t\u00e9l\u00e9charger le contenu des pages affich\u00e9es, qu\u2019il s\u2019agisse du texte, des images ou de tout autre \u00e9l\u00e9ment composant les pages.<\/p><p>Toutes les informations pr\u00e9sentes sur notre site web sont prot\u00e9g\u00e9es par le droit d\u2019auteur.<\/p><p>Toute copie, totale ou partielle, du contenu pr\u00e9sent sur notre site internet (sans l\u2019autorisation pr\u00e9alable de l&rsquo;entreprise [MSW_ENTREPRISE]) est interdite.<\/p><h2>Lien internes et externes<\/h2><p>Nos pages peuvent contenir des liens pointant vers des sites externes \u00e0 [MSW_SITE], l&rsquo;entreprise [MSW_ENTREPRISE] ne peut \u00eatre tenu responsable en cas de d\u00e9faillance de ces sites externes.<\/p><p>D\u2019autre part, la cr\u00e9ation de liens de sites externes pointant vers notre site web est autoris\u00e9. Cependant, le contenu de ces pages ne doit pas \u00eatre inclu sur un autre site web. Dans ce contexte, l&rsquo;entreprise [MSW_ENTREPRISE] se r\u00e9serve le droit de demander la suppression sur un site externe d\u2019un lien pointant vers notre site web si elle estime que ce lien peut lui porter pr\u00e9judice.<\/p>\t\t\t\t\t\t\t\t<\/div>\n\t\t\t\t\t<\/div>\n\t\t\t\t<\/div>\n\t\t\t\t<\/div>\n\t\t","protected":false},"excerpt":{"rendered":"<p>Identit\u00e9 Le site internet [MSW_SITE] est la propri\u00e9t\u00e9 exclusive de l&rsquo;entreprise [MSW_ENTREPRISE], g\u00e9r\u00e9e par Mme JUSTINE POULHAZAN, immatricul\u00e9e sous le N\u00b0 984428987 dont le si\u00e8ge social est situ\u00e9 au [MSW_ADRESSE]. Directeur de la publication : Mme JUSTINE POULHAZAN. T\u00e9l\u00e9phone : [MSW_TEL]E-mail : [MSW_MAIL] H\u00e9bergement Le site internet [MSW_SITE]\u00a0est h\u00e9berg\u00e9 sur les serveurs de la soci\u00e9t\u00e9\u00a0OVH [&hellip;]<\/p>\n","protected":false},"author":1,"featured_media":0,"parent":0,"menu_order":0,"comment_status":"closed","ping_status":"closed","template":"","meta":{"footnotes":""},"class_list":["post-525","page","type-page","status-publish","hentry"],"_links":{"self":[{"href":"https:\/\/staging.matchystudio.com\/en\/wp-json\/wp\/v2\/pages\/525","targetHints":{"allow":["GET"]}}],"collection":[{"href":"https:\/\/staging.matchystudio.com\/en\/wp-json\/wp\/v2\/pages"}],"about":[{"href":"https:\/\/staging.matchystudio.com\/en\/wp-json\/wp\/v2\/types\/page"}],"author":[{"embeddable":true,"href":"https:\/\/staging.matchystudio.com\/en\/wp-json\/wp\/v2\/users\/1"}],"replies":[{"embeddable":true,"href":"https:\/\/staging.matchystudio.com\/en\/wp-json\/wp\/v2\/comments?post=525"}],"version-history":[{"count":7,"href":"https:\/\/staging.matchystudio.com\/en\/wp-json\/wp\/v2\/pages\/525\/revisions"}],"predecessor-version":[{"id":549,"href":"https:\/\/staging.matchystudio.com\/en\/wp-json\/wp\/v2\/pages\/525\/revisions\/549"}],"wp:attachment":[{"href":"https:\/\/staging.matchystudio.com\/en\/wp-json\/wp\/v2\/media?parent=525"}],"curies":[{"name":"wp","href":"https:\/\/api.w.org\/{rel}","templated":true}]}}