{"id":43,"date":"2026-02-15T21:22:01","date_gmt":"2026-02-15T21:22:01","guid":{"rendered":"https:\/\/staging.matchystudio.com\/?page_id=43"},"modified":"2026-04-16T16:14:38","modified_gmt":"2026-04-16T16:14:38","slug":"contact","status":"publish","type":"page","link":"https:\/\/staging.matchystudio.com\/en\/contact\/","title":{"rendered":"Contact"},"content":{"rendered":"\t\t<div data-elementor-type=\"wp-page\" data-elementor-id=\"43\" class=\"elementor elementor-43\" data-elementor-post-type=\"page\">\n\t\t\t\t<div class=\"elementor-element elementor-element-71064d1 e-flex e-con-boxed e-con e-parent\" data-id=\"71064d1\" data-element_type=\"container\" data-e-type=\"container\" data-settings=\"{&quot;background_background&quot;:&quot;classic&quot;}\">\n\t\t\t\t\t<div class=\"e-con-inner\">\n\t\t<div class=\"elementor-element elementor-element-4a0f9a9 e-con-full e-flex e-con e-child\" data-id=\"4a0f9a9\" data-element_type=\"container\" data-e-type=\"container\">\n\t\t\t\t<div class=\"elementor-element elementor-element-b39d0c0 elementor-widget elementor-widget-heading\" data-id=\"b39d0c0\" data-element_type=\"widget\" data-e-type=\"widget\" data-widget_type=\"heading.default\">\n\t\t\t\t\t<h2 class=\"elementor-heading-title elementor-size-default\">CONTACTEZ-nous<\/h2>\t\t\t\t<\/div>\n\t\t\t\t<div class=\"elementor-element elementor-element-0bdeac5 elementor-widget__width-initial elementor-widget elementor-widget-text-editor\" data-id=\"0bdeac5\" data-element_type=\"widget\" data-e-type=\"widget\" data-widget_type=\"text-editor.default\">\n\t\t\t\t\t\t\t\t\t<div class=\"elementor-element elementor-element-edit-mode elementor-element-27cff5c e-con e-child e-flex e-con-full e-con--column e-handles-inside\" draggable=\"true\" data-id=\"27cff5c\" data-element_type=\"container\" data-model-cid=\"c31\" data-nesting-level=\"2\"><div class=\"elementor-element elementor-element-edit-mode elementor-element-fcadd28 elementor-element--toggle-edit-tools elementor-widget elementor-widget-text-editor\" draggable=\"true\" data-id=\"fcadd28\" data-element_type=\"widget\" data-model-cid=\"c32\" data-widget_type=\"text-editor.default\"><div class=\"elementor-widget-container\"><div class=\"elementor-text-editor elementor-clearfix elementor-inline-editing\" data-elementor-setting-key=\"editor\" data-elementor-inline-editing-toolbar=\"advanced\"><p><b>Qu\u2019il s\u2019agisse d\u2019un projet r\u00e9sidentiel, d\u2019un investissement, d\u2019un lieu hospitality ou d\u2019un espace commercial, nous \u00e9tudions chaque demande avec attention.<\/b><\/p><\/div><\/div><\/div><\/div>\t\t\t\t\t\t\t\t<\/div>\n\t\t\t\t<div class=\"elementor-element elementor-element-89e1410 elementor-widget elementor-widget-video\" data-id=\"89e1410\" data-element_type=\"widget\" data-e-type=\"widget\" data-settings=\"{&quot;video_type&quot;:&quot;hosted&quot;,&quot;autoplay&quot;:&quot;yes&quot;,&quot;mute&quot;:&quot;yes&quot;,&quot;loop&quot;:&quot;yes&quot;}\" data-widget_type=\"video.default\">\n\t\t\t\t\t\t\t<div class=\"e-hosted-video elementor-wrapper elementor-open-inline\">\n\t\t\t\t\t<video class=\"elementor-video\" src=\"https:\/\/staging.matchystudio.com\/wp-content\/uploads\/2026\/04\/Design-sans-titre.mp4\" autoplay=\"\" loop=\"\" muted=\"muted\" controlsList=\"nodownload\"><\/video>\n\t\t\t\t<\/div>\n\t\t\t\t\t\t<\/div>\n\t\t\t\t<\/div>\n\t\t<div class=\"elementor-element elementor-element-6444ad0 e-con-full e-flex e-con e-child\" data-id=\"6444ad0\" data-element_type=\"container\" data-e-type=\"container\">\n\t\t\t\t<div class=\"elementor-element elementor-element-8d9f373 elementor-button-align-stretch elementor-widget elementor-widget-form\" data-id=\"8d9f373\" data-element_type=\"widget\" data-e-type=\"widget\" data-settings=\"{&quot;step_next_label&quot;:&quot;Suivant&quot;,&quot;step_previous_label&quot;:&quot;Pr\\u00e9c\\u00e9dent&quot;,&quot;button_width&quot;:&quot;100&quot;,&quot;step_type&quot;:&quot;number_text&quot;,&quot;step_icon_shape&quot;:&quot;circle&quot;}\" data-widget_type=\"form.default\">\n\t\t\t\t\t\t\t<form class=\"elementor-form\" method=\"post\" name=\"New Form\" aria-label=\"New Form\">\n\t\t\t<input type=\"hidden\" name=\"post_id\" value=\"43\"\/>\n\t\t\t<input type=\"hidden\" name=\"form_id\" value=\"8d9f373\"\/>\n\t\t\t<input type=\"hidden\" name=\"referer_title\" value=\"Contact\" \/>\n\n\t\t\t\t\t\t\t<input type=\"hidden\" name=\"queried_id\" value=\"43\"\/>\n\t\t\t\n\t\t\t<div class=\"elementor-form-fields-wrapper elementor-labels-above\">\n\t\t\t\t\t\t\t\t<div class=\"elementor-field-type-text elementor-field-group elementor-column elementor-field-group-name elementor-col-100\">\n\t\t\t\t\t\t\t\t\t\t\t\t<label for=\"form-field-name\" class=\"elementor-field-label\">\n\t\t\t\t\t\t\t\tNom\t\t\t\t\t\t\t<\/label>\n\t\t\t\t\t\t\t\t\t\t\t\t\t\t<input size=\"1\" type=\"text\" name=\"form_fields[name]\" id=\"form-field-name\" class=\"elementor-field elementor-size-sm  elementor-field-textual\" placeholder=\"Nom, pr\u00e9nom, soci\u00e9t\u00e9\">\n\t\t\t\t\t\t\t\t\t\t\t<\/div>\n\t\t\t\t\t\t\t\t<div class=\"elementor-field-type-select elementor-field-group elementor-column elementor-field-group-field_d266bb9 elementor-col-100\">\n\t\t\t\t\t\t\t\t\t\t\t\t<label for=\"form-field-field_d266bb9\" class=\"elementor-field-label\">\n\t\t\t\t\t\t\t\tType de projet\t\t\t\t\t\t\t<\/label>\n\t\t\t\t\t\t\t\t<div class=\"elementor-field elementor-select-wrapper remove-before \">\n\t\t\t<div class=\"select-caret-down-wrapper\">\n\t\t\t\t<svg aria-hidden=\"true\" class=\"e-font-icon-svg e-eicon-caret-down\" viewBox=\"0 0 571.4 571.4\" xmlns=\"http:\/\/www.w3.org\/2000\/svg\"><path d=\"M571 393Q571 407 561 418L311 668Q300 679 286 679T261 668L11 418Q0 407 0 393T11 368 36 357H536Q550 357 561 368T571 393Z\"><\/path><\/svg>\t\t\t<\/div>\n\t\t\t<select name=\"form_fields[field_d266bb9]\" id=\"form-field-field_d266bb9\" class=\"elementor-field-textual elementor-size-sm\">\n\t\t\t\t\t\t\t\t\t<option value=\"R\u00e9sidentiel\">R\u00e9sidentiel<\/option>\n\t\t\t\t\t\t\t\t\t<option value=\"Hospitality\">Hospitality<\/option>\n\t\t\t\t\t\t\t\t\t<option value=\"Investissement\">Investissement<\/option>\n\t\t\t\t\t\t\t\t\t<option value=\"Restaurant\">Restaurant<\/option>\n\t\t\t\t\t\t\t\t\t<option value=\"Boutique\">Boutique<\/option>\n\t\t\t\t\t\t\t\t\t<option value=\"Bureau\">Bureau<\/option>\n\t\t\t\t\t\t\t<\/select>\n\t\t<\/div>\n\t\t\t\t\t\t<\/div>\n\t\t\t\t\t\t\t\t<div class=\"elementor-field-type-text elementor-field-group elementor-column elementor-field-group-email elementor-col-100 elementor-field-required\">\n\t\t\t\t\t\t\t\t\t\t\t\t<label for=\"form-field-email\" class=\"elementor-field-label\">\n\t\t\t\t\t\t\t\tLocalisation\t\t\t\t\t\t\t<\/label>\n\t\t\t\t\t\t\t\t\t\t\t\t\t\t<input size=\"1\" type=\"text\" name=\"form_fields[email]\" id=\"form-field-email\" class=\"elementor-field elementor-size-sm  elementor-field-textual\" placeholder=\"Localisation\" required=\"required\">\n\t\t\t\t\t\t\t\t\t\t\t<\/div>\n\t\t\t\t\t\t\t\t<div class=\"elementor-field-type-text elementor-field-group elementor-column elementor-field-group-message elementor-col-100\">\n\t\t\t\t\t\t\t\t\t\t\t\t<label for=\"form-field-message\" class=\"elementor-field-label\">\n\t\t\t\t\t\t\t\tSurface\t\t\t\t\t\t\t<\/label>\n\t\t\t\t\t\t\t\t\t\t\t\t\t\t<input size=\"1\" type=\"text\" name=\"form_fields[message]\" id=\"form-field-message\" class=\"elementor-field elementor-size-sm  elementor-field-textual\" placeholder=\"Surface\">\n\t\t\t\t\t\t\t\t\t\t\t<\/div>\n\t\t\t\t\t\t\t\t<div class=\"elementor-field-type-select elementor-field-group elementor-column elementor-field-group-field_09efb8d elementor-col-100\">\n\t\t\t\t\t\t\t\t\t\t\t\t<label for=\"form-field-field_09efb8d\" class=\"elementor-field-label\">\n\t\t\t\t\t\t\t\tBudget\t\t\t\t\t\t\t<\/label>\n\t\t\t\t\t\t\t\t<div class=\"elementor-field elementor-select-wrapper remove-before \">\n\t\t\t<div class=\"select-caret-down-wrapper\">\n\t\t\t\t<svg aria-hidden=\"true\" class=\"e-font-icon-svg e-eicon-caret-down\" viewBox=\"0 0 571.4 571.4\" xmlns=\"http:\/\/www.w3.org\/2000\/svg\"><path d=\"M571 393Q571 407 561 418L311 668Q300 679 286 679T261 668L11 418Q0 407 0 393T11 368 36 357H536Q550 357 561 368T571 393Z\"><\/path><\/svg>\t\t\t<\/div>\n\t\t\t<select name=\"form_fields[field_09efb8d]\" id=\"form-field-field_09efb8d\" class=\"elementor-field-textual elementor-size-sm\">\n\t\t\t\t\t\t\t\t\t<option value=\"Moins de 50 000\u20ac\">Moins de 50 000\u20ac<\/option>\n\t\t\t\t\t\t\t\t\t<option value=\"50 000\u20ac \u00e0 100 000\u20ac\">50 000\u20ac \u00e0 100 000\u20ac<\/option>\n\t\t\t\t\t\t\t\t\t<option value=\"100 000\u20ac \u00e0 200 000\u20ac\">100 000\u20ac \u00e0 200 000\u20ac<\/option>\n\t\t\t\t\t\t\t\t\t<option value=\"200 000\u20ac \u00e0 400 000\u20ac\">200 000\u20ac \u00e0 400 000\u20ac<\/option>\n\t\t\t\t\t\t\t\t\t<option value=\"400 000\u20ac \u00e0 700 000\u20ac\">400 000\u20ac \u00e0 700 000\u20ac<\/option>\n\t\t\t\t\t\t\t\t\t<option value=\"Plus de 700 000\u20ac\">Plus de 700 000\u20ac<\/option>\n\t\t\t\t\t\t\t<\/select>\n\t\t<\/div>\n\t\t\t\t\t\t<\/div>\n\t\t\t\t\t\t\t\t<div class=\"elementor-field-type-select elementor-field-group elementor-column elementor-field-group-field_3037237 elementor-col-100\">\n\t\t\t\t\t\t\t\t\t\t\t\t<label for=\"form-field-field_3037237\" class=\"elementor-field-label\">\n\t\t\t\t\t\t\t\tDelais\t\t\t\t\t\t\t<\/label>\n\t\t\t\t\t\t\t\t<div class=\"elementor-field elementor-select-wrapper remove-before \">\n\t\t\t<div class=\"select-caret-down-wrapper\">\n\t\t\t\t<svg aria-hidden=\"true\" class=\"e-font-icon-svg e-eicon-caret-down\" viewBox=\"0 0 571.4 571.4\" xmlns=\"http:\/\/www.w3.org\/2000\/svg\"><path d=\"M571 393Q571 407 561 418L311 668Q300 679 286 679T261 668L11 418Q0 407 0 393T11 368 36 357H536Q550 357 561 368T571 393Z\"><\/path><\/svg>\t\t\t<\/div>\n\t\t\t<select name=\"form_fields[field_3037237]\" id=\"form-field-field_3037237\" class=\"elementor-field-textual elementor-size-sm\">\n\t\t\t\t\t\t\t\t\t<option value=\"Dans l&#039;imm\u00e9diat\">Dans l&#039;imm\u00e9diat<\/option>\n\t\t\t\t\t\t\t\t\t<option value=\"Dans moins de 3 mois\">Dans moins de 3 mois<\/option>\n\t\t\t\t\t\t\t\t\t<option value=\"Dans 3-6 mois\">Dans 3-6 mois<\/option>\n\t\t\t\t\t\t\t\t\t<option value=\"Dans plus de 6 mois\">Dans plus de 6 mois<\/option>\n\t\t\t\t\t\t\t\t\t<option value=\"Je r\u00e9fl\u00e9chis encore\">Je r\u00e9fl\u00e9chis encore<\/option>\n\t\t\t\t\t\t\t<\/select>\n\t\t<\/div>\n\t\t\t\t\t\t<\/div>\n\t\t\t\t\t\t\t\t<div class=\"elementor-field-type-textarea elementor-field-group elementor-column elementor-field-group-field_d1e512e elementor-col-100\">\n\t\t\t\t\t\t\t\t\t\t\t\t<label for=\"form-field-field_d1e512e\" class=\"elementor-field-label\">\n\t\t\t\t\t\t\t\tObjectif du projet\t\t\t\t\t\t\t<\/label>\n\t\t\t\t\t\t<textarea class=\"elementor-field-textual elementor-field  elementor-size-sm\" name=\"form_fields[field_d1e512e]\" id=\"form-field-field_d1e512e\" rows=\"4\" placeholder=\"Objectif du projet\"><\/textarea>\t\t\t\t<\/div>\n\t\t\t\t\t\t\t\t<div class=\"elementor-field-group elementor-column elementor-field-type-submit elementor-col-100 e-form__buttons\">\n\t\t\t\t\t<button class=\"elementor-button elementor-size-sm\" type=\"submit\">\n\t\t\t\t\t\t<span class=\"elementor-button-content-wrapper\">\n\t\t\t\t\t\t\t\t\t\t\t\t\t\t\t\t\t\t\t\t\t\t<span class=\"elementor-button-text\">Envoyer<\/span>\n\t\t\t\t\t\t\t\t\t\t\t\t\t<\/span>\n\t\t\t\t\t<\/button>\n\t\t\t\t<\/div>\n\t\t\t<\/div>\n\t\t<\/form>\n\t\t\t\t\t\t<\/div>\n\t\t\t\t<div class=\"elementor-element elementor-element-fe6dc05 elementor-widget elementor-widget-heading\" data-id=\"fe6dc05\" data-element_type=\"widget\" data-e-type=\"widget\" data-widget_type=\"heading.default\">\n\t\t\t\t\t<h2 class=\"elementor-heading-title elementor-size-default\">Nous ecrire<\/h2>\t\t\t\t<\/div>\n\t\t\t\t<div class=\"elementor-element elementor-element-84a7ce2 elementor-widget elementor-widget-text-editor\" data-id=\"84a7ce2\" data-element_type=\"widget\" data-e-type=\"widget\" data-widget_type=\"text-editor.default\">\n\t\t\t\t\t\t\t\t\t<p>contact@matchystudio.com<\/p><p>@matchystudio_<\/p>\t\t\t\t\t\t\t\t<\/div>\n\t\t\t\t<\/div>\n\t\t\t\t\t<\/div>\n\t\t\t\t<\/div>\n\t\t\t\t<\/div>\n\t\t","protected":false},"excerpt":{"rendered":"<p>CONTACTEZ-nous Qu\u2019il s\u2019agisse d\u2019un projet r\u00e9sidentiel, d\u2019un investissement, d\u2019un lieu hospitality ou d\u2019un espace commercial, nous \u00e9tudions chaque demande avec attention. https:\/\/staging.matchystudio.com\/wp-content\/uploads\/2026\/04\/Design-sans-titre.mp4 Nous ecrire contact@matchystudio.com @matchystudio_<\/p>","protected":false},"author":1,"featured_media":0,"parent":0,"menu_order":0,"comment_status":"closed","ping_status":"closed","template":"","meta":{"footnotes":""},"class_list":["post-43","page","type-page","status-publish","hentry"],"_links":{"self":[{"href":"https:\/\/staging.matchystudio.com\/en\/wp-json\/wp\/v2\/pages\/43","targetHints":{"allow":["GET"]}}],"collection":[{"href":"https:\/\/staging.matchystudio.com\/en\/wp-json\/wp\/v2\/pages"}],"about":[{"href":"https:\/\/staging.matchystudio.com\/en\/wp-json\/wp\/v2\/types\/page"}],"author":[{"embeddable":true,"href":"https:\/\/staging.matchystudio.com\/en\/wp-json\/wp\/v2\/users\/1"}],"replies":[{"embeddable":true,"href":"https:\/\/staging.matchystudio.com\/en\/wp-json\/wp\/v2\/comments?post=43"}],"version-history":[{"count":64,"href":"https:\/\/staging.matchystudio.com\/en\/wp-json\/wp\/v2\/pages\/43\/revisions"}],"predecessor-version":[{"id":3525,"href":"https:\/\/staging.matchystudio.com\/en\/wp-json\/wp\/v2\/pages\/43\/revisions\/3525"}],"wp:attachment":[{"href":"https:\/\/staging.matchystudio.com\/en\/wp-json\/wp\/v2\/media?parent=43"}],"curies":[{"name":"wp","href":"https:\/\/api.w.org\/{rel}","templated":true}]}}