{"id":37,"date":"2026-02-15T21:21:39","date_gmt":"2026-02-15T21:21:39","guid":{"rendered":"https:\/\/staging.matchystudio.com\/?page_id=37"},"modified":"2026-04-16T16:16:53","modified_gmt":"2026-04-16T16:16:53","slug":"etude","status":"publish","type":"page","link":"https:\/\/staging.matchystudio.com\/en\/etude\/","title":{"rendered":"Audit"},"content":{"rendered":"<div data-elementor-type=\"wp-page\" data-elementor-id=\"37\" class=\"elementor elementor-37\" data-elementor-post-type=\"page\">\n\t\t\t\t<div class=\"elementor-element elementor-element-3bb1370 e-con-full e-flex e-con e-parent\" data-id=\"3bb1370\" data-element_type=\"container\" data-e-type=\"container\">\n\t\t\t\t<div class=\"elementor-element elementor-element-0f67fd4 elementor-widget__width-inherit elementor-widget elementor-widget-image\" data-id=\"0f67fd4\" data-element_type=\"widget\" data-e-type=\"widget\" data-widget_type=\"image.default\">\n\t\t\t\t\t\t\t\t\t\t\t\t\t\t\t<img decoding=\"async\" src=\"https:\/\/staging.matchystudio.com\/wp-content\/uploads\/elementor\/thumbs\/Capture-decran-2026-03-01-a-15.26.46-scaled-rjve914d95mijeq1afzjcsx7vbz12xnzj65lwhb6lk.webp\" title=\"Capture d\u2019\u00e9cran 2026-03-01 \u00e0 15.26.46\" alt=\"Capture d\u2019\u00e9cran 2026-03-01 \u00e0 15.26.46\" loading=\"lazy\" \/>\t\t\t\t\t\t\t\t\t\t\t\t\t\t\t<\/div>\n\t\t\t\t<div class=\"elementor-element elementor-element-67415b5 elementor-widget elementor-widget-heading\" data-id=\"67415b5\" data-element_type=\"widget\" data-e-type=\"widget\" data-widget_type=\"heading.default\">\n\t\t\t\t\t<h2 class=\"elementor-heading-title elementor-size-default\">audit d'espace<\/h2>\t\t\t\t<\/div>\n\t\t\t\t<div class=\"elementor-element elementor-element-1a4089e elementor-align-center elementor-widget__width-inherit elementor-widget elementor-widget-button\" data-id=\"1a4089e\" data-element_type=\"widget\" data-e-type=\"widget\" data-widget_type=\"button.default\">\n\t\t\t\t\t\t\t\t\t\t<a class=\"elementor-button elementor-button-link elementor-size-sm\" href=\"#elementor-action%3Aaction%3Dpopup%3Aopen%26settings%3DeyJpZCI6IjgxMCIsInRvZ2dsZSI6ZmFsc2V9\">\n\t\t\t\t\t\t<span class=\"elementor-button-content-wrapper\">\n\t\t\t\t\t\t\t\t\t<span class=\"elementor-button-text\">Reserver mon audit<\/span>\n\t\t\t\t\t<\/span>\n\t\t\t\t\t<\/a>\n\t\t\t\t\t\t\t\t<\/div>\n\t\t\t\t<div class=\"elementor-element elementor-element-f40d849 elementor-widget elementor-widget-text-editor\" data-id=\"f40d849\" data-element_type=\"widget\" data-e-type=\"widget\" data-widget_type=\"text-editor.default\">\n\t\t\t\t\t\t\t\t\t<p>La premi\u00e8re lecture d&rsquo;un lieu avant toute d\u00e9cision<\/p>\t\t\t\t\t\t\t\t<\/div>\n\t\t\t\t<\/div>\n\t\t<div class=\"elementor-element elementor-element-5f3c8d7 e-flex e-con-boxed e-con e-parent\" data-id=\"5f3c8d7\" data-element_type=\"container\" data-e-type=\"container\" data-settings=\"{&quot;background_background&quot;:&quot;classic&quot;}\">\n\t\t\t\t\t<div class=\"e-con-inner\">\n\t\t<div class=\"elementor-element elementor-element-99871a0 e-con-full e-flex e-con e-child\" data-id=\"99871a0\" data-element_type=\"container\" data-e-type=\"container\">\n\t\t\t\t<div class=\"elementor-element elementor-element-0e0d99b elementor-widget__width-inherit elementor-widget elementor-widget-image\" data-id=\"0e0d99b\" data-element_type=\"widget\" data-e-type=\"widget\" data-widget_type=\"image.default\">\n\t\t\t\t\t\t\t\t\t\t\t\t\t\t\t<img fetchpriority=\"high\" decoding=\"async\" width=\"864\" height=\"1536\" src=\"https:\/\/staging.matchystudio.com\/wp-content\/uploads\/2026\/02\/4213642F-9CAB-4DCE-A0DD-9E3802AA1632-864x1536.webp\" class=\"attachment-1536x1536 size-1536x1536 wp-image-319\" alt=\"\" srcset=\"https:\/\/staging.matchystudio.com\/wp-content\/uploads\/2026\/02\/4213642F-9CAB-4DCE-A0DD-9E3802AA1632-864x1536.webp 864w, https:\/\/staging.matchystudio.com\/wp-content\/uploads\/2026\/02\/4213642F-9CAB-4DCE-A0DD-9E3802AA1632-600x1067.webp 600w, https:\/\/staging.matchystudio.com\/wp-content\/uploads\/2026\/02\/4213642F-9CAB-4DCE-A0DD-9E3802AA1632-169x300.webp 169w, https:\/\/staging.matchystudio.com\/wp-content\/uploads\/2026\/02\/4213642F-9CAB-4DCE-A0DD-9E3802AA1632-576x1024.webp 576w, https:\/\/staging.matchystudio.com\/wp-content\/uploads\/2026\/02\/4213642F-9CAB-4DCE-A0DD-9E3802AA1632-768x1365.webp 768w, https:\/\/staging.matchystudio.com\/wp-content\/uploads\/2026\/02\/4213642F-9CAB-4DCE-A0DD-9E3802AA1632.webp 1080w, https:\/\/staging.matchystudio.com\/wp-content\/uploads\/2026\/02\/4213642F-9CAB-4DCE-A0DD-9E3802AA1632-7x12.webp 7w\" sizes=\"(max-width: 864px) 100vw, 864px\" \/>\t\t\t\t\t\t\t\t\t\t\t\t\t\t\t<\/div>\n\t\t\t\t<\/div>\n\t\t<div class=\"elementor-element elementor-element-746dc3f e-con-full e-flex e-con e-child\" data-id=\"746dc3f\" data-element_type=\"container\" data-e-type=\"container\">\n\t\t\t\t<div class=\"elementor-element elementor-element-0bc5fec elementor-widget elementor-widget-heading\" data-id=\"0bc5fec\" data-element_type=\"widget\" data-e-type=\"widget\" data-widget_type=\"heading.default\">\n\t\t\t\t\t<h2 class=\"elementor-heading-title elementor-size-default\">comprendre avant de concevoir<\/h2>\t\t\t\t<\/div>\n\t\t\t\t<div class=\"elementor-element elementor-element-db6f9c2 elementor-widget elementor-widget-text-editor\" data-id=\"db6f9c2\" data-element_type=\"widget\" data-e-type=\"widget\" data-widget_type=\"text-editor.default\">\n\t\t\t\t\t\t\t\t\t<h3 data-start=\"234\" data-end=\"348\">Un projet r\u00e9ussi commence par une vision claire et une compr\u00e9hension pr\u00e9cise des enjeux de l\u2019espace.<\/h3><h3 data-start=\"355\" data-end=\"487\">L\u2019audit permet d\u2019analyser le projet, de d\u00e9finir les priorit\u00e9s et de structurer les premi\u00e8res orientations avant d\u2019aller plus loin.<\/h3><h3 data-start=\"494\" data-end=\"538\">Chaque collaboration d\u00e9bute par cette \u00e9tape.<\/h3>\t\t\t\t\t\t\t\t<\/div>\n\t\t\t\t<div class=\"elementor-element elementor-element-c4b05e8 elementor-widget elementor-widget-text-editor\" data-id=\"c4b05e8\" data-element_type=\"widget\" data-e-type=\"widget\" data-widget_type=\"text-editor.default\">\n\t\t\t\t\t\t\t\t\t<h4><strong>A partir de 390\u20ac\u00a0<\/strong><\/h4>\t\t\t\t\t\t\t\t<\/div>\n\t\t\t\t<div class=\"elementor-element elementor-element-4d9566d elementor-widget elementor-widget-button\" data-id=\"4d9566d\" data-element_type=\"widget\" data-e-type=\"widget\" data-widget_type=\"button.default\">\n\t\t\t\t\t\t\t\t\t\t<a class=\"elementor-button elementor-button-link elementor-size-sm\" href=\"#elementor-action%3Aaction%3Dpopup%3Aopen%26settings%3DeyJpZCI6IjgxMCIsInRvZ2dsZSI6ZmFsc2V9\">\n\t\t\t\t\t\t<span class=\"elementor-button-content-wrapper\">\n\t\t\t\t\t\t\t\t\t<span class=\"elementor-button-text\">Reserver mon audit<\/span>\n\t\t\t\t\t<\/span>\n\t\t\t\t\t<\/a>\n\t\t\t\t\t\t\t\t<\/div>\n\t\t\t\t<\/div>\n\t\t\t\t\t<\/div>\n\t\t\t\t<\/div>\n\t\t<div class=\"elementor-element elementor-element-98a320d e-flex e-con-boxed e-con e-parent\" data-id=\"98a320d\" data-element_type=\"container\" data-e-type=\"container\">\n\t\t\t\t\t<div class=\"e-con-inner\">\n\t\t\t\t<div class=\"elementor-element elementor-element-562fa71 elementor-widget__width-inherit elementor-widget elementor-widget-heading\" data-id=\"562fa71\" data-element_type=\"widget\" data-e-type=\"widget\" data-widget_type=\"heading.default\">\n\t\t\t\t\t<h3 class=\"elementor-heading-title elementor-size-default\">ce que cet audit permet<\/h3>\t\t\t\t<\/div>\n\t\t\t\t\t<\/div>\n\t\t\t\t<\/div>\n\t\t<div class=\"elementor-element elementor-element-df10a48 e-con-full e-flex e-con e-parent\" data-id=\"df10a48\" data-element_type=\"container\" data-e-type=\"container\" data-settings=\"{&quot;background_background&quot;:&quot;classic&quot;}\">\n\t\t<div class=\"elementor-element elementor-element-7f74be1 e-con-full e-flex e-con e-child\" data-id=\"7f74be1\" data-element_type=\"container\" data-e-type=\"container\">\n\t\t\t\t<div class=\"elementor-element elementor-element-ecf643d elementor-widget elementor-widget-heading\" data-id=\"ecf643d\" data-element_type=\"widget\" data-e-type=\"widget\" data-widget_type=\"heading.default\">\n\t\t\t\t\t<h5 class=\"elementor-heading-title elementor-size-default\">01<\/h5>\t\t\t\t<\/div>\n\t\t\t\t<div class=\"elementor-element elementor-element-49da34b elementor-widget elementor-widget-heading\" data-id=\"49da34b\" data-element_type=\"widget\" data-e-type=\"widget\" data-widget_type=\"heading.default\">\n\t\t\t\t\t<h5 class=\"elementor-heading-title elementor-size-default\">Lire le potentiel r\u00e9el d'un espace<\/h5>\t\t\t\t<\/div>\n\t\t\t\t<\/div>\n\t\t<div class=\"elementor-element elementor-element-d085140 e-con-full e-flex e-con e-child\" data-id=\"d085140\" data-element_type=\"container\" data-e-type=\"container\">\n\t\t\t\t<div class=\"elementor-element elementor-element-224ad07 elementor-widget elementor-widget-heading\" data-id=\"224ad07\" data-element_type=\"widget\" data-e-type=\"widget\" data-widget_type=\"heading.default\">\n\t\t\t\t\t<h5 class=\"elementor-heading-title elementor-size-default\">02<\/h5>\t\t\t\t<\/div>\n\t\t\t\t<div class=\"elementor-element elementor-element-4d13edf elementor-widget elementor-widget-heading\" data-id=\"4d13edf\" data-element_type=\"widget\" data-e-type=\"widget\" data-widget_type=\"heading.default\">\n\t\t\t\t\t<h5 class=\"elementor-heading-title elementor-size-default\">Identifier les contraintes et opportunit\u00e9s<\/h5>\t\t\t\t<\/div>\n\t\t\t\t<\/div>\n\t\t<div class=\"elementor-element elementor-element-b6edbee e-con-full e-flex e-con e-child\" data-id=\"b6edbee\" data-element_type=\"container\" data-e-type=\"container\">\n\t\t\t\t<div class=\"elementor-element elementor-element-3a9ad20 elementor-widget elementor-widget-heading\" data-id=\"3a9ad20\" data-element_type=\"widget\" data-e-type=\"widget\" data-widget_type=\"heading.default\">\n\t\t\t\t\t<h5 class=\"elementor-heading-title elementor-size-default\">03<\/h5>\t\t\t\t<\/div>\n\t\t\t\t<div class=\"elementor-element elementor-element-f833a48 elementor-widget elementor-widget-heading\" data-id=\"f833a48\" data-element_type=\"widget\" data-e-type=\"widget\" data-widget_type=\"heading.default\">\n\t\t\t\t\t<h5 class=\"elementor-heading-title elementor-size-default\">Clarifier les usages et la circulation<\/h5>\t\t\t\t<\/div>\n\t\t\t\t<\/div>\n\t\t<div class=\"elementor-element elementor-element-f76956e e-con-full e-flex e-con e-child\" data-id=\"f76956e\" data-element_type=\"container\" data-e-type=\"container\">\n\t\t\t\t<div class=\"elementor-element elementor-element-4e245f6 elementor-widget elementor-widget-heading\" data-id=\"4e245f6\" data-element_type=\"widget\" data-e-type=\"widget\" data-widget_type=\"heading.default\">\n\t\t\t\t\t<h5 class=\"elementor-heading-title elementor-size-default\">04<\/h5>\t\t\t\t<\/div>\n\t\t\t\t<div class=\"elementor-element elementor-element-bfb23e7 elementor-widget elementor-widget-heading\" data-id=\"bfb23e7\" data-element_type=\"widget\" data-e-type=\"widget\" data-widget_type=\"heading.default\">\n\t\t\t\t\t<h5 class=\"elementor-heading-title elementor-size-default\">Poser une direction coh\u00e9rente<\/h5>\t\t\t\t<\/div>\n\t\t\t\t<\/div>\n\t\t<div class=\"elementor-element elementor-element-d83dd94 e-con-full e-flex e-con e-child\" data-id=\"d83dd94\" data-element_type=\"container\" data-e-type=\"container\">\n\t\t\t\t<div class=\"elementor-element elementor-element-d5af778 elementor-widget elementor-widget-heading\" data-id=\"d5af778\" data-element_type=\"widget\" data-e-type=\"widget\" data-widget_type=\"heading.default\">\n\t\t\t\t\t<h5 class=\"elementor-heading-title elementor-size-default\">05<\/h5>\t\t\t\t<\/div>\n\t\t\t\t<div class=\"elementor-element elementor-element-0796bfd elementor-widget elementor-widget-heading\" data-id=\"0796bfd\" data-element_type=\"widget\" data-e-type=\"widget\" data-widget_type=\"heading.default\">\n\t\t\t\t\t<h5 class=\"elementor-heading-title elementor-size-default\">Eviter les d\u00e9cisions co\u00fbteuses<\/h5>\t\t\t\t<\/div>\n\t\t\t\t<\/div>\n\t\t<div class=\"elementor-element elementor-element-72daa97 e-con-full e-flex e-con e-child\" data-id=\"72daa97\" data-element_type=\"container\" data-e-type=\"container\">\n\t\t\t\t<div class=\"elementor-element elementor-element-5ad1032 elementor-widget elementor-widget-heading\" data-id=\"5ad1032\" data-element_type=\"widget\" data-e-type=\"widget\" data-widget_type=\"heading.default\">\n\t\t\t\t\t<h5 class=\"elementor-heading-title elementor-size-default\">06<\/h5>\t\t\t\t<\/div>\n\t\t\t\t<div class=\"elementor-element elementor-element-3d8096a elementor-widget elementor-widget-heading\" data-id=\"3d8096a\" data-element_type=\"widget\" data-e-type=\"widget\" data-widget_type=\"heading.default\">\n\t\t\t\t\t<h5 class=\"elementor-heading-title elementor-size-default\">Poser les bases du projet<\/h5>\t\t\t\t<\/div>\n\t\t\t\t<\/div>\n\t\t\t\t<\/div>\n\t\t<div class=\"elementor-element elementor-element-faede71 e-flex e-con-boxed e-con e-parent\" data-id=\"faede71\" data-element_type=\"container\" data-e-type=\"container\" data-settings=\"{&quot;background_background&quot;:&quot;classic&quot;}\">\n\t\t\t\t\t<div class=\"e-con-inner\">\n\t\t<div class=\"elementor-element elementor-element-8f1e292 e-con-full e-flex e-con e-child\" data-id=\"8f1e292\" data-element_type=\"container\" data-e-type=\"container\">\n\t\t\t\t<div class=\"elementor-element elementor-element-38bb20b elementor-widget elementor-widget-heading\" data-id=\"38bb20b\" data-element_type=\"widget\" data-e-type=\"widget\" data-widget_type=\"heading.default\">\n\t\t\t\t\t<h2 class=\"elementor-heading-title elementor-size-default\">Pour quels projets ?<\/h2>\t\t\t\t<\/div>\n\t\t\t\t<div class=\"elementor-element elementor-element-7a90e5b elementor-widget elementor-widget-text-editor\" data-id=\"7a90e5b\" data-element_type=\"widget\" data-e-type=\"widget\" data-widget_type=\"text-editor.default\">\n\t\t\t\t\t\t\t\t\t<h3 data-start=\"1604\" data-end=\"1714\">L\u2019audit s\u2019adresse \u00e0 des projets n\u00e9cessitant une r\u00e9flexion globale sur l\u2019espace, ses usages et son potentiel.<\/h3><h3 data-start=\"1721\" data-end=\"1852\">Nous accompagnons principalement des espaces r\u00e9sidentiels, ainsi que des lieux destin\u00e9s \u00e0 \u00eatre transform\u00e9s, valoris\u00e9s ou exploit\u00e9s.<\/h3>\t\t\t\t\t\t\t\t<\/div>\n\t\t\t\t<div class=\"elementor-element elementor-element-1a4ff8d elementor-widget elementor-widget-text-editor\" data-id=\"1a4ff8d\" data-element_type=\"widget\" data-e-type=\"widget\" data-widget_type=\"text-editor.default\">\n\t\t\t\t\t\t\t\t\t<h3>01 &#8211; \u00a0R\u00e9sidentiel haut de gamme<\/h3><h3 data-start=\"1392\" data-end=\"1432\">02 &#8211; H\u00f4tels . Boutiques h\u00f4tels<\/h3><h3 data-start=\"1436\" data-end=\"1454\">03 &#8211; Restaurants . Boutiques . Bureaux<\/h3><h3 data-start=\"1458\" data-end=\"1482\">04 &#8211; Investissements locatifs premium<\/h3>\t\t\t\t\t\t\t\t<\/div>\n\t\t\t\t<\/div>\n\t\t<div class=\"elementor-element elementor-element-27606e0 e-con-full e-flex e-con e-child\" data-id=\"27606e0\" data-element_type=\"container\" data-e-type=\"container\">\n\t\t\t\t<div class=\"elementor-element elementor-element-345c4e5 elementor-widget__width-inherit elementor-widget elementor-widget-image\" data-id=\"345c4e5\" data-element_type=\"widget\" data-e-type=\"widget\" data-widget_type=\"image.default\">\n\t\t\t\t\t\t\t\t\t\t\t\t\t\t\t<img decoding=\"async\" width=\"768\" height=\"1024\" src=\"https:\/\/staging.matchystudio.com\/wp-content\/uploads\/2026\/03\/IMG_8083-768x1024.webp\" class=\"attachment-large size-large wp-image-677\" alt=\"\" srcset=\"https:\/\/staging.matchystudio.com\/wp-content\/uploads\/2026\/03\/IMG_8083-768x1024.webp 768w, https:\/\/staging.matchystudio.com\/wp-content\/uploads\/2026\/03\/IMG_8083-scaled-600x800.webp 600w, https:\/\/staging.matchystudio.com\/wp-content\/uploads\/2026\/03\/IMG_8083-225x300.webp 225w, https:\/\/staging.matchystudio.com\/wp-content\/uploads\/2026\/03\/IMG_8083-1152x1536.webp 1152w, https:\/\/staging.matchystudio.com\/wp-content\/uploads\/2026\/03\/IMG_8083-scaled.webp 1440w, https:\/\/staging.matchystudio.com\/wp-content\/uploads\/2026\/03\/IMG_8083-9x12.webp 9w\" sizes=\"(max-width: 768px) 100vw, 768px\" \/>\t\t\t\t\t\t\t\t\t\t\t\t\t\t\t<\/div>\n\t\t\t\t<\/div>\n\t\t\t\t\t<\/div>\n\t\t\t\t<\/div>\n\t\t<div class=\"elementor-element elementor-element-74047ab e-con-full e-flex e-con e-parent\" data-id=\"74047ab\" data-element_type=\"container\" data-e-type=\"container\">\n\t\t\t\t<div class=\"elementor-element elementor-element-ba3a2d2 elementor-widget__width-inherit elementor-widget elementor-widget-image\" data-id=\"ba3a2d2\" data-element_type=\"widget\" data-e-type=\"widget\" data-widget_type=\"image.default\">\n\t\t\t\t\t\t\t\t\t\t\t\t\t\t\t<img decoding=\"async\" src=\"https:\/\/staging.matchystudio.com\/wp-content\/uploads\/elementor\/thumbs\/image-3-2-rk0ih23zsibnj3b4wg8pvexprq7bslf98790zuctps.png\" title=\"image 3\" alt=\"image 3\" loading=\"lazy\" \/>\t\t\t\t\t\t\t\t\t\t\t\t\t\t\t<\/div>\n\t\t\t\t<\/div>\n\t\t<div class=\"elementor-element elementor-element-b6ea63e e-flex e-con-boxed e-con e-parent\" data-id=\"b6ea63e\" data-element_type=\"container\" data-e-type=\"container\">\n\t\t\t\t\t<div class=\"e-con-inner\">\n\t\t\t\t<div class=\"elementor-element elementor-element-fce9526 elementor-widget elementor-widget-heading\" data-id=\"fce9526\" data-element_type=\"widget\" data-e-type=\"widget\" data-widget_type=\"heading.default\">\n\t\t\t\t\t<h2 class=\"elementor-heading-title elementor-size-default\">chaque projet commence ici<\/h2>\t\t\t\t<\/div>\n\t\t\t\t<div class=\"elementor-element elementor-element-c5298d1 elementor-widget elementor-widget-button\" data-id=\"c5298d1\" data-element_type=\"widget\" data-e-type=\"widget\" data-widget_type=\"button.default\">\n\t\t\t\t\t\t\t\t\t\t<a class=\"elementor-button elementor-button-link elementor-size-sm\" href=\"#elementor-action%3Aaction%3Dpopup%3Aopen%26settings%3DeyJpZCI6IjgxMCIsInRvZ2dsZSI6ZmFsc2V9\">\n\t\t\t\t\t\t<span class=\"elementor-button-content-wrapper\">\n\t\t\t\t\t\t\t\t\t<span class=\"elementor-button-text\">demarrer mon audit<\/span>\n\t\t\t\t\t<\/span>\n\t\t\t\t\t<\/a>\n\t\t\t\t\t\t\t\t<\/div>\n\t\t\t\t<div class=\"elementor-element elementor-element-9a5a26a elementor-widget elementor-widget-text-editor\" data-id=\"9a5a26a\" data-element_type=\"widget\" data-e-type=\"widget\" data-widget_type=\"text-editor.default\">\n\t\t\t\t\t\t\t\t\t<p>Les cr\u00e9neaux sont volontairement limit\u00e9s chaque mois.<\/p>\t\t\t\t\t\t\t\t<\/div>\n\t\t\t\t\t<\/div>\n\t\t\t\t<\/div>\n\t\t\t\t<\/div>","protected":false},"excerpt":{"rendered":"<p>audit d&rsquo;espace Reserver mon audit La premi\u00e8re lecture d&rsquo;un lieu avant toute d\u00e9cision comprendre avant de concevoir Un projet r\u00e9ussi commence par une vision claire et une compr\u00e9hension pr\u00e9cise des enjeux de l\u2019espace. L\u2019audit permet d\u2019analyser le projet, de d\u00e9finir les priorit\u00e9s et de structurer les premi\u00e8res orientations avant d\u2019aller plus loin. Chaque collaboration d\u00e9bute [&hellip;]<\/p>\n","protected":false},"author":1,"featured_media":0,"parent":0,"menu_order":0,"comment_status":"closed","ping_status":"closed","template":"","meta":{"footnotes":""},"class_list":["post-37","page","type-page","status-publish","hentry"],"_links":{"self":[{"href":"https:\/\/staging.matchystudio.com\/en\/wp-json\/wp\/v2\/pages\/37","targetHints":{"allow":["GET"]}}],"collection":[{"href":"https:\/\/staging.matchystudio.com\/en\/wp-json\/wp\/v2\/pages"}],"about":[{"href":"https:\/\/staging.matchystudio.com\/en\/wp-json\/wp\/v2\/types\/page"}],"author":[{"embeddable":true,"href":"https:\/\/staging.matchystudio.com\/en\/wp-json\/wp\/v2\/users\/1"}],"replies":[{"embeddable":true,"href":"https:\/\/staging.matchystudio.com\/en\/wp-json\/wp\/v2\/comments?post=37"}],"version-history":[{"count":266,"href":"https:\/\/staging.matchystudio.com\/en\/wp-json\/wp\/v2\/pages\/37\/revisions"}],"predecessor-version":[{"id":3529,"href":"https:\/\/staging.matchystudio.com\/en\/wp-json\/wp\/v2\/pages\/37\/revisions\/3529"}],"wp:attachment":[{"href":"https:\/\/staging.matchystudio.com\/en\/wp-json\/wp\/v2\/media?parent=37"}],"curies":[{"name":"wp","href":"https:\/\/api.w.org\/{rel}","templated":true}]}}