{"id":35,"date":"2026-02-15T21:18:16","date_gmt":"2026-02-15T21:18:16","guid":{"rendered":"https:\/\/staging.matchystudio.com\/?page_id=35"},"modified":"2026-04-16T14:20:21","modified_gmt":"2026-04-16T14:20:21","slug":"accueil","status":"publish","type":"page","link":"https:\/\/staging.matchystudio.com\/en\/","title":{"rendered":"Accueil"},"content":{"rendered":"<div data-elementor-type=\"wp-page\" data-elementor-id=\"35\" class=\"elementor elementor-35\" data-elementor-post-type=\"page\">\n\t\t\t\t<div class=\"elementor-element elementor-element-09f7c7e e-con-full e-flex e-con e-parent\" data-id=\"09f7c7e\" data-element_type=\"container\" data-e-type=\"container\" data-settings=\"{&quot;background_background&quot;:&quot;video&quot;,&quot;background_video_link&quot;:&quot;https:\\\/\\\/staging.matchystudio.com\\\/wp-content\\\/uploads\\\/2026\\\/02\\\/matchy-1.mp4&quot;,&quot;background_play_on_mobile&quot;:&quot;yes&quot;}\">\n\t\t<div class=\"elementor-background-video-container\">\n\t\t\t\t\t\t\t<video class=\"elementor-background-video-hosted\" role=\"presentation\" autoplay muted playsinline loop><\/video>\n\t\t\t\t\t<\/div>\t\t<div class=\"elementor-element elementor-element-fe5e99a elementor-widget elementor-widget-heading\" data-id=\"fe5e99a\" data-element_type=\"widget\" data-e-type=\"widget\" data-widget_type=\"heading.default\">\n\t\t\t\t\t<h2 class=\"elementor-heading-title elementor-size-default\">architecture d'interieur a distance<\/h2>\t\t\t\t<\/div>\n\t\t\t\t<div class=\"elementor-element elementor-element-9366bf9 elementor-widget elementor-widget-text-editor\" data-id=\"9366bf9\" data-element_type=\"widget\" data-e-type=\"widget\" data-widget_type=\"text-editor.default\">\n\t\t\t\t\t\t\t\t\t<h5>\u00c9tude strat\u00e9gique, direction artistique et conception d\u2019espaces premium<\/h5>\t\t\t\t\t\t\t\t<\/div>\n\t\t<div class=\"elementor-element elementor-element-4370e88 e-con-full e-flex e-con e-child\" data-id=\"4370e88\" data-element_type=\"container\" data-e-type=\"container\">\n\t\t\t\t<div class=\"elementor-element elementor-element-74ee9bb elementor-widget elementor-widget-button\" data-id=\"74ee9bb\" data-element_type=\"widget\" data-e-type=\"widget\" data-widget_type=\"button.default\">\n\t\t\t\t\t\t\t\t\t\t<a class=\"elementor-button elementor-button-link elementor-size-sm\" href=\"#elementor-action%3Aaction%3Dpopup%3Aopen%26settings%3DeyJpZCI6IjgxMCIsInRvZ2dsZSI6ZmFsc2V9\">\n\t\t\t\t\t\t<span class=\"elementor-button-content-wrapper\">\n\t\t\t\t\t\t\t\t\t<span class=\"elementor-button-text\">reserver mon audit<\/span>\n\t\t\t\t\t<\/span>\n\t\t\t\t\t<\/a>\n\t\t\t\t\t\t\t\t<\/div>\n\t\t\t\t<div class=\"elementor-element elementor-element-637ef95 elementor-widget elementor-widget-button\" data-id=\"637ef95\" data-element_type=\"widget\" data-e-type=\"widget\" data-widget_type=\"button.default\">\n\t\t\t\t\t\t\t\t\t\t<a class=\"elementor-button elementor-button-link elementor-size-sm\" href=\"https:\/\/staging.matchystudio.com\/en\/interieurs\/\">\n\t\t\t\t\t\t<span class=\"elementor-button-content-wrapper\">\n\t\t\t\t\t\t\t\t\t<span class=\"elementor-button-text\">Voir les projets<\/span>\n\t\t\t\t\t<\/span>\n\t\t\t\t\t<\/a>\n\t\t\t\t\t\t\t\t<\/div>\n\t\t\t\t<\/div>\n\t\t\t\t<\/div>\n\t\t<div class=\"elementor-element elementor-element-298e2ff e-con-full e-flex e-con e-parent\" data-id=\"298e2ff\" data-element_type=\"container\" data-e-type=\"container\" data-settings=\"{&quot;background_background&quot;:&quot;classic&quot;}\">\n\t\t<div class=\"elementor-element elementor-element-181576a e-con-full e-flex e-con e-child\" data-id=\"181576a\" data-element_type=\"container\" data-e-type=\"container\">\n\t\t\t\t<div class=\"elementor-element elementor-element-4b86b97 elementor-widget elementor-widget-image\" data-id=\"4b86b97\" data-element_type=\"widget\" data-e-type=\"widget\" data-widget_type=\"image.default\">\n\t\t\t\t\t\t\t\t\t\t\t\t\t\t\t<img decoding=\"async\" src=\"https:\/\/staging.matchystudio.com\/wp-content\/uploads\/2026\/02\/IMG_8752-2.heic\" title=\"IMG_8752 2\" alt=\"IMG_8752 2\" loading=\"lazy\" \/>\t\t\t\t\t\t\t\t\t\t\t\t\t\t\t<\/div>\n\t\t\t\t<\/div>\n\t\t<div class=\"elementor-element elementor-element-e34b738 e-con-full e-flex e-con e-child\" data-id=\"e34b738\" data-element_type=\"container\" data-e-type=\"container\" data-settings=\"{&quot;background_background&quot;:&quot;classic&quot;}\">\n\t\t\t\t<div class=\"elementor-element elementor-element-b71eb0a elementor-widget elementor-widget-text-editor\" data-id=\"b71eb0a\" data-element_type=\"widget\" data-e-type=\"widget\" data-widget_type=\"text-editor.default\">\n\t\t\t\t\t\t\t\t\t<p>Un espace se lit avant de se concevoir.<\/p>\t\t\t\t\t\t\t\t<\/div>\n\t\t\t\t<div class=\"elementor-element elementor-element-531257b elementor-widget elementor-widget-heading\" data-id=\"531257b\" data-element_type=\"widget\" data-e-type=\"widget\" data-widget_type=\"heading.default\">\n\t\t\t\t\t<h2 class=\"elementor-heading-title elementor-size-default\">Nous concevons des espaces r\u00e9sidentiels, des projets d\u2019investissement et des lieux pens\u00e9s pour accueillir,\navec une approche architecturale exigeante, fond\u00e9e sur la structure, la composition et la pr\u00e9cision des choix.\n<\/h2>\t\t\t\t<\/div>\n\t\t\t\t<\/div>\n\t\t\t\t<\/div>\n\t\t<div class=\"elementor-element elementor-element-017fd48 e-con-full e-flex e-con e-parent\" data-id=\"017fd48\" data-element_type=\"container\" data-e-type=\"container\">\n\t\t\t\t<div class=\"elementor-element elementor-element-76b2cc8 elementor-widget__width-inherit elementor--h-position-center elementor--v-position-middle elementor-arrows-position-inside elementor-pagination-position-inside elementor-widget elementor-widget-slides\" data-id=\"76b2cc8\" data-element_type=\"widget\" data-e-type=\"widget\" data-settings=\"{&quot;navigation&quot;:&quot;both&quot;,&quot;autoplay&quot;:&quot;yes&quot;,&quot;pause_on_hover&quot;:&quot;yes&quot;,&quot;pause_on_interaction&quot;:&quot;yes&quot;,&quot;autoplay_speed&quot;:5000,&quot;infinite&quot;:&quot;yes&quot;,&quot;transition&quot;:&quot;slide&quot;,&quot;transition_speed&quot;:500}\" data-widget_type=\"slides.default\">\n\t\t\t\t\t\t\t\t\t\t<div class=\"elementor-slides-wrapper elementor-main-swiper swiper\" role=\"region\" aria-roledescription=\"carousel\" aria-label=\"Slides\" dir=\"ltr\" data-animation=\"fadeInUp\">\n\t\t\t\t<div class=\"swiper-wrapper elementor-slides\">\n\t\t\t\t\t\t\t\t\t\t<div class=\"elementor-repeater-item-c781440 swiper-slide\" role=\"group\" aria-roledescription=\"slide\"><div class=\"swiper-slide-bg\" role=\"img\" aria-label=\"Enscape_entr\u00e9e\"><\/div><a class=\"swiper-slide-inner\" href=\"https:\/\/staging.matchystudio.com\/en\/interieurs\/\"><div class=\"swiper-slide-contents\"><div class=\"elementor-slide-heading\">Decouvrez nos projets<\/div><div  class=\"elementor-button elementor-slide-button elementor-size-sm\">voir les projets<\/div><\/div><\/a><\/div><div class=\"elementor-repeater-item-01ea380 swiper-slide\" role=\"group\" aria-roledescription=\"slide\"><div class=\"swiper-slide-bg\" role=\"img\" aria-label=\"Enscape_2026-02-07-21-20-41\"><\/div><a class=\"swiper-slide-inner\" href=\"https:\/\/staging.matchystudio.com\/en\/interieurs\/\"><div class=\"swiper-slide-contents\"><div class=\"elementor-slide-heading\">Decouvrez nos projets<\/div><div  class=\"elementor-button elementor-slide-button elementor-size-sm\">voir les projets<\/div><\/div><\/a><\/div><div class=\"elementor-repeater-item-5085f3e swiper-slide\" role=\"group\" aria-roledescription=\"slide\"><div class=\"swiper-slide-bg\" role=\"img\" aria-label=\"Enscape_2026-02-07-21-31-39\"><\/div><a class=\"swiper-slide-inner\" href=\"https:\/\/staging.matchystudio.com\/en\/interieurs\/\"><div class=\"swiper-slide-contents\"><div class=\"elementor-slide-heading\">Decouvrez nos projets<\/div><div  class=\"elementor-button elementor-slide-button elementor-size-sm\">voir les projets<\/div><\/div><\/a><\/div><div class=\"elementor-repeater-item-25a46e9 swiper-slide\" role=\"group\" aria-roledescription=\"slide\"><div class=\"swiper-slide-bg\" role=\"img\" aria-label=\"Enscape_2025-12-30-13-20-26\"><\/div><a class=\"swiper-slide-inner\" href=\"https:\/\/staging.matchystudio.com\/en\/interieurs\/\"><div class=\"swiper-slide-contents\"><div class=\"elementor-slide-heading\">Decouvrez nos projets<\/div><div  class=\"elementor-button elementor-slide-button elementor-size-sm\">Voir les projets<\/div><\/div><\/a><\/div>\t\t\t\t<\/div>\n\t\t\t\t\t\t\t\t\t\t\t\t\t\t\t<div class=\"elementor-swiper-button elementor-swiper-button-prev\" role=\"button\" tabindex=\"0\" aria-label=\"Diapositive pr\u00e9c\u00e9dente\">\n\t\t\t\t\t\t\t<svg aria-hidden=\"true\" class=\"e-font-icon-svg e-eicon-chevron-left\" viewbox=\"0 0 1000 1000\" xmlns=\"http:\/\/www.w3.org\/2000\/svg\"><path d=\"M646 125C629 125 613 133 604 142L308 442C296 454 292 471 292 487 292 504 296 521 308 533L604 854C617 867 629 875 646 875 663 875 679 871 692 858 704 846 713 829 713 812 713 796 708 779 692 767L438 487 692 225C700 217 708 204 708 187 708 171 704 154 692 142 675 129 663 125 646 125Z\"><\/path><\/svg>\t\t\t\t\t\t<\/div>\n\t\t\t\t\t\t<div class=\"elementor-swiper-button elementor-swiper-button-next\" role=\"button\" tabindex=\"0\" aria-label=\"Diapositive suivante\">\n\t\t\t\t\t\t\t<svg aria-hidden=\"true\" class=\"e-font-icon-svg e-eicon-chevron-right\" viewbox=\"0 0 1000 1000\" xmlns=\"http:\/\/www.w3.org\/2000\/svg\"><path d=\"M696 533C708 521 713 504 713 487 713 471 708 454 696 446L400 146C388 133 375 125 354 125 338 125 325 129 313 142 300 154 292 171 292 187 292 204 296 221 308 233L563 492 304 771C292 783 288 800 288 817 288 833 296 850 308 863 321 871 338 875 354 875 371 875 388 867 400 854L696 533Z\"><\/path><\/svg>\t\t\t\t\t\t<\/div>\n\t\t\t\t\t\t\t\t\t\t\t\t\t\t\t\t<div class=\"swiper-pagination\"><\/div>\n\t\t\t\t\t\t\t\t\t\t\t\t<\/div>\n\t\t\t\t\t\t\t\t<\/div>\n\t\t\t\t<\/div>\n\t\t<div class=\"elementor-element elementor-element-9552a3d e-con-full e-flex e-con e-parent\" data-id=\"9552a3d\" data-element_type=\"container\" data-e-type=\"container\" data-settings=\"{&quot;background_background&quot;:&quot;classic&quot;}\">\n\t\t\t\t<div class=\"elementor-element elementor-element-fc2c6b1 elementor-widget elementor-widget-heading\" data-id=\"fc2c6b1\" data-element_type=\"widget\" data-e-type=\"widget\" data-widget_type=\"heading.default\">\n\t\t\t\t\t<h2 class=\"elementor-heading-title elementor-size-default\">chaque projet commence par un audit<\/h2>\t\t\t\t<\/div>\n\t\t\t\t<div class=\"elementor-element elementor-element-30c5e5c elementor-widget elementor-widget-text-editor\" data-id=\"30c5e5c\" data-element_type=\"widget\" data-e-type=\"widget\" data-widget_type=\"text-editor.default\">\n\t\t\t\t\t\t\t\t\t<h3 data-start=\"1840\" data-end=\"1938\"><span style=\"text-align: start; font-size: medium;\">L\u2019audit permet de cadrer le projet,<\/span> <span style=\"text-align: start; font-size: medium;\">d\u2019identifier les enjeux et de d\u00e9finir une direction claire.<\/span><\/h3><p>C\u2019est la premi\u00e8re \u00e9tape de toute collaboration.<\/p>\t\t\t\t\t\t\t\t<\/div>\n\t\t\t\t<div class=\"elementor-element elementor-element-ce54c53 elementor-align-center elementor-widget elementor-widget-button\" data-id=\"ce54c53\" data-element_type=\"widget\" data-e-type=\"widget\" data-widget_type=\"button.default\">\n\t\t\t\t\t\t\t\t\t\t<a class=\"elementor-button elementor-button-link elementor-size-sm\" href=\"#elementor-action%3Aaction%3Dpopup%3Aopen%26settings%3DeyJpZCI6IjgxMCIsInRvZ2dsZSI6ZmFsc2V9\">\n\t\t\t\t\t\t<span class=\"elementor-button-content-wrapper\">\n\t\t\t\t\t\t\t\t\t<span class=\"elementor-button-text\">demarrer mon audit<\/span>\n\t\t\t\t\t<\/span>\n\t\t\t\t\t<\/a>\n\t\t\t\t\t\t\t\t<\/div>\n\t\t\t\t<\/div>\n\t\t<div class=\"elementor-element elementor-element-cf28ab8 e-con-full e-flex e-con e-parent\" data-id=\"cf28ab8\" data-element_type=\"container\" data-e-type=\"container\">\n\t\t\t\t<div class=\"elementor-element elementor-element-952acea elementor-widget elementor-widget-heading\" data-id=\"952acea\" data-element_type=\"widget\" data-e-type=\"widget\" data-widget_type=\"heading.default\">\n\t\t\t\t\t<h3 class=\"elementor-heading-title elementor-size-default\"><a href=\"https:\/\/staging.matchystudio.com\/en\/shop\/\">Shoppez notre selection<\/a><\/h3>\t\t\t\t<\/div>\n\t\t\t\t<\/div>\n\t\t<div class=\"elementor-element elementor-element-2ee3f93 e-flex e-con-boxed e-con e-parent\" data-id=\"2ee3f93\" data-element_type=\"container\" data-e-type=\"container\">\n\t\t\t\t\t<div class=\"e-con-inner\">\n\t\t<div class=\"elementor-element elementor-element-72140f1 e-con-full e-flex e-con e-child\" data-id=\"72140f1\" data-element_type=\"container\" data-e-type=\"container\">\n\t\t\t\t<div class=\"elementor-element elementor-element-523f869 elementor-widget elementor-widget-image\" data-id=\"523f869\" data-element_type=\"widget\" data-e-type=\"widget\" data-widget_type=\"image.default\">\n\t\t\t\t\t\t\t\t\t\t\t\t\t\t\t<img fetchpriority=\"high\" decoding=\"async\" width=\"683\" height=\"1024\" src=\"https:\/\/staging.matchystudio.com\/wp-content\/uploads\/2026\/02\/T4-holloway-li-uma-design-vintage-chauffeuse-beige-cream-matchy-studio-design-location-rent-nantes-paris-3f-1-683x1024.webp\" class=\"elementor-animation-grow attachment-large size-large wp-image-301\" alt=\"\" srcset=\"https:\/\/staging.matchystudio.com\/wp-content\/uploads\/2026\/02\/T4-holloway-li-uma-design-vintage-chauffeuse-beige-cream-matchy-studio-design-location-rent-nantes-paris-3f-1-683x1024.webp 683w, https:\/\/staging.matchystudio.com\/wp-content\/uploads\/2026\/02\/T4-holloway-li-uma-design-vintage-chauffeuse-beige-cream-matchy-studio-design-location-rent-nantes-paris-3f-1-600x900.webp 600w, https:\/\/staging.matchystudio.com\/wp-content\/uploads\/2026\/02\/T4-holloway-li-uma-design-vintage-chauffeuse-beige-cream-matchy-studio-design-location-rent-nantes-paris-3f-1-200x300.webp 200w, https:\/\/staging.matchystudio.com\/wp-content\/uploads\/2026\/02\/T4-holloway-li-uma-design-vintage-chauffeuse-beige-cream-matchy-studio-design-location-rent-nantes-paris-3f-1-768x1152.webp 768w, https:\/\/staging.matchystudio.com\/wp-content\/uploads\/2026\/02\/T4-holloway-li-uma-design-vintage-chauffeuse-beige-cream-matchy-studio-design-location-rent-nantes-paris-3f-1-8x12.webp 8w, https:\/\/staging.matchystudio.com\/wp-content\/uploads\/2026\/02\/T4-holloway-li-uma-design-vintage-chauffeuse-beige-cream-matchy-studio-design-location-rent-nantes-paris-3f-1.webp 1000w\" sizes=\"(max-width: 683px) 100vw, 683px\" \/>\t\t\t\t\t\t\t\t\t\t\t\t\t\t\t<\/div>\n\t\t\t\t<div class=\"elementor-element elementor-element-9bedbf9 elementor-widget elementor-widget-heading\" data-id=\"9bedbf9\" data-element_type=\"widget\" data-e-type=\"widget\" data-widget_type=\"heading.default\">\n\t\t\t\t\t<h2 class=\"elementor-heading-title elementor-size-default\"><a href=\"https:\/\/staging.matchystudio.com\/en\/t4-cream\/\">Uma Objects X Holloway Li<\/a><\/h2>\t\t\t\t<\/div>\n\t\t\t\t<\/div>\n\t\t<div class=\"elementor-element elementor-element-a661c2b e-con-full e-flex e-con e-child\" data-id=\"a661c2b\" data-element_type=\"container\" data-e-type=\"container\">\n\t\t\t\t<div class=\"elementor-element elementor-element-1981155 elementor-widget elementor-widget-image\" data-id=\"1981155\" data-element_type=\"widget\" data-e-type=\"widget\" data-widget_type=\"image.default\">\n\t\t\t\t\t\t\t\t\t\t\t\t\t\t\t<img decoding=\"async\" width=\"683\" height=\"1024\" src=\"https:\/\/staging.matchystudio.com\/wp-content\/uploads\/2026\/02\/BANC-RAYURE-DESIGN-CABANNON-GOODMOOD-MATCHY-STUDIO-LOCATION-MOBILIER2-1-683x1024.webp\" class=\"elementor-animation-grow attachment-large size-large wp-image-303\" alt=\"\" srcset=\"https:\/\/staging.matchystudio.com\/wp-content\/uploads\/2026\/02\/BANC-RAYURE-DESIGN-CABANNON-GOODMOOD-MATCHY-STUDIO-LOCATION-MOBILIER2-1-683x1024.webp 683w, https:\/\/staging.matchystudio.com\/wp-content\/uploads\/2026\/02\/BANC-RAYURE-DESIGN-CABANNON-GOODMOOD-MATCHY-STUDIO-LOCATION-MOBILIER2-1-600x900.webp 600w, https:\/\/staging.matchystudio.com\/wp-content\/uploads\/2026\/02\/BANC-RAYURE-DESIGN-CABANNON-GOODMOOD-MATCHY-STUDIO-LOCATION-MOBILIER2-1-200x300.webp 200w, https:\/\/staging.matchystudio.com\/wp-content\/uploads\/2026\/02\/BANC-RAYURE-DESIGN-CABANNON-GOODMOOD-MATCHY-STUDIO-LOCATION-MOBILIER2-1-768x1152.webp 768w, https:\/\/staging.matchystudio.com\/wp-content\/uploads\/2026\/02\/BANC-RAYURE-DESIGN-CABANNON-GOODMOOD-MATCHY-STUDIO-LOCATION-MOBILIER2-1-8x12.webp 8w, https:\/\/staging.matchystudio.com\/wp-content\/uploads\/2026\/02\/BANC-RAYURE-DESIGN-CABANNON-GOODMOOD-MATCHY-STUDIO-LOCATION-MOBILIER2-1.webp 1000w\" sizes=\"(max-width: 683px) 100vw, 683px\" \/>\t\t\t\t\t\t\t\t\t\t\t\t\t\t\t<\/div>\n\t\t\t\t<div class=\"elementor-element elementor-element-cebe908 elementor-widget elementor-widget-heading\" data-id=\"cebe908\" data-element_type=\"widget\" data-e-type=\"widget\" data-widget_type=\"heading.default\">\n\t\t\t\t\t<h2 class=\"elementor-heading-title elementor-size-default\"><a href=\"https:\/\/staging.matchystudio.com\/en\/banc-cabannon\/\">GOODmoods editions<\/a><\/h2>\t\t\t\t<\/div>\n\t\t\t\t<\/div>\n\t\t<div class=\"elementor-element elementor-element-dc13e04 e-con-full e-flex e-con e-child\" data-id=\"dc13e04\" data-element_type=\"container\" data-e-type=\"container\">\n\t\t\t\t<div class=\"elementor-element elementor-element-e16a273 elementor-widget elementor-widget-image\" data-id=\"e16a273\" data-element_type=\"widget\" data-e-type=\"widget\" data-widget_type=\"image.default\">\n\t\t\t\t\t\t\t\t\t\t\t\t\t\t\t<img decoding=\"async\" width=\"683\" height=\"1024\" src=\"https:\/\/staging.matchystudio.com\/wp-content\/uploads\/2026\/02\/soriana-long-chair-cassina-afra-tobia-scarpa-matchy-studio-design-location-rent-paris-nantes-1-1-683x1024.webp\" class=\"elementor-animation-grow attachment-large size-large wp-image-302\" alt=\"\" srcset=\"https:\/\/staging.matchystudio.com\/wp-content\/uploads\/2026\/02\/soriana-long-chair-cassina-afra-tobia-scarpa-matchy-studio-design-location-rent-paris-nantes-1-1-683x1024.webp 683w, https:\/\/staging.matchystudio.com\/wp-content\/uploads\/2026\/02\/soriana-long-chair-cassina-afra-tobia-scarpa-matchy-studio-design-location-rent-paris-nantes-1-1-600x900.webp 600w, https:\/\/staging.matchystudio.com\/wp-content\/uploads\/2026\/02\/soriana-long-chair-cassina-afra-tobia-scarpa-matchy-studio-design-location-rent-paris-nantes-1-1-200x300.webp 200w, https:\/\/staging.matchystudio.com\/wp-content\/uploads\/2026\/02\/soriana-long-chair-cassina-afra-tobia-scarpa-matchy-studio-design-location-rent-paris-nantes-1-1-768x1152.webp 768w, https:\/\/staging.matchystudio.com\/wp-content\/uploads\/2026\/02\/soriana-long-chair-cassina-afra-tobia-scarpa-matchy-studio-design-location-rent-paris-nantes-1-1-8x12.webp 8w, https:\/\/staging.matchystudio.com\/wp-content\/uploads\/2026\/02\/soriana-long-chair-cassina-afra-tobia-scarpa-matchy-studio-design-location-rent-paris-nantes-1-1.webp 1000w\" sizes=\"(max-width: 683px) 100vw, 683px\" \/>\t\t\t\t\t\t\t\t\t\t\t\t\t\t\t<\/div>\n\t\t\t\t<div class=\"elementor-element elementor-element-2381b17 elementor-widget elementor-widget-heading\" data-id=\"2381b17\" data-element_type=\"widget\" data-e-type=\"widget\" data-widget_type=\"heading.default\">\n\t\t\t\t\t<h2 class=\"elementor-heading-title elementor-size-default\"><a href=\"https:\/\/staging.matchystudio.com\/en\/soriana\/\">cassina x afra &amp; Tobia scarpa<\/a><\/h2>\t\t\t\t<\/div>\n\t\t\t\t<\/div>\n\t\t<div class=\"elementor-element elementor-element-82a0d49 e-con-full e-flex e-con e-child\" data-id=\"82a0d49\" data-element_type=\"container\" data-e-type=\"container\">\n\t\t\t\t<div class=\"elementor-element elementor-element-fd4f46b elementor-widget elementor-widget-image\" data-id=\"fd4f46b\" data-element_type=\"widget\" data-e-type=\"widget\" data-widget_type=\"image.default\">\n\t\t\t\t\t\t\t\t\t\t\t\t\t\t\t<img loading=\"lazy\" decoding=\"async\" width=\"683\" height=\"1024\" src=\"https:\/\/staging.matchystudio.com\/wp-content\/uploads\/2026\/02\/Matchy-Studio-Delphine-Saliou-27-1-683x1024.webp\" class=\"elementor-animation-grow attachment-large size-large wp-image-304\" alt=\"\" srcset=\"https:\/\/staging.matchystudio.com\/wp-content\/uploads\/2026\/02\/Matchy-Studio-Delphine-Saliou-27-1-683x1024.webp 683w, https:\/\/staging.matchystudio.com\/wp-content\/uploads\/2026\/02\/Matchy-Studio-Delphine-Saliou-27-1-600x900.webp 600w, https:\/\/staging.matchystudio.com\/wp-content\/uploads\/2026\/02\/Matchy-Studio-Delphine-Saliou-27-1-200x300.webp 200w, https:\/\/staging.matchystudio.com\/wp-content\/uploads\/2026\/02\/Matchy-Studio-Delphine-Saliou-27-1-768x1152.webp 768w, https:\/\/staging.matchystudio.com\/wp-content\/uploads\/2026\/02\/Matchy-Studio-Delphine-Saliou-27-1-8x12.webp 8w, https:\/\/staging.matchystudio.com\/wp-content\/uploads\/2026\/02\/Matchy-Studio-Delphine-Saliou-27-1.webp 1000w\" sizes=\"(max-width: 683px) 100vw, 683px\" \/>\t\t\t\t\t\t\t\t\t\t\t\t\t\t\t<\/div>\n\t\t\t\t<div class=\"elementor-element elementor-element-76bfd0e elementor-widget elementor-widget-heading\" data-id=\"76bfd0e\" data-element_type=\"widget\" data-e-type=\"widget\" data-widget_type=\"heading.default\">\n\t\t\t\t\t<h2 class=\"elementor-heading-title elementor-size-default\"><a href=\"https:\/\/staging.matchystudio.com\/en\/roly-poly-jaune-2\/\">rudy guenaire<\/a><\/h2>\t\t\t\t<\/div>\n\t\t\t\t<\/div>\n\t\t\t\t\t<\/div>\n\t\t\t\t<\/div>\n\t\t<div class=\"elementor-element elementor-element-d7f8a63 e-flex e-con-boxed e-con e-parent\" data-id=\"d7f8a63\" data-element_type=\"container\" data-e-type=\"container\">\n\t\t\t\t\t<div class=\"e-con-inner\">\n\t\t<div class=\"elementor-element elementor-element-bcaeb43 e-con-full e-flex e-con e-child\" data-id=\"bcaeb43\" data-element_type=\"container\" data-e-type=\"container\">\n\t\t\t\t<div class=\"elementor-element elementor-element-550c0d6 elementor-widget elementor-widget-image\" data-id=\"550c0d6\" data-element_type=\"widget\" data-e-type=\"widget\" data-widget_type=\"image.default\">\n\t\t\t\t\t\t\t\t\t\t\t\t\t\t\t<img loading=\"lazy\" decoding=\"async\" width=\"800\" height=\"800\" src=\"https:\/\/staging.matchystudio.com\/wp-content\/uploads\/2026\/04\/1727433764806.webp\" class=\"attachment-full size-full wp-image-2964\" alt=\"\" srcset=\"https:\/\/staging.matchystudio.com\/wp-content\/uploads\/2026\/04\/1727433764806.webp 800w, https:\/\/staging.matchystudio.com\/wp-content\/uploads\/2026\/04\/1727433764806-300x300.webp 300w, https:\/\/staging.matchystudio.com\/wp-content\/uploads\/2026\/04\/1727433764806-100x100.webp 100w, https:\/\/staging.matchystudio.com\/wp-content\/uploads\/2026\/04\/1727433764806-600x600.webp 600w, https:\/\/staging.matchystudio.com\/wp-content\/uploads\/2026\/04\/1727433764806-150x150.webp 150w, https:\/\/staging.matchystudio.com\/wp-content\/uploads\/2026\/04\/1727433764806-768x768.webp 768w, https:\/\/staging.matchystudio.com\/wp-content\/uploads\/2026\/04\/1727433764806-12x12.webp 12w, https:\/\/staging.matchystudio.com\/wp-content\/uploads\/2026\/04\/elementor\/thumbs\/1727433764806-rlt2iczgkzro79hwlwu84qbtmk4fi3rpohazp84y8o.webp 700w\" sizes=\"(max-width: 800px) 100vw, 800px\" \/>\t\t\t\t\t\t\t\t\t\t\t\t\t\t\t<\/div>\n\t\t\t\t<div class=\"elementor-element elementor-element-d7bedcc elementor-widget elementor-widget-heading\" data-id=\"d7bedcc\" data-element_type=\"widget\" data-e-type=\"widget\" data-widget_type=\"heading.default\">\n\t\t\t\t\t<h2 class=\"elementor-heading-title elementor-size-default\"><a href=\"https:\/\/thematchyjournal.substack.com\">NEWSLETTER<\/a><\/h2>\t\t\t\t<\/div>\n\t\t\t\t<\/div>\n\t\t<div class=\"elementor-element elementor-element-968db75 e-con-full e-flex e-con e-child\" data-id=\"968db75\" data-element_type=\"container\" data-e-type=\"container\">\n\t\t\t\t<div class=\"elementor-element elementor-element-6714ebb elementor-widget elementor-widget-image\" data-id=\"6714ebb\" data-element_type=\"widget\" data-e-type=\"widget\" data-widget_type=\"image.default\">\n\t\t\t\t\t\t\t\t\t\t\t\t\t\t\t<img decoding=\"async\" src=\"https:\/\/staging.matchystudio.com\/wp-content\/uploads\/elementor\/thumbs\/14EECD38-58B2-4336-83EB-937BC52FB62E-rju88jz2d4ceqeed3e9qym14tptf5ama4qtabelo8w.webp\" title=\"14EECD38-58B2-4336-83EB-937BC52FB62E\" alt=\"14EECD38-58B2-4336-83EB-937BC52FB62E\" loading=\"lazy\" \/>\t\t\t\t\t\t\t\t\t\t\t\t\t\t\t<\/div>\n\t\t\t\t<div class=\"elementor-element elementor-element-7bb71a6 elementor-widget elementor-widget-heading\" data-id=\"7bb71a6\" data-element_type=\"widget\" data-e-type=\"widget\" data-widget_type=\"heading.default\">\n\t\t\t\t\t<h2 class=\"elementor-heading-title elementor-size-default\"><a href=\"https:\/\/staging.matchystudio.com\/en\/le-studio\/\">LE STUDIO<\/a><\/h2>\t\t\t\t<\/div>\n\t\t\t\t<\/div>\n\t\t\t\t\t<\/div>\n\t\t\t\t<\/div>\n\t\t\t\t<\/div>","protected":false},"excerpt":{"rendered":"<p>architecture d&rsquo;interieur a distance \u00c9tude strat\u00e9gique, direction artistique et conception d\u2019espaces premium reserver mon audit Voir les projets Un espace se lit avant de se concevoir. Nous concevons des espaces r\u00e9sidentiels, des projets d\u2019investissement et des lieux pens\u00e9s pour accueillir, avec une approche architecturale exigeante, fond\u00e9e sur la structure, la composition et la pr\u00e9cision des [&hellip;]<\/p>\n","protected":false},"author":1,"featured_media":0,"parent":0,"menu_order":0,"comment_status":"closed","ping_status":"closed","template":"elementor_header_footer","meta":{"footnotes":""},"class_list":["post-35","page","type-page","status-publish","hentry"],"_links":{"self":[{"href":"https:\/\/staging.matchystudio.com\/en\/wp-json\/wp\/v2\/pages\/35","targetHints":{"allow":["GET"]}}],"collection":[{"href":"https:\/\/staging.matchystudio.com\/en\/wp-json\/wp\/v2\/pages"}],"about":[{"href":"https:\/\/staging.matchystudio.com\/en\/wp-json\/wp\/v2\/types\/page"}],"author":[{"embeddable":true,"href":"https:\/\/staging.matchystudio.com\/en\/wp-json\/wp\/v2\/users\/1"}],"replies":[{"embeddable":true,"href":"https:\/\/staging.matchystudio.com\/en\/wp-json\/wp\/v2\/comments?post=35"}],"version-history":[{"count":487,"href":"https:\/\/staging.matchystudio.com\/en\/wp-json\/wp\/v2\/pages\/35\/revisions"}],"predecessor-version":[{"id":3046,"href":"https:\/\/staging.matchystudio.com\/en\/wp-json\/wp\/v2\/pages\/35\/revisions\/3046"}],"wp:attachment":[{"href":"https:\/\/staging.matchystudio.com\/en\/wp-json\/wp\/v2\/media?parent=35"}],"curies":[{"name":"wp","href":"https:\/\/api.w.org\/{rel}","templated":true}]}}