{"id":3,"date":"2026-02-15T15:54:41","date_gmt":"2026-02-15T15:54:41","guid":{"rendered":"http:\/\/staging.matchystudio.com\/?page_id=3"},"modified":"2026-02-28T21:17:11","modified_gmt":"2026-02-28T21:17:11","slug":"privacy-policy","status":"publish","type":"page","link":"https:\/\/staging.matchystudio.com\/en\/privacy-policy\/","title":{"rendered":"Politique de confidentialit\u00e9"},"content":{"rendered":"\t\t<div data-elementor-type=\"wp-page\" data-elementor-id=\"3\" class=\"elementor elementor-3\" data-elementor-post-type=\"page\">\n\t\t\t\t<div class=\"elementor-element elementor-element-3905ebd2 e-flex e-con-boxed e-con e-parent\" data-id=\"3905ebd2\" data-element_type=\"container\" data-e-type=\"container\">\n\t\t\t\t\t<div class=\"e-con-inner\">\n\t\t\t\t<div class=\"elementor-element elementor-element-3591ada6 elementor-widget elementor-widget-text-editor\" data-id=\"3591ada6\" data-element_type=\"widget\" data-e-type=\"widget\" data-widget_type=\"text-editor.default\">\n\t\t\t\t\t\t\t\t\t\n<h2 class=\"wp-block-heading\">Renseignements personnels<\/h2>\n\n<p>Notre site [MSW_SITE] peut collecter les renseignements suivants :<\/p>\n<ul>\n<li>Nom<\/li>\n<li>Pr\u00e9nom<\/li>\n<li>Adresse \u00e9lectronique<\/li>\n<li>Num\u00e9ro de t\u00e9l\u00e9phone<\/li>\n<li>Adresse de facturation et livraison<\/li>\n<\/ul>\n<p>Les renseignements personnels que nous collectons sont recueillis au travers de formulaires et gr\u00e2ce \u00e0 l\u2019interactivit\u00e9 \u00e9tablie entre vous et notre site. Nous utilisons \u00e9galement, comme indiqu\u00e9 dans la\u00a0section d\u00e9di\u00e9e, des cookies pour r\u00e9unir des informations vous concernant. Nous utilisons ces cookies pour am\u00e9liorer l\u2019exp\u00e9rience de visite de notre site.<\/p>\n\n<h2 class=\"wp-block-heading\">Stockage de vos donn\u00e9es<\/h2>\n\n<p>Si vous laissez un commentaire, le commentaire et ses m\u00e9tadonn\u00e9es sont conserv\u00e9s ind\u00e9finiment. Cela permet de reconna\u00eetre et approuver automatiquement les commentaires suivants au lieu de les laisser dans la file de mod\u00e9ration.<\/p>\n<p>Pour les utilisateurs et utilisatrices qui s\u2019enregistrent sur notre site, nous stockons \u00e9galement les donn\u00e9es personnelles indiqu\u00e9es dans leur profil. Tous les utilisateurs et utilisatrices peuvent voir, modifier ou supprimer leurs informations personnelles \u00e0 tout moment (\u00e0 l\u2019exception de leur nom d\u2019utilisateur\u00b7ice). Les gestionnaires du site peuvent aussi voir et modifier ces informations (\u00e0 l\u2019exception du mot de passe qui est, pour des raisons de s\u00e9curit\u00e9, crypt\u00e9).<\/p>\n<p>.<\/p>\n\n<h2 class=\"wp-block-heading\">Formulaires et interactivit\u00e9 :\u00a0<\/h2>\n\n<p>Vos renseignements personnels sont collect\u00e9s par le biais de formulaires, \u00e0 savoir :<\/p>\n<ul>\n<li>Formulaire de contact<\/li>\n<li>Formulaire d&rsquo;inscription au site<\/li>\n<li>Formulaire d\u2019inscription \u00e0 la newsletter<\/li>\n<li>Formulaire de prise de rendez-vous<\/li>\n<li>Formulaire de commande<\/li>\n<\/ul>\n<p>Nous utilisons les renseignements ainsi collect\u00e9s pour les finalit\u00e9s suivantes :<\/p>\n<ul>\n<li>Traitement de la relation commerciale lors des \u00e9changes via notre formulaire de contact<\/li>\n<li>Traitement des envois de la newsletter<\/li>\n<li>Statistiques de visite<\/li>\n<\/ul>\n<p>Nous sommes susceptibles d\u2019utiliser les renseignements collect\u00e9s dans le cadre d\u2019information ou d\u2019offres promotionnelles par le biais de Newsletter.<\/p>\n<p>.<\/p>\n\n<h2 class=\"wp-block-heading\">Cookies<\/h2>\n\n<p>Nous recueillons certaines informations par le biais de fichiers t\u00e9moins (cookies). Il s\u2019agit principalement des informations suivantes :<\/p>\n<ul>\n<li>Adresse IP<\/li>\n<li>Syst\u00e8me d\u2019exploitation<\/li>\n<li>Pages visit\u00e9es et requ\u00eates<\/li>\n<li>Heure et jour de connexion<\/li>\n<\/ul>\n<p>Le recours \u00e0 de tels fichiers nous permet d\u2019en savoir plus sur les statistiques de visite de notre site, mais cela nous permet surtout de pouvoir am\u00e9liorer le service et proposer un accueil personnalis\u00e9 \u00e0 l\u2019utilisateur en fonction de ses informations (Exemple : affichage personnalis\u00e9 pour les tablettes et les mobiles).<\/p>\n<p>.<\/p>\n\n<h2 class=\"wp-block-heading\">Droits d&rsquo;opposition et de retrait<\/h2>\n\n<p>Nous nous engageons \u00e0 vous offrir un droit d\u2019opposition et de retrait quant \u00e0 vos renseignements personnels.<br \/>Le droit d\u2019opposition s\u2019entend comme \u00e9tant la possibilit\u00e9 offerte aux internautes de refuser que leurs renseignements personnels soient utilis\u00e9es \u00e0 certaines fins mentionn\u00e9es lors de la collecte.<\/p>\n<p>Le droit de retrait s\u2019entend comme \u00e9tant la possibilit\u00e9 offerte aux internautes de demander \u00e0 ce que leurs renseignements personnels ne figurent plus, par exemple, dans une liste de diffusion d\u2019emails promotionnels.<\/p>\n<p>Pour pouvoir exercer ces droits, vous pouvez nous contacter en utilisant les coordonn\u00e9es suivantes :<\/p>\n<ul>\n<li>Par courrier \u00e0 l\u2019adresse : [MSW_NOM], [MSW_ADRESSE]<\/li>\n<li>Par E-mail \u00e0 l\u2019adresse : [MSW_MAIL]<\/li>\n<\/ul>\n<p>Vous pouvez vous d\u00e9sinscrire \u00e0 tout moment de notre newsletter. Pour cela, vous pouvez envoyer un mail avec votre demande \u00e0 l\u2019adresse [MSW_MAIL] ou alors cliquer sur le lien \u201cse d\u00e9sinscrire\u201d pr\u00e9sent au bas de chaque newsletter que vous recevrez.<\/p>\n<p>.<\/p>\n\n<h2 class=\"wp-block-heading\">Droit d&rsquo;acc\u00e8s<\/h2>\n\n<p>Nous nous engageons \u00e0 reconna\u00eetre un droit d\u2019acc\u00e8s et de rectification aux personnes concern\u00e9es d\u00e9sireuses de consulter, modifier, voire radier les informations les concernant.<\/p>\n<p>Pour pouvoir exercer ces droits, vous pouvez nous contacter en utilisant les coordonn\u00e9es suivantes :<\/p>\n<ul>\n<li>Par courrier \u00e0 l\u2019adresse : [MSW_NOM], [MSW_ADRESSE]<\/li>\n<\/ul>\n<p>\u2022\u2022Par E-mail \u00e0 l\u2019adresse : [MSW_MAIL]<\/p>\n\n<h2 class=\"wp-block-heading\">S\u00e9curit\u00e9<\/h2>\n\n<p>Les renseignements personnels que nous collectons sont conserv\u00e9s dans un environnement s\u00e9curis\u00e9. Nous sommes tenus de respecter la confidentialit\u00e9 de vos informations.<br \/>Pour assurer la s\u00e9curit\u00e9 de vos renseignements personnels, nous avons recours aux mesures suivantes :<\/p>\n<ul>\n<li>Protocole SSL (Secure Sockets Layer)<\/li>\n<li>Logiciel de surveillance du r\u00e9seau<\/li>\n<li>Sauvegarde informatique<\/li>\n<li>D\u00e9veloppement de certificat num\u00e9rique<\/li>\n<li>Pare-feu (Firewalls)<\/li>\n<\/ul>\n<p>Nous nous engageons \u00e0 maintenir un haut degr\u00e9 de confidentialit\u00e9 en int\u00e9grant les derni\u00e8res innovations technologiques permettant d\u2019assurer la confidentialit\u00e9 de vos informations. Toutefois, comme aucun m\u00e9canisme n\u2019offre une s\u00e9curit\u00e9 maximale, une part de risque est toujours pr\u00e9sente lorsque l\u2019on utilise Internet pour transmettre des renseignements personnels.<\/p>\n\n<h2 class=\"wp-block-heading\">L\u00e9gislation<\/h2>\n\n<p>Nous nous engageons \u00e0 respecter les dispositions l\u00e9gislatives \u00e9nonc\u00e9es dans le\u00a0<b>R\u00e8glement G\u00e9n\u00e9ral sur la Protection des Donn\u00e9es (RGPD).<\/b><\/p>\n\t\t\t\t\t\t\t\t<\/div>\n\t\t\t\t\t<\/div>\n\t\t\t\t<\/div>\n\t\t\t\t<\/div>\n\t\t","protected":false},"excerpt":{"rendered":"<p>Renseignements personnels Notre site [MSW_SITE] peut collecter les renseignements suivants : Nom Pr\u00e9nom Adresse \u00e9lectronique Num\u00e9ro de t\u00e9l\u00e9phone Adresse de facturation et livraison Les renseignements personnels que nous collectons sont recueillis au travers de formulaires et gr\u00e2ce \u00e0 l\u2019interactivit\u00e9 \u00e9tablie entre vous et notre site. Nous utilisons \u00e9galement, comme indiqu\u00e9 dans la\u00a0section d\u00e9di\u00e9e, des cookies [&hellip;]<\/p>\n","protected":false},"author":1,"featured_media":0,"parent":0,"menu_order":0,"comment_status":"closed","ping_status":"open","template":"","meta":{"footnotes":""},"class_list":["post-3","page","type-page","status-publish","hentry"],"_links":{"self":[{"href":"https:\/\/staging.matchystudio.com\/en\/wp-json\/wp\/v2\/pages\/3","targetHints":{"allow":["GET"]}}],"collection":[{"href":"https:\/\/staging.matchystudio.com\/en\/wp-json\/wp\/v2\/pages"}],"about":[{"href":"https:\/\/staging.matchystudio.com\/en\/wp-json\/wp\/v2\/types\/page"}],"author":[{"embeddable":true,"href":"https:\/\/staging.matchystudio.com\/en\/wp-json\/wp\/v2\/users\/1"}],"replies":[{"embeddable":true,"href":"https:\/\/staging.matchystudio.com\/en\/wp-json\/wp\/v2\/comments?post=3"}],"version-history":[{"count":7,"href":"https:\/\/staging.matchystudio.com\/en\/wp-json\/wp\/v2\/pages\/3\/revisions"}],"predecessor-version":[{"id":546,"href":"https:\/\/staging.matchystudio.com\/en\/wp-json\/wp\/v2\/pages\/3\/revisions\/546"}],"wp:attachment":[{"href":"https:\/\/staging.matchystudio.com\/en\/wp-json\/wp\/v2\/media?parent=3"}],"curies":[{"name":"wp","href":"https:\/\/api.w.org\/{rel}","templated":true}]}}