{"id":1834,"date":"2026-03-06T15:49:24","date_gmt":"2026-03-06T15:49:24","guid":{"rendered":"https:\/\/staging.matchystudio.com\/?page_id=1834"},"modified":"2026-04-16T14:48:36","modified_gmt":"2026-04-16T14:48:36","slug":"banc-cabannon","status":"publish","type":"page","link":"https:\/\/staging.matchystudio.com\/en\/banc-cabannon\/","title":{"rendered":"Banc Cabannon"},"content":{"rendered":"\t\t<div data-elementor-type=\"wp-page\" data-elementor-id=\"1834\" class=\"elementor elementor-1834\" data-elementor-post-type=\"page\">\n\t\t\t\t<div class=\"elementor-element elementor-element-b2e6251 e-flex e-con-boxed e-con e-parent\" data-id=\"b2e6251\" data-element_type=\"container\" data-e-type=\"container\">\n\t\t\t\t\t<div class=\"e-con-inner\">\n\t\t<div class=\"elementor-element elementor-element-c7c8460 e-con-full e-flex e-con e-child\" data-id=\"c7c8460\" data-element_type=\"container\" data-e-type=\"container\">\n\t\t\t\t<div class=\"elementor-element elementor-element-ec355dc elementor-widget elementor-widget-image-gallery\" data-id=\"ec355dc\" data-element_type=\"widget\" data-e-type=\"widget\" data-widget_type=\"image-gallery.default\">\n\t\t\t\t\t\t\t<div class=\"elementor-image-gallery\">\n\t\t\t<div id='gallery-1' class='gallery galleryid-1834 gallery-columns-1 gallery-size-large'><figure class='gallery-item'>\n\t\t\t<div class='gallery-icon portrait'>\n\t\t\t\t<a data-elementor-open-lightbox=\"yes\" data-elementor-lightbox-slideshow=\"ec355dc\" data-elementor-lightbox-title=\"BANC-RAYURE-DESIGN-CABANNON-GOODMOOD-MATCHY-STUDIO-LOCATION-MOBILIER2\" data-e-action-hash=\"#elementor-action%3Aaction%3Dlightbox%26settings%3DeyJpZCI6MTQ4MiwidXJsIjoiaHR0cHM6XC9cL3N0YWdpbmcubWF0Y2h5c3R1ZGlvLmNvbVwvd3AtY29udGVudFwvdXBsb2Fkc1wvMjAyNlwvMDNcL0JBTkMtUkFZVVJFLURFU0lHTi1DQUJBTk5PTi1HT09ETU9PRC1NQVRDSFktU1RVRElPLUxPQ0FUSU9OLU1PQklMSUVSMi0xLmpwZyIsInNsaWRlc2hvdyI6ImVjMzU1ZGMifQ%3D%3D\" href='https:\/\/staging.matchystudio.com\/wp-content\/uploads\/2026\/03\/BANC-RAYURE-DESIGN-CABANNON-GOODMOOD-MATCHY-STUDIO-LOCATION-MOBILIER2-1.jpg'><img fetchpriority=\"high\" decoding=\"async\" width=\"683\" height=\"1024\" src=\"https:\/\/staging.matchystudio.com\/wp-content\/uploads\/2026\/03\/BANC-RAYURE-DESIGN-CABANNON-GOODMOOD-MATCHY-STUDIO-LOCATION-MOBILIER2-1-683x1024.jpg\" class=\"attachment-large size-large\" alt=\"\" srcset=\"https:\/\/staging.matchystudio.com\/wp-content\/uploads\/2026\/03\/BANC-RAYURE-DESIGN-CABANNON-GOODMOOD-MATCHY-STUDIO-LOCATION-MOBILIER2-1-683x1024.jpg 683w, https:\/\/staging.matchystudio.com\/wp-content\/uploads\/2026\/03\/BANC-RAYURE-DESIGN-CABANNON-GOODMOOD-MATCHY-STUDIO-LOCATION-MOBILIER2-1-600x900.jpg 600w, https:\/\/staging.matchystudio.com\/wp-content\/uploads\/2026\/03\/BANC-RAYURE-DESIGN-CABANNON-GOODMOOD-MATCHY-STUDIO-LOCATION-MOBILIER2-1-200x300.jpg 200w, https:\/\/staging.matchystudio.com\/wp-content\/uploads\/2026\/03\/BANC-RAYURE-DESIGN-CABANNON-GOODMOOD-MATCHY-STUDIO-LOCATION-MOBILIER2-1-768x1152.jpg 768w, https:\/\/staging.matchystudio.com\/wp-content\/uploads\/2026\/03\/BANC-RAYURE-DESIGN-CABANNON-GOODMOOD-MATCHY-STUDIO-LOCATION-MOBILIER2-1-8x12.jpg 8w, https:\/\/staging.matchystudio.com\/wp-content\/uploads\/2026\/03\/BANC-RAYURE-DESIGN-CABANNON-GOODMOOD-MATCHY-STUDIO-LOCATION-MOBILIER2-1.jpg 1000w\" sizes=\"(max-width: 683px) 100vw, 683px\" \/><\/a>\n\t\t\t<\/div><\/figure><figure class='gallery-item'>\n\t\t\t<div class='gallery-icon portrait'>\n\t\t\t\t<a data-elementor-open-lightbox=\"yes\" data-elementor-lightbox-slideshow=\"ec355dc\" data-elementor-lightbox-title=\"BANC-RAYURE-DESIGN-CABANNON-GOODMOOD-MATCHY-STUDIO-LOCATION-MOBILIER1\" data-e-action-hash=\"#elementor-action%3Aaction%3Dlightbox%26settings%3DeyJpZCI6MTQ4MSwidXJsIjoiaHR0cHM6XC9cL3N0YWdpbmcubWF0Y2h5c3R1ZGlvLmNvbVwvd3AtY29udGVudFwvdXBsb2Fkc1wvMjAyNlwvMDNcL0JBTkMtUkFZVVJFLURFU0lHTi1DQUJBTk5PTi1HT09ETU9PRC1NQVRDSFktU1RVRElPLUxPQ0FUSU9OLU1PQklMSUVSMS0xLndlYnAiLCJzbGlkZXNob3ciOiJlYzM1NWRjIn0%3D\" href='https:\/\/staging.matchystudio.com\/wp-content\/uploads\/2026\/03\/BANC-RAYURE-DESIGN-CABANNON-GOODMOOD-MATCHY-STUDIO-LOCATION-MOBILIER1-1.webp'><img decoding=\"async\" width=\"683\" height=\"1024\" src=\"https:\/\/staging.matchystudio.com\/wp-content\/uploads\/2026\/03\/BANC-RAYURE-DESIGN-CABANNON-GOODMOOD-MATCHY-STUDIO-LOCATION-MOBILIER1-1-683x1024.webp\" class=\"attachment-large size-large\" alt=\"\" srcset=\"https:\/\/staging.matchystudio.com\/wp-content\/uploads\/2026\/03\/BANC-RAYURE-DESIGN-CABANNON-GOODMOOD-MATCHY-STUDIO-LOCATION-MOBILIER1-1-683x1024.webp 683w, https:\/\/staging.matchystudio.com\/wp-content\/uploads\/2026\/03\/BANC-RAYURE-DESIGN-CABANNON-GOODMOOD-MATCHY-STUDIO-LOCATION-MOBILIER1-1-600x900.webp 600w, https:\/\/staging.matchystudio.com\/wp-content\/uploads\/2026\/03\/BANC-RAYURE-DESIGN-CABANNON-GOODMOOD-MATCHY-STUDIO-LOCATION-MOBILIER1-1-200x300.webp 200w, https:\/\/staging.matchystudio.com\/wp-content\/uploads\/2026\/03\/BANC-RAYURE-DESIGN-CABANNON-GOODMOOD-MATCHY-STUDIO-LOCATION-MOBILIER1-1-768x1152.webp 768w, https:\/\/staging.matchystudio.com\/wp-content\/uploads\/2026\/03\/BANC-RAYURE-DESIGN-CABANNON-GOODMOOD-MATCHY-STUDIO-LOCATION-MOBILIER1-1-8x12.webp 8w, https:\/\/staging.matchystudio.com\/wp-content\/uploads\/2026\/03\/BANC-RAYURE-DESIGN-CABANNON-GOODMOOD-MATCHY-STUDIO-LOCATION-MOBILIER1-1.webp 1000w\" sizes=\"(max-width: 683px) 100vw, 683px\" \/><\/a>\n\t\t\t<\/div><\/figure><figure class='gallery-item'>\n\t\t\t<div class='gallery-icon portrait'>\n\t\t\t\t<a data-elementor-open-lightbox=\"yes\" data-elementor-lightbox-slideshow=\"ec355dc\" data-elementor-lightbox-title=\"BANC-RAYURE-DESIGN-CABANNON-GOODMOOD-MATCHY-STUDIO-LOCATION-MOBILIER3\" data-e-action-hash=\"#elementor-action%3Aaction%3Dlightbox%26settings%3DeyJpZCI6MTQ4MywidXJsIjoiaHR0cHM6XC9cL3N0YWdpbmcubWF0Y2h5c3R1ZGlvLmNvbVwvd3AtY29udGVudFwvdXBsb2Fkc1wvMjAyNlwvMDNcL0JBTkMtUkFZVVJFLURFU0lHTi1DQUJBTk5PTi1HT09ETU9PRC1NQVRDSFktU1RVRElPLUxPQ0FUSU9OLU1PQklMSUVSMy0xLndlYnAiLCJzbGlkZXNob3ciOiJlYzM1NWRjIn0%3D\" href='https:\/\/staging.matchystudio.com\/wp-content\/uploads\/2026\/03\/BANC-RAYURE-DESIGN-CABANNON-GOODMOOD-MATCHY-STUDIO-LOCATION-MOBILIER3-1.webp'><img decoding=\"async\" width=\"683\" height=\"1024\" src=\"https:\/\/staging.matchystudio.com\/wp-content\/uploads\/2026\/03\/BANC-RAYURE-DESIGN-CABANNON-GOODMOOD-MATCHY-STUDIO-LOCATION-MOBILIER3-1-683x1024.webp\" class=\"attachment-large size-large\" alt=\"\" srcset=\"https:\/\/staging.matchystudio.com\/wp-content\/uploads\/2026\/03\/BANC-RAYURE-DESIGN-CABANNON-GOODMOOD-MATCHY-STUDIO-LOCATION-MOBILIER3-1-683x1024.webp 683w, https:\/\/staging.matchystudio.com\/wp-content\/uploads\/2026\/03\/BANC-RAYURE-DESIGN-CABANNON-GOODMOOD-MATCHY-STUDIO-LOCATION-MOBILIER3-1-600x900.webp 600w, https:\/\/staging.matchystudio.com\/wp-content\/uploads\/2026\/03\/BANC-RAYURE-DESIGN-CABANNON-GOODMOOD-MATCHY-STUDIO-LOCATION-MOBILIER3-1-200x300.webp 200w, https:\/\/staging.matchystudio.com\/wp-content\/uploads\/2026\/03\/BANC-RAYURE-DESIGN-CABANNON-GOODMOOD-MATCHY-STUDIO-LOCATION-MOBILIER3-1-768x1152.webp 768w, https:\/\/staging.matchystudio.com\/wp-content\/uploads\/2026\/03\/BANC-RAYURE-DESIGN-CABANNON-GOODMOOD-MATCHY-STUDIO-LOCATION-MOBILIER3-1-8x12.webp 8w, https:\/\/staging.matchystudio.com\/wp-content\/uploads\/2026\/03\/BANC-RAYURE-DESIGN-CABANNON-GOODMOOD-MATCHY-STUDIO-LOCATION-MOBILIER3-1.webp 1000w\" sizes=\"(max-width: 683px) 100vw, 683px\" \/><\/a>\n\t\t\t<\/div><\/figure><figure class='gallery-item'>\n\t\t\t<div class='gallery-icon portrait'>\n\t\t\t\t<a data-elementor-open-lightbox=\"yes\" data-elementor-lightbox-slideshow=\"ec355dc\" data-elementor-lightbox-title=\"BANC-RAYURE-DESIGN-CABANNON-GOODMOOD-MATCHY-STUDIO-LOCATION-MOBILIER4\" data-e-action-hash=\"#elementor-action%3Aaction%3Dlightbox%26settings%3DeyJpZCI6MTQ4NCwidXJsIjoiaHR0cHM6XC9cL3N0YWdpbmcubWF0Y2h5c3R1ZGlvLmNvbVwvd3AtY29udGVudFwvdXBsb2Fkc1wvMjAyNlwvMDNcL0JBTkMtUkFZVVJFLURFU0lHTi1DQUJBTk5PTi1HT09ETU9PRC1NQVRDSFktU1RVRElPLUxPQ0FUSU9OLU1PQklMSUVSNC0xLndlYnAiLCJzbGlkZXNob3ciOiJlYzM1NWRjIn0%3D\" href='https:\/\/staging.matchystudio.com\/wp-content\/uploads\/2026\/03\/BANC-RAYURE-DESIGN-CABANNON-GOODMOOD-MATCHY-STUDIO-LOCATION-MOBILIER4-1.webp'><img loading=\"lazy\" decoding=\"async\" width=\"683\" height=\"1024\" src=\"https:\/\/staging.matchystudio.com\/wp-content\/uploads\/2026\/03\/BANC-RAYURE-DESIGN-CABANNON-GOODMOOD-MATCHY-STUDIO-LOCATION-MOBILIER4-1-683x1024.jpg\" class=\"attachment-large size-large\" alt=\"\" srcset=\"https:\/\/staging.matchystudio.com\/wp-content\/uploads\/2026\/03\/BANC-RAYURE-DESIGN-CABANNON-GOODMOOD-MATCHY-STUDIO-LOCATION-MOBILIER4-1-683x1024.jpg 683w, https:\/\/staging.matchystudio.com\/wp-content\/uploads\/2026\/03\/BANC-RAYURE-DESIGN-CABANNON-GOODMOOD-MATCHY-STUDIO-LOCATION-MOBILIER4-1-600x900.jpg 600w, https:\/\/staging.matchystudio.com\/wp-content\/uploads\/2026\/03\/BANC-RAYURE-DESIGN-CABANNON-GOODMOOD-MATCHY-STUDIO-LOCATION-MOBILIER4-1-200x300.jpg 200w, https:\/\/staging.matchystudio.com\/wp-content\/uploads\/2026\/03\/BANC-RAYURE-DESIGN-CABANNON-GOODMOOD-MATCHY-STUDIO-LOCATION-MOBILIER4-1-768x1152.jpg 768w, https:\/\/staging.matchystudio.com\/wp-content\/uploads\/2026\/03\/BANC-RAYURE-DESIGN-CABANNON-GOODMOOD-MATCHY-STUDIO-LOCATION-MOBILIER4-1-8x12.jpg 8w, https:\/\/staging.matchystudio.com\/wp-content\/uploads\/2026\/03\/BANC-RAYURE-DESIGN-CABANNON-GOODMOOD-MATCHY-STUDIO-LOCATION-MOBILIER4-1.webp 1000w\" sizes=\"(max-width: 683px) 100vw, 683px\" \/><\/a>\n\t\t\t<\/div><\/figure><figure class='gallery-item'>\n\t\t\t<div class='gallery-icon portrait'>\n\t\t\t\t<a data-elementor-open-lightbox=\"yes\" data-elementor-lightbox-slideshow=\"ec355dc\" data-elementor-lightbox-title=\"BANC-RAYURE-DESIGN-CABANNON-GOODMOOD-MATCHY-STUDIO-LOCATION-MOBILIER5\" data-e-action-hash=\"#elementor-action%3Aaction%3Dlightbox%26settings%3DeyJpZCI6MTQ4NSwidXJsIjoiaHR0cHM6XC9cL3N0YWdpbmcubWF0Y2h5c3R1ZGlvLmNvbVwvd3AtY29udGVudFwvdXBsb2Fkc1wvMjAyNlwvMDNcL0JBTkMtUkFZVVJFLURFU0lHTi1DQUJBTk5PTi1HT09ETU9PRC1NQVRDSFktU1RVRElPLUxPQ0FUSU9OLU1PQklMSUVSNS0xLndlYnAiLCJzbGlkZXNob3ciOiJlYzM1NWRjIn0%3D\" href='https:\/\/staging.matchystudio.com\/wp-content\/uploads\/2026\/03\/BANC-RAYURE-DESIGN-CABANNON-GOODMOOD-MATCHY-STUDIO-LOCATION-MOBILIER5-1.webp'><img loading=\"lazy\" decoding=\"async\" width=\"683\" height=\"1024\" src=\"https:\/\/staging.matchystudio.com\/wp-content\/uploads\/2026\/03\/BANC-RAYURE-DESIGN-CABANNON-GOODMOOD-MATCHY-STUDIO-LOCATION-MOBILIER5-1-683x1024.webp\" class=\"attachment-large size-large\" alt=\"\" srcset=\"https:\/\/staging.matchystudio.com\/wp-content\/uploads\/2026\/03\/BANC-RAYURE-DESIGN-CABANNON-GOODMOOD-MATCHY-STUDIO-LOCATION-MOBILIER5-1-683x1024.webp 683w, https:\/\/staging.matchystudio.com\/wp-content\/uploads\/2026\/03\/BANC-RAYURE-DESIGN-CABANNON-GOODMOOD-MATCHY-STUDIO-LOCATION-MOBILIER5-1-600x900.webp 600w, https:\/\/staging.matchystudio.com\/wp-content\/uploads\/2026\/03\/BANC-RAYURE-DESIGN-CABANNON-GOODMOOD-MATCHY-STUDIO-LOCATION-MOBILIER5-1-200x300.webp 200w, https:\/\/staging.matchystudio.com\/wp-content\/uploads\/2026\/03\/BANC-RAYURE-DESIGN-CABANNON-GOODMOOD-MATCHY-STUDIO-LOCATION-MOBILIER5-1-768x1152.webp 768w, https:\/\/staging.matchystudio.com\/wp-content\/uploads\/2026\/03\/BANC-RAYURE-DESIGN-CABANNON-GOODMOOD-MATCHY-STUDIO-LOCATION-MOBILIER5-1-8x12.webp 8w, https:\/\/staging.matchystudio.com\/wp-content\/uploads\/2026\/03\/BANC-RAYURE-DESIGN-CABANNON-GOODMOOD-MATCHY-STUDIO-LOCATION-MOBILIER5-1.webp 1000w\" sizes=\"(max-width: 683px) 100vw, 683px\" \/><\/a>\n\t\t\t<\/div><\/figure><figure class='gallery-item'>\n\t\t\t<div class='gallery-icon portrait'>\n\t\t\t\t<a data-elementor-open-lightbox=\"yes\" data-elementor-lightbox-slideshow=\"ec355dc\" data-elementor-lightbox-title=\"BANC-RAYURE-DESIGN-CABANNON-GOODMOOD-MATCHY-STUDIO-LOCATION-MOBILIER7\" data-e-action-hash=\"#elementor-action%3Aaction%3Dlightbox%26settings%3DeyJpZCI6MTQ4NywidXJsIjoiaHR0cHM6XC9cL3N0YWdpbmcubWF0Y2h5c3R1ZGlvLmNvbVwvd3AtY29udGVudFwvdXBsb2Fkc1wvMjAyNlwvMDNcL0JBTkMtUkFZVVJFLURFU0lHTi1DQUJBTk5PTi1HT09ETU9PRC1NQVRDSFktU1RVRElPLUxPQ0FUSU9OLU1PQklMSUVSNy0xLndlYnAiLCJzbGlkZXNob3ciOiJlYzM1NWRjIn0%3D\" href='https:\/\/staging.matchystudio.com\/wp-content\/uploads\/2026\/03\/BANC-RAYURE-DESIGN-CABANNON-GOODMOOD-MATCHY-STUDIO-LOCATION-MOBILIER7-1.webp'><img loading=\"lazy\" decoding=\"async\" width=\"683\" height=\"1024\" src=\"https:\/\/staging.matchystudio.com\/wp-content\/uploads\/2026\/03\/BANC-RAYURE-DESIGN-CABANNON-GOODMOOD-MATCHY-STUDIO-LOCATION-MOBILIER7-1-683x1024.webp\" class=\"attachment-large size-large\" alt=\"\" srcset=\"https:\/\/staging.matchystudio.com\/wp-content\/uploads\/2026\/03\/BANC-RAYURE-DESIGN-CABANNON-GOODMOOD-MATCHY-STUDIO-LOCATION-MOBILIER7-1-683x1024.webp 683w, https:\/\/staging.matchystudio.com\/wp-content\/uploads\/2026\/03\/BANC-RAYURE-DESIGN-CABANNON-GOODMOOD-MATCHY-STUDIO-LOCATION-MOBILIER7-1-600x900.webp 600w, https:\/\/staging.matchystudio.com\/wp-content\/uploads\/2026\/03\/BANC-RAYURE-DESIGN-CABANNON-GOODMOOD-MATCHY-STUDIO-LOCATION-MOBILIER7-1-200x300.webp 200w, https:\/\/staging.matchystudio.com\/wp-content\/uploads\/2026\/03\/BANC-RAYURE-DESIGN-CABANNON-GOODMOOD-MATCHY-STUDIO-LOCATION-MOBILIER7-1-768x1152.webp 768w, https:\/\/staging.matchystudio.com\/wp-content\/uploads\/2026\/03\/BANC-RAYURE-DESIGN-CABANNON-GOODMOOD-MATCHY-STUDIO-LOCATION-MOBILIER7-1-8x12.webp 8w, https:\/\/staging.matchystudio.com\/wp-content\/uploads\/2026\/03\/BANC-RAYURE-DESIGN-CABANNON-GOODMOOD-MATCHY-STUDIO-LOCATION-MOBILIER7-1.webp 1000w\" sizes=\"(max-width: 683px) 100vw, 683px\" \/><\/a>\n\t\t\t<\/div><\/figure>\n\t\t<\/div>\n\t\t<\/div>\n\t\t\t\t\t\t<\/div>\n\t\t\t\t<\/div>\n\t\t<div class=\"elementor-element elementor-element-892ba13 e-con-full e-flex e-con e-child\" data-id=\"892ba13\" data-element_type=\"container\" data-e-type=\"container\" data-settings=\"{&quot;sticky&quot;:&quot;top&quot;,&quot;sticky_on&quot;:[&quot;desktop&quot;,&quot;tablet&quot;,&quot;mobile&quot;],&quot;sticky_offset&quot;:0,&quot;sticky_effects_offset&quot;:0,&quot;sticky_anchor_link_offset&quot;:0}\">\n\t\t\t\t<div class=\"elementor-element elementor-element-d868f37 elementor-widget elementor-widget-heading\" data-id=\"d868f37\" data-element_type=\"widget\" data-e-type=\"widget\" data-widget_type=\"heading.default\">\n\t\t\t\t\t<h2 class=\"elementor-heading-title elementor-size-default\">Banc cabanon<\/h2>\t\t\t\t<\/div>\n\t\t\t\t<div class=\"elementor-element elementor-element-4cb8cd8 elementor-widget elementor-widget-text-editor\" data-id=\"4cb8cd8\" data-element_type=\"widget\" data-e-type=\"widget\" data-widget_type=\"text-editor.default\">\n\t\t\t\t\t\t\t\t\t<h5 class=\"p1\">GOODMOODS EDITION<\/h5>\t\t\t\t\t\t\t\t<\/div>\n\t\t\t\t<div class=\"elementor-element elementor-element-d7a3956 elementor-widget elementor-widget-text-editor\" data-id=\"d7a3956\" data-element_type=\"widget\" data-e-type=\"widget\" data-widget_type=\"text-editor.default\">\n\t\t\t\t\t\t\t\t\t<p class=\"p3\">Tissu ray\u00e9 rouge et blanc<\/p><p>\u00a0<\/p><p class=\"p3\">DIMENSIONS<\/p><p class=\"p3\">Hauteur : 45<\/p><p class=\"p3\">Largeur : 127<\/p><p class=\"p3\">Profondeur : 42<\/p><p>\u00a0<\/p><p class=\"p3\">COMPOSITION<\/p><p class=\"p3\">Structure : bois de fr\u00eane finition merisier d&rsquo;Am\u00e9rique<\/p><p>Tissu : Sunset outdoor et ultra r\u00e9sistant<\/p>\t\t\t\t\t\t\t\t<\/div>\n\t\t\t\t<div class=\"elementor-element elementor-element-4d803c4 elementor-widget elementor-widget-heading\" data-id=\"4d803c4\" data-element_type=\"widget\" data-e-type=\"widget\" data-widget_type=\"heading.default\">\n\t\t\t\t\t<h2 class=\"elementor-heading-title elementor-size-default\">1100\u20ac<\/h2>\t\t\t\t<\/div>\n\t\t\t\t<div class=\"elementor-element elementor-element-4799848 elementor-widget elementor-widget-button\" data-id=\"4799848\" data-element_type=\"widget\" data-e-type=\"widget\" data-widget_type=\"button.default\">\n\t\t\t\t\t\t\t\t\t\t<a class=\"elementor-button elementor-button-link elementor-size-sm\" href=\"?add-to-cart=1770\">\n\t\t\t\t\t\t<span class=\"elementor-button-content-wrapper\">\n\t\t\t\t\t\t\t\t\t<span class=\"elementor-button-text\">AJOUTER AU PANIER<\/span>\n\t\t\t\t\t<\/span>\n\t\t\t\t\t<\/a>\n\t\t\t\t\t\t\t\t<\/div>\n\t\t\t\t<div class=\"elementor-element elementor-element-9449949 elementor-widget elementor-widget-button\" data-id=\"9449949\" data-element_type=\"widget\" data-e-type=\"widget\" data-widget_type=\"button.default\">\n\t\t\t\t\t\t\t\t\t\t<a class=\"elementor-button elementor-button-link elementor-size-sm\" href=\"https:\/\/staging.matchystudio.com\/shop\/\">\n\t\t\t\t\t\t<span class=\"elementor-button-content-wrapper\">\n\t\t\t\t\t\t\t\t\t<span class=\"elementor-button-text\">CONTINUER MON SHOPPING<\/span>\n\t\t\t\t\t<\/span>\n\t\t\t\t\t<\/a>\n\t\t\t\t\t\t\t\t<\/div>\n\t\t\t\t<\/div>\n\t\t\t\t\t<\/div>\n\t\t\t\t<\/div>\n\t\t\t\t<\/div>\n\t\t","protected":false},"excerpt":{"rendered":"<p>Banc cabanon GOODMOODS EDITION Tissu ray\u00e9 rouge et blanc \u00a0 DIMENSIONS Hauteur : 45 Largeur : 127 Profondeur : 42 \u00a0 COMPOSITION Structure : bois de fr\u00eane finition merisier d&rsquo;Am\u00e9rique Tissu : Sunset outdoor et ultra r\u00e9sistant 1100\u20ac AJOUTER AU PANIER CONTINUER MON SHOPPING<\/p>","protected":false},"author":1,"featured_media":0,"parent":0,"menu_order":0,"comment_status":"closed","ping_status":"closed","template":"","meta":{"footnotes":""},"class_list":["post-1834","page","type-page","status-publish","hentry"],"_links":{"self":[{"href":"https:\/\/staging.matchystudio.com\/en\/wp-json\/wp\/v2\/pages\/1834","targetHints":{"allow":["GET"]}}],"collection":[{"href":"https:\/\/staging.matchystudio.com\/en\/wp-json\/wp\/v2\/pages"}],"about":[{"href":"https:\/\/staging.matchystudio.com\/en\/wp-json\/wp\/v2\/types\/page"}],"author":[{"embeddable":true,"href":"https:\/\/staging.matchystudio.com\/en\/wp-json\/wp\/v2\/users\/1"}],"replies":[{"embeddable":true,"href":"https:\/\/staging.matchystudio.com\/en\/wp-json\/wp\/v2\/comments?post=1834"}],"version-history":[{"count":22,"href":"https:\/\/staging.matchystudio.com\/en\/wp-json\/wp\/v2\/pages\/1834\/revisions"}],"predecessor-version":[{"id":3196,"href":"https:\/\/staging.matchystudio.com\/en\/wp-json\/wp\/v2\/pages\/1834\/revisions\/3196"}],"wp:attachment":[{"href":"https:\/\/staging.matchystudio.com\/en\/wp-json\/wp\/v2\/media?parent=1834"}],"curies":[{"name":"wp","href":"https:\/\/api.w.org\/{rel}","templated":true}]}}