{"id":1282,"date":"2026-03-04T13:50:39","date_gmt":"2026-03-04T13:50:39","guid":{"rendered":"https:\/\/staging.matchystudio.com\/?page_id=1282"},"modified":"2026-03-14T17:21:41","modified_gmt":"2026-03-14T17:21:41","slug":"tignes","status":"publish","type":"page","link":"https:\/\/staging.matchystudio.com\/en\/tignes\/","title":{"rendered":"Tignes"},"content":{"rendered":"<div data-elementor-type=\"wp-page\" data-elementor-id=\"1282\" class=\"elementor elementor-1282\" data-elementor-post-type=\"page\">\n\t\t\t\t<div class=\"elementor-element elementor-element-97facd8 e-con-full e-flex e-con e-parent\" data-id=\"97facd8\" data-element_type=\"container\" data-e-type=\"container\">\n\t\t\t\t<div class=\"elementor-element elementor-element-5b87c60 elementor-widget__width-inherit elementor-widget elementor-widget-image\" data-id=\"5b87c60\" data-element_type=\"widget\" data-e-type=\"widget\" data-widget_type=\"image.default\">\n\t\t\t\t\t\t\t\t\t\t\t\t\t\t\t<img fetchpriority=\"high\" decoding=\"async\" width=\"800\" height=\"450\" src=\"https:\/\/staging.matchystudio.com\/wp-content\/uploads\/2026\/03\/Enscape_entree-2-1024x576.webp\" class=\"attachment-large size-large wp-image-1157\" alt=\"\" srcset=\"https:\/\/staging.matchystudio.com\/wp-content\/uploads\/2026\/03\/Enscape_entree-2-1024x576.webp 1024w, https:\/\/staging.matchystudio.com\/wp-content\/uploads\/2026\/03\/Enscape_entree-2-scaled-600x338.webp 600w, https:\/\/staging.matchystudio.com\/wp-content\/uploads\/2026\/03\/Enscape_entree-2-300x169.webp 300w, https:\/\/staging.matchystudio.com\/wp-content\/uploads\/2026\/03\/Enscape_entree-2-768x432.webp 768w, https:\/\/staging.matchystudio.com\/wp-content\/uploads\/2026\/03\/Enscape_entree-2-1536x864.webp 1536w, https:\/\/staging.matchystudio.com\/wp-content\/uploads\/2026\/03\/Enscape_entree-2-scaled.webp 1920w, https:\/\/staging.matchystudio.com\/wp-content\/uploads\/2026\/03\/Enscape_entree-2-18x10.webp 18w\" sizes=\"(max-width: 800px) 100vw, 800px\" \/>\t\t\t\t\t\t\t\t\t\t\t\t\t\t\t<\/div>\n\t\t\t\t<\/div>\n\t\t<div class=\"elementor-element elementor-element-877baad e-con-full e-flex e-con e-parent\" data-id=\"877baad\" data-element_type=\"container\" data-e-type=\"container\">\n\t\t<div class=\"elementor-element elementor-element-c104aa4 e-con-full e-flex e-con e-child\" data-id=\"c104aa4\" data-element_type=\"container\" data-e-type=\"container\">\n\t\t\t\t<div class=\"elementor-element elementor-element-cba39a3 elementor-widget elementor-widget-image\" data-id=\"cba39a3\" data-element_type=\"widget\" data-e-type=\"widget\" data-widget_type=\"image.default\">\n\t\t\t\t\t\t\t\t\t\t\t\t\t\t\t<img decoding=\"async\" src=\"https:\/\/staging.matchystudio.com\/wp-content\/uploads\/elementor\/thumbs\/Enscape_enscape-scaled-rk0i05y32ofxjrrr1x0s1qlfdrhd5eddcj3fs7h1x4.png\" title=\"Enscape_enscape\" alt=\"Enscape_enscape\" loading=\"lazy\" \/>\t\t\t\t\t\t\t\t\t\t\t\t\t\t\t<\/div>\n\t\t\t\t<\/div>\n\t\t<div class=\"elementor-element elementor-element-4f1b7b8 e-con-full e-flex e-con e-child\" data-id=\"4f1b7b8\" data-element_type=\"container\" data-e-type=\"container\">\n\t\t\t\t<div class=\"elementor-element elementor-element-e4842b8 elementor-widget elementor-widget-heading\" data-id=\"e4842b8\" data-element_type=\"widget\" data-e-type=\"widget\" data-widget_type=\"heading.default\">\n\t\t\t\t\t<h2 class=\"elementor-heading-title elementor-size-default\">Projet Tignes<\/h2>\t\t\t\t<\/div>\n\t\t\t\t<div class=\"elementor-element elementor-element-c4776da elementor-widget elementor-widget-text-editor\" data-id=\"c4776da\" data-element_type=\"widget\" data-e-type=\"widget\" data-widget_type=\"text-editor.default\">\n\t\t\t\t\t\t\t\t\t<p>LOCALISATION : PARIS<\/p><p>SURFACE : 85M2<\/p><p>ANN\u00c9E : 2024<\/p>\t\t\t\t\t\t\t\t<\/div>\n\t\t\t\t<div class=\"elementor-element elementor-element-7ab8553 elementor-widget elementor-widget-text-editor\" data-id=\"7ab8553\" data-element_type=\"widget\" data-e-type=\"widget\" data-widget_type=\"text-editor.default\">\n\t\t\t\t\t\t\t\t\t<p data-start=\"220\" data-end=\"561\">Ce projet consiste en la r\u00e9novation compl\u00e8te d\u2019un appartement de 80 m\u00b2, enti\u00e8rement repens\u00e9 autour d\u2019un geste architectural central : un cube en miroir imagin\u00e9 comme le c\u0153ur du projet. Con\u00e7u comme un objet autonome plac\u00e9 au centre du plan, ce volume abrite le bureau et organise l\u2019ensemble des circulations de l\u2019appartement.<\/p><p data-start=\"563\" data-end=\"1025\">Autour de ce cube, les diff\u00e9rents espaces se d\u00e9ploient de mani\u00e8re fluide. Le s\u00e9jour, la salle \u00e0 manger et la cuisine s\u2019ouvrent largement sur la fa\u00e7ade afin de profiter pleinement de la lumi\u00e8re naturelle, tandis que les chambres et les espaces plus intimes prennent place en p\u00e9riph\u00e9rie du logement. Les surfaces miroirs du volume central refl\u00e8tent la lumi\u00e8re et les perspectives, amplifiant visuellement l\u2019espace et accompagnant le regard \u00e0 travers l\u2019appartement.<\/p><p data-start=\"1027\" data-end=\"1343\">Le s\u00e9jour s\u2019articule autour d\u2019un mur en b\u00e9ton textur\u00e9 qui structure la pi\u00e8ce principale et accueille l\u2019\u00e9cran. La palette de mat\u00e9riaux reste volontairement sobre et min\u00e9rale \u2014 b\u00e9ton, pierre et surfaces claires \u2014 afin de mettre en valeur l\u2019\u00e9l\u00e9ment central et les quelques touches de couleur pr\u00e9sentes dans le mobilier.<\/p><p data-start=\"1345\" data-end=\"1510\">L\u2019appartement se construit ainsi autour d\u2019un objet architectural fort qui structure les usages, organise les circulations et donne une identit\u00e9 singuli\u00e8re au projet.<\/p>\t\t\t\t\t\t\t\t<\/div>\n\t\t\t\t<\/div>\n\t\t\t\t<\/div>\n\t\t<div class=\"elementor-element elementor-element-8de3558 e-con-full e-flex e-con e-parent\" data-id=\"8de3558\" data-element_type=\"container\" data-e-type=\"container\">\n\t\t\t\t<div class=\"elementor-element elementor-element-cb3dc3a elementor-widget__width-inherit elementor-widget elementor-widget-image\" data-id=\"cb3dc3a\" data-element_type=\"widget\" data-e-type=\"widget\" data-widget_type=\"image.default\">\n\t\t\t\t\t\t\t\t\t\t\t\t\t\t\t<img decoding=\"async\" width=\"800\" height=\"450\" src=\"https:\/\/staging.matchystudio.com\/wp-content\/uploads\/2026\/03\/Enscape_2024-04-03-14-42-09-1024x576.webp\" class=\"attachment-large size-large wp-image-1146\" alt=\"\" srcset=\"https:\/\/staging.matchystudio.com\/wp-content\/uploads\/2026\/03\/Enscape_2024-04-03-14-42-09-1024x576.webp 1024w, https:\/\/staging.matchystudio.com\/wp-content\/uploads\/2026\/03\/Enscape_2024-04-03-14-42-09-scaled-600x338.webp 600w, https:\/\/staging.matchystudio.com\/wp-content\/uploads\/2026\/03\/Enscape_2024-04-03-14-42-09-300x169.webp 300w, https:\/\/staging.matchystudio.com\/wp-content\/uploads\/2026\/03\/Enscape_2024-04-03-14-42-09-768x432.webp 768w, https:\/\/staging.matchystudio.com\/wp-content\/uploads\/2026\/03\/Enscape_2024-04-03-14-42-09-1536x864.webp 1536w, https:\/\/staging.matchystudio.com\/wp-content\/uploads\/2026\/03\/Enscape_2024-04-03-14-42-09-scaled.webp 1920w, https:\/\/staging.matchystudio.com\/wp-content\/uploads\/2026\/03\/Enscape_2024-04-03-14-42-09-18x10.webp 18w\" sizes=\"(max-width: 800px) 100vw, 800px\" \/>\t\t\t\t\t\t\t\t\t\t\t\t\t\t\t<\/div>\n\t\t\t\t<\/div>\n\t\t<div class=\"elementor-element elementor-element-32491ab e-con-full e-flex e-con e-parent\" data-id=\"32491ab\" data-element_type=\"container\" data-e-type=\"container\">\n\t\t<div class=\"elementor-element elementor-element-2b34ac3 e-con-full e-flex e-con e-child\" data-id=\"2b34ac3\" data-element_type=\"container\" data-e-type=\"container\">\n\t\t\t\t<div class=\"elementor-element elementor-element-809f44a elementor-widget elementor-widget-image\" data-id=\"809f44a\" data-element_type=\"widget\" data-e-type=\"widget\" data-widget_type=\"image.default\">\n\t\t\t\t\t\t\t\t\t\t\t\t\t\t\t<img decoding=\"async\" src=\"https:\/\/staging.matchystudio.com\/wp-content\/uploads\/elementor\/thumbs\/Enscape_2024-04-03-15-17-06-scaled-rk0hya9pelvabui213rn27o8m0qxr6wp384h8a9ed4.webp\" title=\"Enscape_2024-04-03-15-17-06\" alt=\"Enscape_2024-04-03-15-17-06\" loading=\"lazy\" \/>\t\t\t\t\t\t\t\t\t\t\t\t\t\t\t<\/div>\n\t\t\t\t<\/div>\n\t\t<div class=\"elementor-element elementor-element-95174a8 e-con-full e-flex e-con e-child\" data-id=\"95174a8\" data-element_type=\"container\" data-e-type=\"container\">\n\t\t\t\t<div class=\"elementor-element elementor-element-cbfae10 elementor-widget elementor-widget-image\" data-id=\"cbfae10\" data-element_type=\"widget\" data-e-type=\"widget\" data-widget_type=\"image.default\">\n\t\t\t\t\t\t\t\t\t\t\t\t\t\t\t<img decoding=\"async\" width=\"800\" height=\"450\" src=\"https:\/\/staging.matchystudio.com\/wp-content\/uploads\/2026\/03\/Enscape_2024-04-03-15-06-07-1024x576.webp\" class=\"attachment-large size-large wp-image-1132\" alt=\"\" srcset=\"https:\/\/staging.matchystudio.com\/wp-content\/uploads\/2026\/03\/Enscape_2024-04-03-15-06-07-1024x576.webp 1024w, https:\/\/staging.matchystudio.com\/wp-content\/uploads\/2026\/03\/Enscape_2024-04-03-15-06-07-scaled-600x338.webp 600w, https:\/\/staging.matchystudio.com\/wp-content\/uploads\/2026\/03\/Enscape_2024-04-03-15-06-07-300x169.webp 300w, https:\/\/staging.matchystudio.com\/wp-content\/uploads\/2026\/03\/Enscape_2024-04-03-15-06-07-768x432.webp 768w, https:\/\/staging.matchystudio.com\/wp-content\/uploads\/2026\/03\/Enscape_2024-04-03-15-06-07-1536x864.webp 1536w, https:\/\/staging.matchystudio.com\/wp-content\/uploads\/2026\/03\/Enscape_2024-04-03-15-06-07-scaled.webp 1920w, https:\/\/staging.matchystudio.com\/wp-content\/uploads\/2026\/03\/Enscape_2024-04-03-15-06-07-18x10.webp 18w\" sizes=\"(max-width: 800px) 100vw, 800px\" \/>\t\t\t\t\t\t\t\t\t\t\t\t\t\t\t<\/div>\n\t\t\t\t<\/div>\n\t\t\t\t<\/div>\n\t\t<div class=\"elementor-element elementor-element-5fa6139 e-con-full e-flex e-con e-parent\" data-id=\"5fa6139\" data-element_type=\"container\" data-e-type=\"container\">\n\t\t\t\t<div class=\"elementor-element elementor-element-94ef022 elementor-widget__width-inherit elementor-widget elementor-widget-image\" data-id=\"94ef022\" data-element_type=\"widget\" data-e-type=\"widget\" data-widget_type=\"image.default\">\n\t\t\t\t\t\t\t\t\t\t\t\t\t\t\t<img loading=\"lazy\" decoding=\"async\" width=\"800\" height=\"450\" src=\"https:\/\/staging.matchystudio.com\/wp-content\/uploads\/2026\/03\/Enscape_2024-04-03-14-57-17-1024x576.webp\" class=\"attachment-large size-large wp-image-1143\" alt=\"\" srcset=\"https:\/\/staging.matchystudio.com\/wp-content\/uploads\/2026\/03\/Enscape_2024-04-03-14-57-17-1024x576.webp 1024w, https:\/\/staging.matchystudio.com\/wp-content\/uploads\/2026\/03\/Enscape_2024-04-03-14-57-17-scaled-600x338.webp 600w, https:\/\/staging.matchystudio.com\/wp-content\/uploads\/2026\/03\/Enscape_2024-04-03-14-57-17-300x169.webp 300w, https:\/\/staging.matchystudio.com\/wp-content\/uploads\/2026\/03\/Enscape_2024-04-03-14-57-17-768x432.webp 768w, https:\/\/staging.matchystudio.com\/wp-content\/uploads\/2026\/03\/Enscape_2024-04-03-14-57-17-1536x864.webp 1536w, https:\/\/staging.matchystudio.com\/wp-content\/uploads\/2026\/03\/Enscape_2024-04-03-14-57-17-scaled.webp 1920w, https:\/\/staging.matchystudio.com\/wp-content\/uploads\/2026\/03\/Enscape_2024-04-03-14-57-17-18x10.webp 18w\" sizes=\"(max-width: 800px) 100vw, 800px\" \/>\t\t\t\t\t\t\t\t\t\t\t\t\t\t\t<\/div>\n\t\t\t\t<\/div>\n\t\t<div class=\"elementor-element elementor-element-87ba302 e-con-full e-flex e-con e-parent\" data-id=\"87ba302\" data-element_type=\"container\" data-e-type=\"container\">\n\t\t<div class=\"elementor-element elementor-element-8831fa2 e-con-full e-flex e-con e-child\" data-id=\"8831fa2\" data-element_type=\"container\" data-e-type=\"container\">\n\t\t\t\t<div class=\"elementor-element elementor-element-954e5eb elementor-widget elementor-widget-image\" data-id=\"954e5eb\" data-element_type=\"widget\" data-e-type=\"widget\" data-widget_type=\"image.default\">\n\t\t\t\t\t\t\t\t\t\t\t\t\t\t\t<img decoding=\"async\" width=\"800\" height=\"450\" src=\"https:\/\/staging.matchystudio.com\/wp-content\/uploads\/2026\/03\/Enscape_2024-04-03-14-42-09-1024x576.webp\" class=\"attachment-large size-large wp-image-1146\" alt=\"\" srcset=\"https:\/\/staging.matchystudio.com\/wp-content\/uploads\/2026\/03\/Enscape_2024-04-03-14-42-09-1024x576.webp 1024w, https:\/\/staging.matchystudio.com\/wp-content\/uploads\/2026\/03\/Enscape_2024-04-03-14-42-09-scaled-600x338.webp 600w, https:\/\/staging.matchystudio.com\/wp-content\/uploads\/2026\/03\/Enscape_2024-04-03-14-42-09-300x169.webp 300w, https:\/\/staging.matchystudio.com\/wp-content\/uploads\/2026\/03\/Enscape_2024-04-03-14-42-09-768x432.webp 768w, https:\/\/staging.matchystudio.com\/wp-content\/uploads\/2026\/03\/Enscape_2024-04-03-14-42-09-1536x864.webp 1536w, https:\/\/staging.matchystudio.com\/wp-content\/uploads\/2026\/03\/Enscape_2024-04-03-14-42-09-scaled.webp 1920w, https:\/\/staging.matchystudio.com\/wp-content\/uploads\/2026\/03\/Enscape_2024-04-03-14-42-09-18x10.webp 18w\" sizes=\"(max-width: 800px) 100vw, 800px\" \/>\t\t\t\t\t\t\t\t\t\t\t\t\t\t\t<\/div>\n\t\t\t\t<\/div>\n\t\t<div class=\"elementor-element elementor-element-d98f57c e-con-full e-flex e-con e-child\" data-id=\"d98f57c\" data-element_type=\"container\" data-e-type=\"container\">\n\t\t\t\t<div class=\"elementor-element elementor-element-ec8e063 elementor-widget elementor-widget-image\" data-id=\"ec8e063\" data-element_type=\"widget\" data-e-type=\"widget\" data-widget_type=\"image.default\">\n\t\t\t\t\t\t\t\t\t\t\t\t\t\t\t<img loading=\"lazy\" decoding=\"async\" width=\"800\" height=\"450\" src=\"https:\/\/staging.matchystudio.com\/wp-content\/uploads\/2026\/03\/Enscape_2024-04-03-14-27-57-1024x576.webp\" class=\"attachment-large size-large wp-image-1147\" alt=\"\" srcset=\"https:\/\/staging.matchystudio.com\/wp-content\/uploads\/2026\/03\/Enscape_2024-04-03-14-27-57-1024x576.webp 1024w, https:\/\/staging.matchystudio.com\/wp-content\/uploads\/2026\/03\/Enscape_2024-04-03-14-27-57-scaled-600x338.webp 600w, https:\/\/staging.matchystudio.com\/wp-content\/uploads\/2026\/03\/Enscape_2024-04-03-14-27-57-300x169.webp 300w, https:\/\/staging.matchystudio.com\/wp-content\/uploads\/2026\/03\/Enscape_2024-04-03-14-27-57-768x432.webp 768w, https:\/\/staging.matchystudio.com\/wp-content\/uploads\/2026\/03\/Enscape_2024-04-03-14-27-57-1536x864.webp 1536w, https:\/\/staging.matchystudio.com\/wp-content\/uploads\/2026\/03\/Enscape_2024-04-03-14-27-57-scaled.webp 1920w, https:\/\/staging.matchystudio.com\/wp-content\/uploads\/2026\/03\/Enscape_2024-04-03-14-27-57-18x10.webp 18w\" sizes=\"(max-width: 800px) 100vw, 800px\" \/>\t\t\t\t\t\t\t\t\t\t\t\t\t\t\t<\/div>\n\t\t\t\t<\/div>\n\t\t\t\t<\/div>\n\t\t<div class=\"elementor-element elementor-element-bcdd7f0 e-con-full e-flex e-con e-parent\" data-id=\"bcdd7f0\" data-element_type=\"container\" data-e-type=\"container\">\n\t\t\t\t<div class=\"elementor-element elementor-element-902abd8 elementor-widget__width-inherit elementor-widget elementor-widget-image\" data-id=\"902abd8\" data-element_type=\"widget\" data-e-type=\"widget\" data-widget_type=\"image.default\">\n\t\t\t\t\t\t\t\t\t\t\t\t\t\t\t<img loading=\"lazy\" decoding=\"async\" width=\"800\" height=\"450\" src=\"https:\/\/staging.matchystudio.com\/wp-content\/uploads\/2026\/03\/Enscape_2024-04-03-14-48-57-1024x576.webp\" class=\"attachment-large size-large wp-image-1144\" alt=\"\" srcset=\"https:\/\/staging.matchystudio.com\/wp-content\/uploads\/2026\/03\/Enscape_2024-04-03-14-48-57-1024x576.webp 1024w, https:\/\/staging.matchystudio.com\/wp-content\/uploads\/2026\/03\/Enscape_2024-04-03-14-48-57-scaled-600x338.webp 600w, https:\/\/staging.matchystudio.com\/wp-content\/uploads\/2026\/03\/Enscape_2024-04-03-14-48-57-300x169.webp 300w, https:\/\/staging.matchystudio.com\/wp-content\/uploads\/2026\/03\/Enscape_2024-04-03-14-48-57-768x432.webp 768w, https:\/\/staging.matchystudio.com\/wp-content\/uploads\/2026\/03\/Enscape_2024-04-03-14-48-57-1536x864.webp 1536w, https:\/\/staging.matchystudio.com\/wp-content\/uploads\/2026\/03\/Enscape_2024-04-03-14-48-57-scaled.webp 1920w, https:\/\/staging.matchystudio.com\/wp-content\/uploads\/2026\/03\/Enscape_2024-04-03-14-48-57-18x10.webp 18w\" sizes=\"(max-width: 800px) 100vw, 800px\" \/>\t\t\t\t\t\t\t\t\t\t\t\t\t\t\t<\/div>\n\t\t\t\t<\/div>\n\t\t<div class=\"elementor-element elementor-element-050141d e-con-full e-flex e-con e-parent\" data-id=\"050141d\" data-element_type=\"container\" data-e-type=\"container\">\n\t\t<div class=\"elementor-element elementor-element-fdc0e6e e-con-full e-flex e-con e-child\" data-id=\"fdc0e6e\" data-element_type=\"container\" data-e-type=\"container\">\n\t\t\t\t<div class=\"elementor-element elementor-element-9bfd522 elementor-widget elementor-widget-image\" data-id=\"9bfd522\" data-element_type=\"widget\" data-e-type=\"widget\" data-widget_type=\"image.default\">\n\t\t\t\t\t\t\t\t\t\t\t\t\t\t\t<img decoding=\"async\" src=\"https:\/\/staging.matchystudio.com\/wp-content\/uploads\/elementor\/thumbs\/Enscape_2024-04-03-14-22-33-scaled-rk0i7ddj6fdw80kd0ocuz268e84opri7r49utlba4w.webp\" title=\"Enscape_2024-04-03-14-22-33\" alt=\"Enscape_2024-04-03-14-22-33\" loading=\"lazy\" \/>\t\t\t\t\t\t\t\t\t\t\t\t\t\t\t<\/div>\n\t\t\t\t<\/div>\n\t\t<div class=\"elementor-element elementor-element-0cd5b2c e-con-full e-flex e-con e-child\" data-id=\"0cd5b2c\" data-element_type=\"container\" data-e-type=\"container\">\n\t\t\t\t<div class=\"elementor-element elementor-element-adfa4ae elementor-widget elementor-widget-image\" data-id=\"adfa4ae\" data-element_type=\"widget\" data-e-type=\"widget\" data-widget_type=\"image.default\">\n\t\t\t\t\t\t\t\t\t\t\t\t\t\t\t<img loading=\"lazy\" decoding=\"async\" width=\"800\" height=\"450\" src=\"https:\/\/staging.matchystudio.com\/wp-content\/uploads\/2026\/03\/Enscape_enscape-1024x576.png\" class=\"attachment-large size-large wp-image-1152\" alt=\"\" srcset=\"https:\/\/staging.matchystudio.com\/wp-content\/uploads\/2026\/03\/Enscape_enscape-1024x576.png 1024w, https:\/\/staging.matchystudio.com\/wp-content\/uploads\/2026\/03\/Enscape_enscape-scaled-600x338.png 600w, https:\/\/staging.matchystudio.com\/wp-content\/uploads\/2026\/03\/Enscape_enscape-300x169.png 300w, https:\/\/staging.matchystudio.com\/wp-content\/uploads\/2026\/03\/Enscape_enscape-768x432.png 768w, https:\/\/staging.matchystudio.com\/wp-content\/uploads\/2026\/03\/Enscape_enscape-1536x864.png 1536w, https:\/\/staging.matchystudio.com\/wp-content\/uploads\/2026\/03\/Enscape_enscape-2048x1152.png 2048w, https:\/\/staging.matchystudio.com\/wp-content\/uploads\/2026\/03\/Enscape_enscape-18x10.png 18w\" sizes=\"(max-width: 800px) 100vw, 800px\" \/>\t\t\t\t\t\t\t\t\t\t\t\t\t\t\t<\/div>\n\t\t\t\t<\/div>\n\t\t\t\t<\/div>\n\t\t\t\t<\/div>","protected":false},"excerpt":{"rendered":"<p>Projet Tignes LOCALISATION : PARIS SURFACE : 85M2 ANN\u00c9E : 2024 Ce projet consiste en la r\u00e9novation compl\u00e8te d\u2019un appartement de 80 m\u00b2, enti\u00e8rement repens\u00e9 autour d\u2019un geste architectural central : un cube en miroir imagin\u00e9 comme le c\u0153ur du projet. Con\u00e7u comme un objet autonome plac\u00e9 au centre du plan, ce volume abrite le [&hellip;]<\/p>\n","protected":false},"author":1,"featured_media":0,"parent":0,"menu_order":0,"comment_status":"closed","ping_status":"closed","template":"","meta":{"footnotes":""},"class_list":["post-1282","page","type-page","status-publish","hentry"],"_links":{"self":[{"href":"https:\/\/staging.matchystudio.com\/en\/wp-json\/wp\/v2\/pages\/1282","targetHints":{"allow":["GET"]}}],"collection":[{"href":"https:\/\/staging.matchystudio.com\/en\/wp-json\/wp\/v2\/pages"}],"about":[{"href":"https:\/\/staging.matchystudio.com\/en\/wp-json\/wp\/v2\/types\/page"}],"author":[{"embeddable":true,"href":"https:\/\/staging.matchystudio.com\/en\/wp-json\/wp\/v2\/users\/1"}],"replies":[{"embeddable":true,"href":"https:\/\/staging.matchystudio.com\/en\/wp-json\/wp\/v2\/comments?post=1282"}],"version-history":[{"count":16,"href":"https:\/\/staging.matchystudio.com\/en\/wp-json\/wp\/v2\/pages\/1282\/revisions"}],"predecessor-version":[{"id":2688,"href":"https:\/\/staging.matchystudio.com\/en\/wp-json\/wp\/v2\/pages\/1282\/revisions\/2688"}],"wp:attachment":[{"href":"https:\/\/staging.matchystudio.com\/en\/wp-json\/wp\/v2\/media?parent=1282"}],"curies":[{"name":"wp","href":"https:\/\/api.w.org\/{rel}","templated":true}]}}