{"id":1270,"date":"2026-03-04T13:46:02","date_gmt":"2026-03-04T13:46:02","guid":{"rendered":"https:\/\/staging.matchystudio.com\/?page_id=1270"},"modified":"2026-03-14T17:07:24","modified_gmt":"2026-03-14T17:07:24","slug":"maison-francine-n-1","status":"publish","type":"page","link":"https:\/\/staging.matchystudio.com\/en\/maison-francine-n-1\/","title":{"rendered":"Maison Francine N.1"},"content":{"rendered":"<div data-elementor-type=\"wp-page\" data-elementor-id=\"1270\" class=\"elementor elementor-1270\" data-elementor-post-type=\"page\">\n\t\t\t\t<div class=\"elementor-element elementor-element-97facd8 e-con-full e-flex e-con e-parent\" data-id=\"97facd8\" data-element_type=\"container\" data-e-type=\"container\">\n\t\t\t\t<div class=\"elementor-element elementor-element-5b87c60 elementor-widget__width-inherit elementor-widget elementor-widget-image\" data-id=\"5b87c60\" data-element_type=\"widget\" data-e-type=\"widget\" data-widget_type=\"image.default\">\n\t\t\t\t\t\t\t\t\t\t\t\t\t\t\t<img fetchpriority=\"high\" decoding=\"async\" width=\"800\" height=\"450\" src=\"https:\/\/staging.matchystudio.com\/wp-content\/uploads\/2026\/03\/Enscape_2026-02-07-11-55-23-1024x576.webp\" class=\"attachment-large size-large wp-image-1085\" alt=\"\" srcset=\"https:\/\/staging.matchystudio.com\/wp-content\/uploads\/2026\/03\/Enscape_2026-02-07-11-55-23-1024x576.webp 1024w, https:\/\/staging.matchystudio.com\/wp-content\/uploads\/2026\/03\/Enscape_2026-02-07-11-55-23-600x338.webp 600w, https:\/\/staging.matchystudio.com\/wp-content\/uploads\/2026\/03\/Enscape_2026-02-07-11-55-23-300x169.webp 300w, https:\/\/staging.matchystudio.com\/wp-content\/uploads\/2026\/03\/Enscape_2026-02-07-11-55-23-768x432.webp 768w, https:\/\/staging.matchystudio.com\/wp-content\/uploads\/2026\/03\/Enscape_2026-02-07-11-55-23-1536x864.webp 1536w, https:\/\/staging.matchystudio.com\/wp-content\/uploads\/2026\/03\/Enscape_2026-02-07-11-55-23-18x10.webp 18w, https:\/\/staging.matchystudio.com\/wp-content\/uploads\/2026\/03\/Enscape_2026-02-07-11-55-23.webp 1920w\" sizes=\"(max-width: 800px) 100vw, 800px\" \/>\t\t\t\t\t\t\t\t\t\t\t\t\t\t\t<\/div>\n\t\t\t\t<\/div>\n\t\t<div class=\"elementor-element elementor-element-877baad e-con-full e-flex e-con e-parent\" data-id=\"877baad\" data-element_type=\"container\" data-e-type=\"container\">\n\t\t<div class=\"elementor-element elementor-element-c104aa4 e-con-full e-flex e-con e-child\" data-id=\"c104aa4\" data-element_type=\"container\" data-e-type=\"container\">\n\t\t\t\t<div class=\"elementor-element elementor-element-cba39a3 elementor-widget elementor-widget-image\" data-id=\"cba39a3\" data-element_type=\"widget\" data-e-type=\"widget\" data-widget_type=\"image.default\">\n\t\t\t\t\t\t\t\t\t\t\t\t\t\t\t<img decoding=\"async\" src=\"https:\/\/staging.matchystudio.com\/wp-content\/uploads\/elementor\/thumbs\/Enscape_2026-02-07-11-55-23-rk0hqy5225tppf5pvflh3kbpoqwso8s4ewt1dj50xk.webp\" title=\"Enscape_2026-02-07-11-55-23\" alt=\"Enscape_2026-02-07-11-55-23\" loading=\"lazy\" \/>\t\t\t\t\t\t\t\t\t\t\t\t\t\t\t<\/div>\n\t\t\t\t<\/div>\n\t\t<div class=\"elementor-element elementor-element-4f1b7b8 e-con-full e-flex e-con e-child\" data-id=\"4f1b7b8\" data-element_type=\"container\" data-e-type=\"container\">\n\t\t\t\t<div class=\"elementor-element elementor-element-e4842b8 elementor-widget elementor-widget-heading\" data-id=\"e4842b8\" data-element_type=\"widget\" data-e-type=\"widget\" data-widget_type=\"heading.default\">\n\t\t\t\t\t<h2 class=\"elementor-heading-title elementor-size-default\">Projet FRANCINE N.1<\/h2>\t\t\t\t<\/div>\n\t\t\t\t<div class=\"elementor-element elementor-element-c4776da elementor-widget elementor-widget-text-editor\" data-id=\"c4776da\" data-element_type=\"widget\" data-e-type=\"widget\" data-widget_type=\"text-editor.default\">\n\t\t\t\t\t\t\t\t\t<p>LOCALISATION : PENVENANT<\/p><p>SURFACE : 31,7 M2<\/p><p>ANN\u00c9E : 2025<\/p><p>CHANTIER EN COURS<\/p>\t\t\t\t\t\t\t\t<\/div>\n\t\t\t\t<div class=\"elementor-element elementor-element-7ab8553 elementor-widget elementor-widget-text-editor\" data-id=\"7ab8553\" data-element_type=\"widget\" data-e-type=\"widget\" data-widget_type=\"text-editor.default\">\n\t\t\t\t\t\t\t\t\t<p>Maison Francine est une maison bretonne existante transform\u00e9e en cinq appartements ind\u00e9pendants. Le projet consiste \u00e0 repenser chaque logement comme un univers distinct tout en conservant une coh\u00e9rence architecturale d\u2019ensemble.<\/p><p>Dans cet appartement, l\u2019intervention repose sur le dialogue entre l\u2019existant et des volumes contemporains. Les murs en pierre d\u2019origine sont conserv\u00e9s et mis en valeur tandis que de nouveaux \u00e9l\u00e9ments architecturaux viennent structurer l\u2019espace et organiser les usages.<\/p><p data-start=\"804\" data-end=\"1156\">L\u2019espace est pens\u00e9 comme un int\u00e9rieur compact et fluide o\u00f9 chaque fonction trouve naturellement sa place. La cuisine se d\u00e9veloppe en lin\u00e9aire le long du mur et un \u00eelot sculptural sert \u00e0 la fois de table et de point de transition entre les diff\u00e9rentes zones. La chambre s\u2019inscrit dans une alc\u00f4ve int\u00e9gr\u00e9e qui combine t\u00eate de lit, rangements et \u00e9tag\u00e8res.<\/p><p data-start=\"1158\" data-end=\"1644\" data-is-last-node=\"\" data-is-only-node=\"\">La palette de mat\u00e9riaux associe les murs en pierre existants \u00e0 des volumes en bois teint\u00e9 dans des tonalit\u00e9s rouge brun qui apportent chaleur et profondeur visuelle. L\u2019appartement propose ainsi une lecture actuelle de la maison bretonne, o\u00f9 les formes courbes, les mati\u00e8res et les volumes dialoguent pour cr\u00e9er un int\u00e9rieur \u00e0 la fois intime et architectural.<\/p>\t\t\t\t\t\t\t\t<\/div>\n\t\t\t\t<\/div>\n\t\t\t\t<\/div>\n\t\t<div class=\"elementor-element elementor-element-8de3558 e-con-full e-flex e-con e-parent\" data-id=\"8de3558\" data-element_type=\"container\" data-e-type=\"container\">\n\t\t\t\t<div class=\"elementor-element elementor-element-cb3dc3a elementor-widget__width-inherit elementor-widget elementor-widget-image\" data-id=\"cb3dc3a\" data-element_type=\"widget\" data-e-type=\"widget\" data-widget_type=\"image.default\">\n\t\t\t\t\t\t\t\t\t\t\t\t\t\t\t<img decoding=\"async\" width=\"800\" height=\"450\" src=\"https:\/\/staging.matchystudio.com\/wp-content\/uploads\/2026\/03\/Enscape_2026-02-07-12-00-44-1024x576.webp\" class=\"attachment-large size-large wp-image-1089\" alt=\"\" srcset=\"https:\/\/staging.matchystudio.com\/wp-content\/uploads\/2026\/03\/Enscape_2026-02-07-12-00-44-1024x576.webp 1024w, https:\/\/staging.matchystudio.com\/wp-content\/uploads\/2026\/03\/Enscape_2026-02-07-12-00-44-600x338.webp 600w, https:\/\/staging.matchystudio.com\/wp-content\/uploads\/2026\/03\/Enscape_2026-02-07-12-00-44-300x169.webp 300w, https:\/\/staging.matchystudio.com\/wp-content\/uploads\/2026\/03\/Enscape_2026-02-07-12-00-44-768x432.png 768w, https:\/\/staging.matchystudio.com\/wp-content\/uploads\/2026\/03\/Enscape_2026-02-07-12-00-44-1536x864.png 1536w, https:\/\/staging.matchystudio.com\/wp-content\/uploads\/2026\/03\/Enscape_2026-02-07-12-00-44-18x10.png 18w, https:\/\/staging.matchystudio.com\/wp-content\/uploads\/2026\/03\/Enscape_2026-02-07-12-00-44.webp 1920w\" sizes=\"(max-width: 800px) 100vw, 800px\" \/>\t\t\t\t\t\t\t\t\t\t\t\t\t\t\t<\/div>\n\t\t\t\t<\/div>\n\t\t<div class=\"elementor-element elementor-element-32491ab e-con-full e-flex e-con e-parent\" data-id=\"32491ab\" data-element_type=\"container\" data-e-type=\"container\">\n\t\t<div class=\"elementor-element elementor-element-2b34ac3 e-con-full e-flex e-con e-child\" data-id=\"2b34ac3\" data-element_type=\"container\" data-e-type=\"container\">\n\t\t\t\t<div class=\"elementor-element elementor-element-809f44a elementor-widget elementor-widget-image\" data-id=\"809f44a\" data-element_type=\"widget\" data-e-type=\"widget\" data-widget_type=\"image.default\">\n\t\t\t\t\t\t\t\t\t\t\t\t\t\t\t<img decoding=\"async\" src=\"https:\/\/staging.matchystudio.com\/wp-content\/uploads\/elementor\/thumbs\/Enscape_2026-02-07-12-01-59-rk0hswmy07nvv0a75snu98qx7zocmvyu2yc133e93s.webp\" title=\"Enscape_2026-02-07-12-01-59\" alt=\"Enscape_2026-02-07-12-01-59\" loading=\"lazy\" \/>\t\t\t\t\t\t\t\t\t\t\t\t\t\t\t<\/div>\n\t\t\t\t<\/div>\n\t\t<div class=\"elementor-element elementor-element-95174a8 e-con-full e-flex e-con e-child\" data-id=\"95174a8\" data-element_type=\"container\" data-e-type=\"container\">\n\t\t\t\t<div class=\"elementor-element elementor-element-cbfae10 elementor-widget elementor-widget-image\" data-id=\"cbfae10\" data-element_type=\"widget\" data-e-type=\"widget\" data-widget_type=\"image.default\">\n\t\t\t\t\t\t\t\t\t\t\t\t\t\t\t<img decoding=\"async\" width=\"800\" height=\"450\" src=\"https:\/\/staging.matchystudio.com\/wp-content\/uploads\/2026\/03\/Enscape_2026-02-07-11-53-18-1024x576.webp\" class=\"attachment-large size-large wp-image-1083\" alt=\"\" srcset=\"https:\/\/staging.matchystudio.com\/wp-content\/uploads\/2026\/03\/Enscape_2026-02-07-11-53-18-1024x576.webp 1024w, https:\/\/staging.matchystudio.com\/wp-content\/uploads\/2026\/03\/Enscape_2026-02-07-11-53-18-600x338.webp 600w, https:\/\/staging.matchystudio.com\/wp-content\/uploads\/2026\/03\/Enscape_2026-02-07-11-53-18-300x169.webp 300w, https:\/\/staging.matchystudio.com\/wp-content\/uploads\/2026\/03\/Enscape_2026-02-07-11-53-18-768x432.webp 768w, https:\/\/staging.matchystudio.com\/wp-content\/uploads\/2026\/03\/Enscape_2026-02-07-11-53-18-1536x864.webp 1536w, https:\/\/staging.matchystudio.com\/wp-content\/uploads\/2026\/03\/Enscape_2026-02-07-11-53-18-18x10.webp 18w, https:\/\/staging.matchystudio.com\/wp-content\/uploads\/2026\/03\/Enscape_2026-02-07-11-53-18.webp 1920w\" sizes=\"(max-width: 800px) 100vw, 800px\" \/>\t\t\t\t\t\t\t\t\t\t\t\t\t\t\t<\/div>\n\t\t\t\t<\/div>\n\t\t\t\t<\/div>\n\t\t<div class=\"elementor-element elementor-element-5fa6139 e-con-full e-flex e-con e-parent\" data-id=\"5fa6139\" data-element_type=\"container\" data-e-type=\"container\">\n\t\t\t\t<div class=\"elementor-element elementor-element-94ef022 elementor-widget__width-inherit elementor-widget elementor-widget-image\" data-id=\"94ef022\" data-element_type=\"widget\" data-e-type=\"widget\" data-widget_type=\"image.default\">\n\t\t\t\t\t\t\t\t\t\t\t\t\t\t\t<img loading=\"lazy\" decoding=\"async\" width=\"800\" height=\"450\" src=\"https:\/\/staging.matchystudio.com\/wp-content\/uploads\/2026\/03\/Enscape_2026-02-07-11-52-29-1024x576.png\" class=\"attachment-large size-large wp-image-1276\" alt=\"\" srcset=\"https:\/\/staging.matchystudio.com\/wp-content\/uploads\/2026\/03\/Enscape_2026-02-07-11-52-29-1024x576.png 1024w, https:\/\/staging.matchystudio.com\/wp-content\/uploads\/2026\/03\/Enscape_2026-02-07-11-52-29-600x338.png 600w, https:\/\/staging.matchystudio.com\/wp-content\/uploads\/2026\/03\/Enscape_2026-02-07-11-52-29-300x169.png 300w, https:\/\/staging.matchystudio.com\/wp-content\/uploads\/2026\/03\/Enscape_2026-02-07-11-52-29-768x432.png 768w, https:\/\/staging.matchystudio.com\/wp-content\/uploads\/2026\/03\/Enscape_2026-02-07-11-52-29-1536x864.png 1536w, https:\/\/staging.matchystudio.com\/wp-content\/uploads\/2026\/03\/Enscape_2026-02-07-11-52-29-18x10.png 18w, https:\/\/staging.matchystudio.com\/wp-content\/uploads\/2026\/03\/Enscape_2026-02-07-11-52-29.png 1920w\" sizes=\"(max-width: 800px) 100vw, 800px\" \/>\t\t\t\t\t\t\t\t\t\t\t\t\t\t\t<\/div>\n\t\t\t\t<\/div>\n\t\t<div class=\"elementor-element elementor-element-87ba302 e-con-full e-flex e-con e-parent\" data-id=\"87ba302\" data-element_type=\"container\" data-e-type=\"container\">\n\t\t<div class=\"elementor-element elementor-element-8831fa2 e-con-full e-flex e-con e-child\" data-id=\"8831fa2\" data-element_type=\"container\" data-e-type=\"container\">\n\t\t\t\t<div class=\"elementor-element elementor-element-954e5eb elementor-widget elementor-widget-image\" data-id=\"954e5eb\" data-element_type=\"widget\" data-e-type=\"widget\" data-widget_type=\"image.default\">\n\t\t\t\t\t\t\t\t\t\t\t\t\t\t\t<img loading=\"lazy\" decoding=\"async\" width=\"800\" height=\"450\" src=\"https:\/\/staging.matchystudio.com\/wp-content\/uploads\/2026\/03\/Enscape_2026-02-07-11-55-50-1024x576.webp\" class=\"attachment-large size-large wp-image-1086\" alt=\"\" srcset=\"https:\/\/staging.matchystudio.com\/wp-content\/uploads\/2026\/03\/Enscape_2026-02-07-11-55-50-1024x576.webp 1024w, https:\/\/staging.matchystudio.com\/wp-content\/uploads\/2026\/03\/Enscape_2026-02-07-11-55-50-600x338.webp 600w, https:\/\/staging.matchystudio.com\/wp-content\/uploads\/2026\/03\/Enscape_2026-02-07-11-55-50-300x169.webp 300w, https:\/\/staging.matchystudio.com\/wp-content\/uploads\/2026\/03\/Enscape_2026-02-07-11-55-50-768x432.webp 768w, https:\/\/staging.matchystudio.com\/wp-content\/uploads\/2026\/03\/Enscape_2026-02-07-11-55-50-1536x864.webp 1536w, https:\/\/staging.matchystudio.com\/wp-content\/uploads\/2026\/03\/Enscape_2026-02-07-11-55-50-18x10.webp 18w, https:\/\/staging.matchystudio.com\/wp-content\/uploads\/2026\/03\/Enscape_2026-02-07-11-55-50.webp 1920w\" sizes=\"(max-width: 800px) 100vw, 800px\" \/>\t\t\t\t\t\t\t\t\t\t\t\t\t\t\t<\/div>\n\t\t\t\t<\/div>\n\t\t<div class=\"elementor-element elementor-element-d98f57c e-con-full e-flex e-con e-child\" data-id=\"d98f57c\" data-element_type=\"container\" data-e-type=\"container\">\n\t\t\t\t<div class=\"elementor-element elementor-element-ec8e063 elementor-widget elementor-widget-image\" data-id=\"ec8e063\" data-element_type=\"widget\" data-e-type=\"widget\" data-widget_type=\"image.default\">\n\t\t\t\t\t\t\t\t\t\t\t\t\t\t\t<img loading=\"lazy\" decoding=\"async\" width=\"800\" height=\"450\" src=\"https:\/\/staging.matchystudio.com\/wp-content\/uploads\/2026\/03\/Enscape_2026-02-07-11-56-18-1024x576.webp\" class=\"attachment-large size-large wp-image-1087\" alt=\"\" srcset=\"https:\/\/staging.matchystudio.com\/wp-content\/uploads\/2026\/03\/Enscape_2026-02-07-11-56-18-1024x576.webp 1024w, https:\/\/staging.matchystudio.com\/wp-content\/uploads\/2026\/03\/Enscape_2026-02-07-11-56-18-600x338.webp 600w, https:\/\/staging.matchystudio.com\/wp-content\/uploads\/2026\/03\/Enscape_2026-02-07-11-56-18-300x169.webp 300w, https:\/\/staging.matchystudio.com\/wp-content\/uploads\/2026\/03\/Enscape_2026-02-07-11-56-18-768x432.webp 768w, https:\/\/staging.matchystudio.com\/wp-content\/uploads\/2026\/03\/Enscape_2026-02-07-11-56-18-1536x864.webp 1536w, https:\/\/staging.matchystudio.com\/wp-content\/uploads\/2026\/03\/Enscape_2026-02-07-11-56-18-18x10.webp 18w, https:\/\/staging.matchystudio.com\/wp-content\/uploads\/2026\/03\/Enscape_2026-02-07-11-56-18.webp 1920w\" sizes=\"(max-width: 800px) 100vw, 800px\" \/>\t\t\t\t\t\t\t\t\t\t\t\t\t\t\t<\/div>\n\t\t\t\t<\/div>\n\t\t\t\t<\/div>\n\t\t<div class=\"elementor-element elementor-element-bcdd7f0 e-con-full e-flex e-con e-parent\" data-id=\"bcdd7f0\" data-element_type=\"container\" data-e-type=\"container\">\n\t\t\t\t<div class=\"elementor-element elementor-element-902abd8 elementor-widget__width-inherit elementor-widget elementor-widget-image\" data-id=\"902abd8\" data-element_type=\"widget\" data-e-type=\"widget\" data-widget_type=\"image.default\">\n\t\t\t\t\t\t\t\t\t\t\t\t\t\t\t<img loading=\"lazy\" decoding=\"async\" width=\"800\" height=\"450\" src=\"https:\/\/staging.matchystudio.com\/wp-content\/uploads\/2026\/03\/Enscape_2026-02-07-11-59-56-1024x576.webp\" class=\"attachment-large size-large wp-image-1088\" alt=\"\" srcset=\"https:\/\/staging.matchystudio.com\/wp-content\/uploads\/2026\/03\/Enscape_2026-02-07-11-59-56-1024x576.webp 1024w, https:\/\/staging.matchystudio.com\/wp-content\/uploads\/2026\/03\/Enscape_2026-02-07-11-59-56-600x338.webp 600w, https:\/\/staging.matchystudio.com\/wp-content\/uploads\/2026\/03\/Enscape_2026-02-07-11-59-56-300x169.webp 300w, https:\/\/staging.matchystudio.com\/wp-content\/uploads\/2026\/03\/Enscape_2026-02-07-11-59-56-768x432.webp 768w, https:\/\/staging.matchystudio.com\/wp-content\/uploads\/2026\/03\/Enscape_2026-02-07-11-59-56-1536x864.webp 1536w, https:\/\/staging.matchystudio.com\/wp-content\/uploads\/2026\/03\/Enscape_2026-02-07-11-59-56-18x10.webp 18w, https:\/\/staging.matchystudio.com\/wp-content\/uploads\/2026\/03\/Enscape_2026-02-07-11-59-56.webp 1920w\" sizes=\"(max-width: 800px) 100vw, 800px\" \/>\t\t\t\t\t\t\t\t\t\t\t\t\t\t\t<\/div>\n\t\t\t\t<\/div>\n\t\t\t\t<\/div>","protected":false},"excerpt":{"rendered":"<p>Projet FRANCINE N.1 LOCALISATION : PENVENANT SURFACE : 31,7 M2 ANN\u00c9E : 2025 CHANTIER EN COURS Maison Francine est une maison bretonne existante transform\u00e9e en cinq appartements ind\u00e9pendants. Le projet consiste \u00e0 repenser chaque logement comme un univers distinct tout en conservant une coh\u00e9rence architecturale d\u2019ensemble. Dans cet appartement, l\u2019intervention repose sur le dialogue entre [&hellip;]<\/p>\n","protected":false},"author":1,"featured_media":0,"parent":0,"menu_order":0,"comment_status":"closed","ping_status":"closed","template":"","meta":{"footnotes":""},"class_list":["post-1270","page","type-page","status-publish","hentry"],"_links":{"self":[{"href":"https:\/\/staging.matchystudio.com\/en\/wp-json\/wp\/v2\/pages\/1270","targetHints":{"allow":["GET"]}}],"collection":[{"href":"https:\/\/staging.matchystudio.com\/en\/wp-json\/wp\/v2\/pages"}],"about":[{"href":"https:\/\/staging.matchystudio.com\/en\/wp-json\/wp\/v2\/types\/page"}],"author":[{"embeddable":true,"href":"https:\/\/staging.matchystudio.com\/en\/wp-json\/wp\/v2\/users\/1"}],"replies":[{"embeddable":true,"href":"https:\/\/staging.matchystudio.com\/en\/wp-json\/wp\/v2\/comments?post=1270"}],"version-history":[{"count":28,"href":"https:\/\/staging.matchystudio.com\/en\/wp-json\/wp\/v2\/pages\/1270\/revisions"}],"predecessor-version":[{"id":2676,"href":"https:\/\/staging.matchystudio.com\/en\/wp-json\/wp\/v2\/pages\/1270\/revisions\/2676"}],"wp:attachment":[{"href":"https:\/\/staging.matchystudio.com\/en\/wp-json\/wp\/v2\/media?parent=1270"}],"curies":[{"name":"wp","href":"https:\/\/api.w.org\/{rel}","templated":true}]}}