{"id":1265,"date":"2026-03-04T13:42:40","date_gmt":"2026-03-04T13:42:40","guid":{"rendered":"https:\/\/staging.matchystudio.com\/?page_id=1265"},"modified":"2026-03-14T17:06:03","modified_gmt":"2026-03-14T17:06:03","slug":"maison-francine-n-2","status":"publish","type":"page","link":"https:\/\/staging.matchystudio.com\/en\/maison-francine-n-2\/","title":{"rendered":"Maison Francine N.2"},"content":{"rendered":"<div data-elementor-type=\"wp-page\" data-elementor-id=\"1265\" class=\"elementor elementor-1265\" data-elementor-post-type=\"page\">\n\t\t\t\t<div class=\"elementor-element elementor-element-97facd8 e-con-full e-flex e-con e-parent\" data-id=\"97facd8\" data-element_type=\"container\" data-e-type=\"container\">\n\t\t\t\t<div class=\"elementor-element elementor-element-5b87c60 elementor-widget__width-inherit elementor-widget elementor-widget-image\" data-id=\"5b87c60\" data-element_type=\"widget\" data-e-type=\"widget\" data-widget_type=\"image.default\">\n\t\t\t\t\t\t\t\t\t\t\t\t\t\t\t<img fetchpriority=\"high\" decoding=\"async\" width=\"800\" height=\"450\" src=\"https:\/\/staging.matchystudio.com\/wp-content\/uploads\/2026\/03\/Enscape_2026-02-07-21-12-50-1024x576.webp\" class=\"attachment-large size-large wp-image-1073\" alt=\"\" srcset=\"https:\/\/staging.matchystudio.com\/wp-content\/uploads\/2026\/03\/Enscape_2026-02-07-21-12-50-1024x576.webp 1024w, https:\/\/staging.matchystudio.com\/wp-content\/uploads\/2026\/03\/Enscape_2026-02-07-21-12-50-600x338.webp 600w, https:\/\/staging.matchystudio.com\/wp-content\/uploads\/2026\/03\/Enscape_2026-02-07-21-12-50-300x169.webp 300w, https:\/\/staging.matchystudio.com\/wp-content\/uploads\/2026\/03\/Enscape_2026-02-07-21-12-50-768x432.webp 768w, https:\/\/staging.matchystudio.com\/wp-content\/uploads\/2026\/03\/Enscape_2026-02-07-21-12-50-1536x864.webp 1536w, https:\/\/staging.matchystudio.com\/wp-content\/uploads\/2026\/03\/Enscape_2026-02-07-21-12-50-18x10.webp 18w, https:\/\/staging.matchystudio.com\/wp-content\/uploads\/2026\/03\/Enscape_2026-02-07-21-12-50.webp 1920w\" sizes=\"(max-width: 800px) 100vw, 800px\" \/>\t\t\t\t\t\t\t\t\t\t\t\t\t\t\t<\/div>\n\t\t\t\t<\/div>\n\t\t<div class=\"elementor-element elementor-element-877baad e-con-full e-flex e-con e-parent\" data-id=\"877baad\" data-element_type=\"container\" data-e-type=\"container\">\n\t\t<div class=\"elementor-element elementor-element-c104aa4 e-con-full e-flex e-con e-child\" data-id=\"c104aa4\" data-element_type=\"container\" data-e-type=\"container\">\n\t\t\t\t<div class=\"elementor-element elementor-element-cba39a3 elementor-widget elementor-widget-image\" data-id=\"cba39a3\" data-element_type=\"widget\" data-e-type=\"widget\" data-widget_type=\"image.default\">\n\t\t\t\t\t\t\t\t\t\t\t\t\t\t\t<img decoding=\"async\" src=\"https:\/\/staging.matchystudio.com\/wp-content\/uploads\/elementor\/thumbs\/Enscape_2026-02-07-21-18-50-rk0hpfmf1rr301cwps142y2z8edi9sroveyvjhduyg.webp\" title=\"Enscape_2026-02-07-21-18-50\" alt=\"Enscape_2026-02-07-21-18-50\" loading=\"lazy\" \/>\t\t\t\t\t\t\t\t\t\t\t\t\t\t\t<\/div>\n\t\t\t\t<\/div>\n\t\t<div class=\"elementor-element elementor-element-4f1b7b8 e-con-full e-flex e-con e-child\" data-id=\"4f1b7b8\" data-element_type=\"container\" data-e-type=\"container\">\n\t\t\t\t<div class=\"elementor-element elementor-element-e4842b8 elementor-widget elementor-widget-heading\" data-id=\"e4842b8\" data-element_type=\"widget\" data-e-type=\"widget\" data-widget_type=\"heading.default\">\n\t\t\t\t\t<h2 class=\"elementor-heading-title elementor-size-default\">Projet FRANCINE N.2<\/h2>\t\t\t\t<\/div>\n\t\t\t\t<div class=\"elementor-element elementor-element-c4776da elementor-widget elementor-widget-text-editor\" data-id=\"c4776da\" data-element_type=\"widget\" data-e-type=\"widget\" data-widget_type=\"text-editor.default\">\n\t\t\t\t\t\t\t\t\t<p>LOCALISATION : PENVENANT<\/p><p>SURFACE : 23,1 M2<\/p><p>ANN\u00c9E : 2025<\/p><p>CHANTIER EN COURS<\/p>\t\t\t\t\t\t\t\t<\/div>\n\t\t\t\t<div class=\"elementor-element elementor-element-7ab8553 elementor-widget__width-initial elementor-widget elementor-widget-text-editor\" data-id=\"7ab8553\" data-element_type=\"widget\" data-e-type=\"widget\" data-widget_type=\"text-editor.default\">\n\t\t\t\t\t\t\t\t\t<p data-start=\"124\" data-end=\"583\">La Maison Francine est une maison bretonne transform\u00e9e en cinq appartements, chacun imagin\u00e9 comme un univers distinct. Pour ce logement, l\u2019espace a \u00e9t\u00e9 pens\u00e9 en s\u2019inspirant des codes de la chambre d\u2019h\u00f4tel, avec l\u2019id\u00e9e de cr\u00e9er un int\u00e9rieur compact, confortable et intuitif \u00e0 vivre. Les diff\u00e9rentes fonctions se d\u00e9ploient dans une seule pi\u00e8ce ouverte, organis\u00e9e autour d\u2019un volume central en bois clair qui accueille la chambre et structure l\u2019ensemble du plan.<\/p><p data-start=\"585\" data-end=\"1085\">Ce volume cr\u00e9e un espace nuit enveloppant et chaleureux, mis en valeur par une t\u00eate de lit int\u00e9gr\u00e9e et des suspensions rouges qui apportent une touche graphique. Une paroi en pav\u00e9s de verre vient prolonger ce volume et permet de s\u00e9parer les espaces tout en laissant circuler la lumi\u00e8re naturelle \u00e0 travers l\u2019appartement. La cuisine se d\u00e9veloppe en lin\u00e9aire le long du mur avec un plan de travail en terrazzo et s\u2019accompagne d\u2019une petite table int\u00e9gr\u00e9e, pens\u00e9e comme un coin repas simple et convivial.<\/p><p data-start=\"1087\" data-end=\"1470\" data-is-last-node=\"\" data-is-only-node=\"\">La palette de mat\u00e9riaux m\u00eale bois clair, terrazzo et touches de rouge profond, cr\u00e9ant un contraste doux avec les surfaces blanches et la lumi\u00e8re du lieu. L\u2019ensemble compose un int\u00e9rieur lumineux et chaleureux, o\u00f9 chaque \u00e9l\u00e9ment participe \u00e0 une atmosph\u00e8re \u00e0 la fois simple, accueillante et contemporaine, dans l\u2019esprit d\u2019une chambre d\u2019h\u00f4tel r\u00e9interpr\u00e9t\u00e9e \u00e0 l\u2019\u00e9chelle d\u2019un appartement.<\/p>\t\t\t\t\t\t\t\t<\/div>\n\t\t\t\t<\/div>\n\t\t\t\t<\/div>\n\t\t<div class=\"elementor-element elementor-element-8de3558 e-con-full e-flex e-con e-parent\" data-id=\"8de3558\" data-element_type=\"container\" data-e-type=\"container\">\n\t\t\t\t<div class=\"elementor-element elementor-element-cb3dc3a elementor-widget__width-inherit elementor-widget elementor-widget-image\" data-id=\"cb3dc3a\" data-element_type=\"widget\" data-e-type=\"widget\" data-widget_type=\"image.default\">\n\t\t\t\t\t\t\t\t\t\t\t\t\t\t\t<img decoding=\"async\" width=\"800\" height=\"450\" src=\"https:\/\/staging.matchystudio.com\/wp-content\/uploads\/2026\/03\/Enscape_2026-02-07-21-13-38-1024x576.webp\" class=\"attachment-large size-large wp-image-1074\" alt=\"\" srcset=\"https:\/\/staging.matchystudio.com\/wp-content\/uploads\/2026\/03\/Enscape_2026-02-07-21-13-38-1024x576.webp 1024w, https:\/\/staging.matchystudio.com\/wp-content\/uploads\/2026\/03\/Enscape_2026-02-07-21-13-38-600x338.webp 600w, https:\/\/staging.matchystudio.com\/wp-content\/uploads\/2026\/03\/Enscape_2026-02-07-21-13-38-300x169.webp 300w, https:\/\/staging.matchystudio.com\/wp-content\/uploads\/2026\/03\/Enscape_2026-02-07-21-13-38-768x432.webp 768w, https:\/\/staging.matchystudio.com\/wp-content\/uploads\/2026\/03\/Enscape_2026-02-07-21-13-38-1536x864.webp 1536w, https:\/\/staging.matchystudio.com\/wp-content\/uploads\/2026\/03\/Enscape_2026-02-07-21-13-38-18x10.webp 18w, https:\/\/staging.matchystudio.com\/wp-content\/uploads\/2026\/03\/Enscape_2026-02-07-21-13-38.webp 1920w\" sizes=\"(max-width: 800px) 100vw, 800px\" \/>\t\t\t\t\t\t\t\t\t\t\t\t\t\t\t<\/div>\n\t\t\t\t<\/div>\n\t\t<div class=\"elementor-element elementor-element-32491ab e-con-full e-flex e-con e-parent\" data-id=\"32491ab\" data-element_type=\"container\" data-e-type=\"container\">\n\t\t<div class=\"elementor-element elementor-element-2b34ac3 e-con-full e-flex e-con e-child\" data-id=\"2b34ac3\" data-element_type=\"container\" data-e-type=\"container\">\n\t\t\t\t<div class=\"elementor-element elementor-element-809f44a elementor-widget elementor-widget-image\" data-id=\"809f44a\" data-element_type=\"widget\" data-e-type=\"widget\" data-widget_type=\"image.default\">\n\t\t\t\t\t\t\t\t\t\t\t\t\t\t\t<img decoding=\"async\" src=\"https:\/\/staging.matchystudio.com\/wp-content\/uploads\/elementor\/thumbs\/Enscape_2026-02-07-21-18-10-rk0hpax7t2qbctim78lbp5hb8tfp4nnvl4b0uwqkyg.webp\" title=\"Enscape_2026-02-07-21-18-10\" alt=\"Enscape_2026-02-07-21-18-10\" loading=\"lazy\" \/>\t\t\t\t\t\t\t\t\t\t\t\t\t\t\t<\/div>\n\t\t\t\t<\/div>\n\t\t<div class=\"elementor-element elementor-element-95174a8 e-con-full e-flex e-con e-child\" data-id=\"95174a8\" data-element_type=\"container\" data-e-type=\"container\">\n\t\t\t\t<div class=\"elementor-element elementor-element-cbfae10 elementor-widget elementor-widget-image\" data-id=\"cbfae10\" data-element_type=\"widget\" data-e-type=\"widget\" data-widget_type=\"image.default\">\n\t\t\t\t\t\t\t\t\t\t\t\t\t\t\t<img decoding=\"async\" width=\"800\" height=\"450\" src=\"https:\/\/staging.matchystudio.com\/wp-content\/uploads\/2026\/03\/Enscape_2026-02-07-21-15-39-1024x576.webp\" class=\"attachment-large size-large wp-image-1077\" alt=\"\" srcset=\"https:\/\/staging.matchystudio.com\/wp-content\/uploads\/2026\/03\/Enscape_2026-02-07-21-15-39-1024x576.webp 1024w, https:\/\/staging.matchystudio.com\/wp-content\/uploads\/2026\/03\/Enscape_2026-02-07-21-15-39-600x338.webp 600w, https:\/\/staging.matchystudio.com\/wp-content\/uploads\/2026\/03\/Enscape_2026-02-07-21-15-39-300x169.webp 300w, https:\/\/staging.matchystudio.com\/wp-content\/uploads\/2026\/03\/Enscape_2026-02-07-21-15-39-768x432.webp 768w, https:\/\/staging.matchystudio.com\/wp-content\/uploads\/2026\/03\/Enscape_2026-02-07-21-15-39-1536x864.webp 1536w, https:\/\/staging.matchystudio.com\/wp-content\/uploads\/2026\/03\/Enscape_2026-02-07-21-15-39-18x10.webp 18w, https:\/\/staging.matchystudio.com\/wp-content\/uploads\/2026\/03\/Enscape_2026-02-07-21-15-39.webp 1920w\" sizes=\"(max-width: 800px) 100vw, 800px\" \/>\t\t\t\t\t\t\t\t\t\t\t\t\t\t\t<\/div>\n\t\t\t\t<\/div>\n\t\t\t\t<\/div>\n\t\t<div class=\"elementor-element elementor-element-5fa6139 e-con-full e-flex e-con e-parent\" data-id=\"5fa6139\" data-element_type=\"container\" data-e-type=\"container\">\n\t\t\t\t<div class=\"elementor-element elementor-element-94ef022 elementor-widget__width-inherit elementor-widget elementor-widget-image\" data-id=\"94ef022\" data-element_type=\"widget\" data-e-type=\"widget\" data-widget_type=\"image.default\">\n\t\t\t\t\t\t\t\t\t\t\t\t\t\t\t<img loading=\"lazy\" decoding=\"async\" width=\"800\" height=\"450\" src=\"https:\/\/staging.matchystudio.com\/wp-content\/uploads\/2026\/03\/Enscape_2026-02-07-21-16-24-1024x576.webp\" class=\"attachment-large size-large wp-image-1078\" alt=\"\" srcset=\"https:\/\/staging.matchystudio.com\/wp-content\/uploads\/2026\/03\/Enscape_2026-02-07-21-16-24-1024x576.webp 1024w, https:\/\/staging.matchystudio.com\/wp-content\/uploads\/2026\/03\/Enscape_2026-02-07-21-16-24-600x338.webp 600w, https:\/\/staging.matchystudio.com\/wp-content\/uploads\/2026\/03\/Enscape_2026-02-07-21-16-24-300x169.webp 300w, https:\/\/staging.matchystudio.com\/wp-content\/uploads\/2026\/03\/Enscape_2026-02-07-21-16-24-768x432.webp 768w, https:\/\/staging.matchystudio.com\/wp-content\/uploads\/2026\/03\/Enscape_2026-02-07-21-16-24-1536x864.webp 1536w, https:\/\/staging.matchystudio.com\/wp-content\/uploads\/2026\/03\/Enscape_2026-02-07-21-16-24-18x10.webp 18w, https:\/\/staging.matchystudio.com\/wp-content\/uploads\/2026\/03\/Enscape_2026-02-07-21-16-24.webp 1920w\" sizes=\"(max-width: 800px) 100vw, 800px\" \/>\t\t\t\t\t\t\t\t\t\t\t\t\t\t\t<\/div>\n\t\t\t\t<\/div>\n\t\t<div class=\"elementor-element elementor-element-87ba302 e-con-full e-flex e-con e-parent\" data-id=\"87ba302\" data-element_type=\"container\" data-e-type=\"container\">\n\t\t<div class=\"elementor-element elementor-element-8831fa2 e-con-full e-flex e-con e-child\" data-id=\"8831fa2\" data-element_type=\"container\" data-e-type=\"container\">\n\t\t\t\t<div class=\"elementor-element elementor-element-954e5eb elementor-widget elementor-widget-image\" data-id=\"954e5eb\" data-element_type=\"widget\" data-e-type=\"widget\" data-widget_type=\"image.default\">\n\t\t\t\t\t\t\t\t\t\t\t\t\t\t\t<img loading=\"lazy\" decoding=\"async\" width=\"800\" height=\"450\" src=\"https:\/\/staging.matchystudio.com\/wp-content\/uploads\/2026\/03\/Enscape_2026-02-07-21-15-11-1024x576.webp\" class=\"attachment-large size-large wp-image-1075\" alt=\"\" srcset=\"https:\/\/staging.matchystudio.com\/wp-content\/uploads\/2026\/03\/Enscape_2026-02-07-21-15-11-1024x576.webp 1024w, https:\/\/staging.matchystudio.com\/wp-content\/uploads\/2026\/03\/Enscape_2026-02-07-21-15-11-600x338.webp 600w, https:\/\/staging.matchystudio.com\/wp-content\/uploads\/2026\/03\/Enscape_2026-02-07-21-15-11-300x169.webp 300w, https:\/\/staging.matchystudio.com\/wp-content\/uploads\/2026\/03\/Enscape_2026-02-07-21-15-11-768x432.webp 768w, https:\/\/staging.matchystudio.com\/wp-content\/uploads\/2026\/03\/Enscape_2026-02-07-21-15-11-1536x864.webp 1536w, https:\/\/staging.matchystudio.com\/wp-content\/uploads\/2026\/03\/Enscape_2026-02-07-21-15-11-18x10.webp 18w, https:\/\/staging.matchystudio.com\/wp-content\/uploads\/2026\/03\/Enscape_2026-02-07-21-15-11.webp 1920w\" sizes=\"(max-width: 800px) 100vw, 800px\" \/>\t\t\t\t\t\t\t\t\t\t\t\t\t\t\t<\/div>\n\t\t\t\t<\/div>\n\t\t<div class=\"elementor-element elementor-element-d98f57c e-con-full e-flex e-con e-child\" data-id=\"d98f57c\" data-element_type=\"container\" data-e-type=\"container\">\n\t\t\t\t<div class=\"elementor-element elementor-element-ec8e063 elementor-widget elementor-widget-image\" data-id=\"ec8e063\" data-element_type=\"widget\" data-e-type=\"widget\" data-widget_type=\"image.default\">\n\t\t\t\t\t\t\t\t\t\t\t\t\t\t\t<img loading=\"lazy\" decoding=\"async\" width=\"800\" height=\"450\" src=\"https:\/\/staging.matchystudio.com\/wp-content\/uploads\/2026\/03\/Enscape_2026-02-07-21-18-50-1024x576.webp\" class=\"attachment-large size-large wp-image-1082\" alt=\"\" srcset=\"https:\/\/staging.matchystudio.com\/wp-content\/uploads\/2026\/03\/Enscape_2026-02-07-21-18-50-1024x576.webp 1024w, https:\/\/staging.matchystudio.com\/wp-content\/uploads\/2026\/03\/Enscape_2026-02-07-21-18-50-600x338.webp 600w, https:\/\/staging.matchystudio.com\/wp-content\/uploads\/2026\/03\/Enscape_2026-02-07-21-18-50-300x169.webp 300w, https:\/\/staging.matchystudio.com\/wp-content\/uploads\/2026\/03\/Enscape_2026-02-07-21-18-50-768x432.webp 768w, https:\/\/staging.matchystudio.com\/wp-content\/uploads\/2026\/03\/Enscape_2026-02-07-21-18-50-1536x864.webp 1536w, https:\/\/staging.matchystudio.com\/wp-content\/uploads\/2026\/03\/Enscape_2026-02-07-21-18-50-18x10.webp 18w, https:\/\/staging.matchystudio.com\/wp-content\/uploads\/2026\/03\/Enscape_2026-02-07-21-18-50.webp 1920w\" sizes=\"(max-width: 800px) 100vw, 800px\" \/>\t\t\t\t\t\t\t\t\t\t\t\t\t\t\t<\/div>\n\t\t\t\t<\/div>\n\t\t\t\t<\/div>\n\t\t<div class=\"elementor-element elementor-element-bcdd7f0 e-con-full e-flex e-con e-parent\" data-id=\"bcdd7f0\" data-element_type=\"container\" data-e-type=\"container\">\n\t\t\t\t<div class=\"elementor-element elementor-element-902abd8 elementor-widget__width-inherit elementor-widget elementor-widget-image\" data-id=\"902abd8\" data-element_type=\"widget\" data-e-type=\"widget\" data-widget_type=\"image.default\">\n\t\t\t\t\t\t\t\t\t\t\t\t\t\t\t<img loading=\"lazy\" decoding=\"async\" width=\"800\" height=\"450\" src=\"https:\/\/staging.matchystudio.com\/wp-content\/uploads\/2026\/03\/Enscape_2026-02-07-21-17-28-1024x576.webp\" class=\"attachment-large size-large wp-image-1080\" alt=\"\" srcset=\"https:\/\/staging.matchystudio.com\/wp-content\/uploads\/2026\/03\/Enscape_2026-02-07-21-17-28-1024x576.webp 1024w, https:\/\/staging.matchystudio.com\/wp-content\/uploads\/2026\/03\/Enscape_2026-02-07-21-17-28-600x338.webp 600w, https:\/\/staging.matchystudio.com\/wp-content\/uploads\/2026\/03\/Enscape_2026-02-07-21-17-28-300x169.webp 300w, https:\/\/staging.matchystudio.com\/wp-content\/uploads\/2026\/03\/Enscape_2026-02-07-21-17-28-768x432.webp 768w, https:\/\/staging.matchystudio.com\/wp-content\/uploads\/2026\/03\/Enscape_2026-02-07-21-17-28-1536x864.webp 1536w, https:\/\/staging.matchystudio.com\/wp-content\/uploads\/2026\/03\/Enscape_2026-02-07-21-17-28-18x10.webp 18w, https:\/\/staging.matchystudio.com\/wp-content\/uploads\/2026\/03\/Enscape_2026-02-07-21-17-28.webp 1920w\" sizes=\"(max-width: 800px) 100vw, 800px\" \/>\t\t\t\t\t\t\t\t\t\t\t\t\t\t\t<\/div>\n\t\t\t\t<\/div>\n\t\t\t\t<\/div>","protected":false},"excerpt":{"rendered":"<p>Projet FRANCINE N.2 LOCALISATION : PENVENANT SURFACE : 23,1 M2 ANN\u00c9E : 2025 CHANTIER EN COURS La Maison Francine est une maison bretonne transform\u00e9e en cinq appartements, chacun imagin\u00e9 comme un univers distinct. Pour ce logement, l\u2019espace a \u00e9t\u00e9 pens\u00e9 en s\u2019inspirant des codes de la chambre d\u2019h\u00f4tel, avec l\u2019id\u00e9e de cr\u00e9er un int\u00e9rieur compact, [&hellip;]<\/p>\n","protected":false},"author":1,"featured_media":0,"parent":0,"menu_order":0,"comment_status":"closed","ping_status":"closed","template":"","meta":{"footnotes":""},"class_list":["post-1265","page","type-page","status-publish","hentry"],"_links":{"self":[{"href":"https:\/\/staging.matchystudio.com\/en\/wp-json\/wp\/v2\/pages\/1265","targetHints":{"allow":["GET"]}}],"collection":[{"href":"https:\/\/staging.matchystudio.com\/en\/wp-json\/wp\/v2\/pages"}],"about":[{"href":"https:\/\/staging.matchystudio.com\/en\/wp-json\/wp\/v2\/types\/page"}],"author":[{"embeddable":true,"href":"https:\/\/staging.matchystudio.com\/en\/wp-json\/wp\/v2\/users\/1"}],"replies":[{"embeddable":true,"href":"https:\/\/staging.matchystudio.com\/en\/wp-json\/wp\/v2\/comments?post=1265"}],"version-history":[{"count":34,"href":"https:\/\/staging.matchystudio.com\/en\/wp-json\/wp\/v2\/pages\/1265\/revisions"}],"predecessor-version":[{"id":2673,"href":"https:\/\/staging.matchystudio.com\/en\/wp-json\/wp\/v2\/pages\/1265\/revisions\/2673"}],"wp:attachment":[{"href":"https:\/\/staging.matchystudio.com\/en\/wp-json\/wp\/v2\/media?parent=1265"}],"curies":[{"name":"wp","href":"https:\/\/api.w.org\/{rel}","templated":true}]}}