{"id":1254,"date":"2026-03-04T13:32:29","date_gmt":"2026-03-04T13:32:29","guid":{"rendered":"https:\/\/staging.matchystudio.com\/?page_id=1254"},"modified":"2026-03-14T17:12:09","modified_gmt":"2026-03-14T17:12:09","slug":"maison-francine-n-4","status":"publish","type":"page","link":"https:\/\/staging.matchystudio.com\/en\/maison-francine-n-4\/","title":{"rendered":"Maison Francine N.4"},"content":{"rendered":"<div data-elementor-type=\"wp-page\" data-elementor-id=\"1254\" class=\"elementor elementor-1254\" data-elementor-post-type=\"page\">\n\t\t\t\t<div class=\"elementor-element elementor-element-97facd8 e-con-full e-flex e-con e-parent\" data-id=\"97facd8\" data-element_type=\"container\" data-e-type=\"container\">\n\t\t\t\t<div class=\"elementor-element elementor-element-5b87c60 elementor-widget__width-inherit elementor-widget elementor-widget-image\" data-id=\"5b87c60\" data-element_type=\"widget\" data-e-type=\"widget\" data-widget_type=\"image.default\">\n\t\t\t\t\t\t\t\t\t\t\t\t\t\t\t<img fetchpriority=\"high\" decoding=\"async\" width=\"800\" height=\"450\" src=\"https:\/\/staging.matchystudio.com\/wp-content\/uploads\/2026\/03\/Enscape_2026-02-07-21-42-44-1024x576.webp\" class=\"attachment-large size-large wp-image-1097\" alt=\"\" srcset=\"https:\/\/staging.matchystudio.com\/wp-content\/uploads\/2026\/03\/Enscape_2026-02-07-21-42-44-1024x576.webp 1024w, https:\/\/staging.matchystudio.com\/wp-content\/uploads\/2026\/03\/Enscape_2026-02-07-21-42-44-600x338.webp 600w, https:\/\/staging.matchystudio.com\/wp-content\/uploads\/2026\/03\/Enscape_2026-02-07-21-42-44-300x169.webp 300w, https:\/\/staging.matchystudio.com\/wp-content\/uploads\/2026\/03\/Enscape_2026-02-07-21-42-44-768x432.webp 768w, https:\/\/staging.matchystudio.com\/wp-content\/uploads\/2026\/03\/Enscape_2026-02-07-21-42-44-1536x864.webp 1536w, https:\/\/staging.matchystudio.com\/wp-content\/uploads\/2026\/03\/Enscape_2026-02-07-21-42-44-18x10.webp 18w, https:\/\/staging.matchystudio.com\/wp-content\/uploads\/2026\/03\/Enscape_2026-02-07-21-42-44.webp 1920w\" sizes=\"(max-width: 800px) 100vw, 800px\" \/>\t\t\t\t\t\t\t\t\t\t\t\t\t\t\t<\/div>\n\t\t\t\t<\/div>\n\t\t<div class=\"elementor-element elementor-element-877baad e-con-full e-flex e-con e-parent\" data-id=\"877baad\" data-element_type=\"container\" data-e-type=\"container\">\n\t\t<div class=\"elementor-element elementor-element-c104aa4 e-con-full e-flex e-con e-child\" data-id=\"c104aa4\" data-element_type=\"container\" data-e-type=\"container\">\n\t\t\t\t<div class=\"elementor-element elementor-element-cba39a3 elementor-widget elementor-widget-image\" data-id=\"cba39a3\" data-element_type=\"widget\" data-e-type=\"widget\" data-widget_type=\"image.default\">\n\t\t\t\t\t\t\t\t\t\t\t\t\t\t\t<img decoding=\"async\" src=\"https:\/\/staging.matchystudio.com\/wp-content\/uploads\/elementor\/thumbs\/Enscape_2026-02-07-21-46-07-rk0hv0rvobgpuylvfhp40ynnw8mv4kuzd0k4cj7i54.webp\" title=\"Enscape_2026-02-07-21-46-07\" alt=\"Enscape_2026-02-07-21-46-07\" loading=\"lazy\" \/>\t\t\t\t\t\t\t\t\t\t\t\t\t\t\t<\/div>\n\t\t\t\t<\/div>\n\t\t<div class=\"elementor-element elementor-element-4f1b7b8 e-con-full e-flex e-con e-child\" data-id=\"4f1b7b8\" data-element_type=\"container\" data-e-type=\"container\">\n\t\t\t\t<div class=\"elementor-element elementor-element-e4842b8 elementor-widget elementor-widget-heading\" data-id=\"e4842b8\" data-element_type=\"widget\" data-e-type=\"widget\" data-widget_type=\"heading.default\">\n\t\t\t\t\t<h2 class=\"elementor-heading-title elementor-size-default\">Projet FRANCINE N.4<\/h2>\t\t\t\t<\/div>\n\t\t\t\t<div class=\"elementor-element elementor-element-c4776da elementor-widget elementor-widget-text-editor\" data-id=\"c4776da\" data-element_type=\"widget\" data-e-type=\"widget\" data-widget_type=\"text-editor.default\">\n\t\t\t\t\t\t\t\t\t<p>LOCALISATION : PENVENANT<\/p><p>SURFACE : 24,5 M2<\/p><p>ANN\u00c9E : 2025<\/p><p>CHANTIER EN COURS<\/p>\t\t\t\t\t\t\t\t<\/div>\n\t\t\t\t<div class=\"elementor-element elementor-element-7ab8553 elementor-widget elementor-widget-text-editor\" data-id=\"7ab8553\" data-element_type=\"widget\" data-e-type=\"widget\" data-widget_type=\"text-editor.default\">\n\t\t\t\t\t\t\t\t\t<p data-start=\"374\" data-end=\"782\">La Maison Francine est une maison bretonne transform\u00e9e en cinq appartements, chacun imagin\u00e9 comme un univers singulier. Pour ce logement, l\u2019am\u00e9nagement s\u2019inspire des codes de la chambre d\u2019h\u00f4tel afin de cr\u00e9er un int\u00e9rieur compact, confortable et intuitif \u00e0 vivre. L\u2019espace se structure autour d\u2019un volume central qui accueille la chambre et organise la circulation entre les diff\u00e9rentes fonctions du logement.<\/p><p data-start=\"784\" data-end=\"1192\">La zone nuit prend place dans une alc\u00f4ve enveloppante, mise en valeur par une t\u00eate de lit graphique et des rangements int\u00e9gr\u00e9s qui prolongent le volume. Autour de ce noyau, l\u2019appartement s\u2019ouvre sur un espace de vie comprenant une cuisine compacte et un coin salon. Des \u00e9l\u00e9ments sur mesure viennent rythmer l\u2019espace, notamment une biblioth\u00e8que int\u00e9gr\u00e9e et une table haute pens\u00e9e pour les repas ou le travail.<\/p><p data-start=\"1194\" data-end=\"1638\">La palette de mat\u00e9riaux associe bois clair, bois plus sombre et surfaces min\u00e9rales afin de cr\u00e9er un contraste chaleureux et structur\u00e9. Les motifs graphiques, pr\u00e9sents dans la chambre et dans la salle de bain, apportent une identit\u00e9 forte et donnent au projet un caract\u00e8re presque sc\u00e9nographique. L\u2019ensemble compose un int\u00e9rieur compact mais g\u00e9n\u00e9reux, o\u00f9 chaque \u00e9l\u00e9ment participe \u00e0 une atmosph\u00e8re \u00e0 la fois intime, contemporaine et accueillante.<\/p>\t\t\t\t\t\t\t\t<\/div>\n\t\t\t\t<\/div>\n\t\t\t\t<\/div>\n\t\t<div class=\"elementor-element elementor-element-8de3558 e-con-full e-flex e-con e-parent\" data-id=\"8de3558\" data-element_type=\"container\" data-e-type=\"container\">\n\t\t\t\t<div class=\"elementor-element elementor-element-cb3dc3a elementor-widget__width-inherit elementor-widget elementor-widget-image\" data-id=\"cb3dc3a\" data-element_type=\"widget\" data-e-type=\"widget\" data-widget_type=\"image.default\">\n\t\t\t\t\t\t\t\t\t\t\t\t\t\t\t<img decoding=\"async\" width=\"800\" height=\"450\" src=\"https:\/\/staging.matchystudio.com\/wp-content\/uploads\/2026\/03\/Enscape_2026-02-07-21-43-57-1024x576.webp\" class=\"attachment-large size-large wp-image-1098\" alt=\"\" srcset=\"https:\/\/staging.matchystudio.com\/wp-content\/uploads\/2026\/03\/Enscape_2026-02-07-21-43-57-1024x576.webp 1024w, https:\/\/staging.matchystudio.com\/wp-content\/uploads\/2026\/03\/Enscape_2026-02-07-21-43-57-600x338.webp 600w, https:\/\/staging.matchystudio.com\/wp-content\/uploads\/2026\/03\/Enscape_2026-02-07-21-43-57-300x169.webp 300w, https:\/\/staging.matchystudio.com\/wp-content\/uploads\/2026\/03\/Enscape_2026-02-07-21-43-57-768x432.webp 768w, https:\/\/staging.matchystudio.com\/wp-content\/uploads\/2026\/03\/Enscape_2026-02-07-21-43-57-1536x864.webp 1536w, https:\/\/staging.matchystudio.com\/wp-content\/uploads\/2026\/03\/Enscape_2026-02-07-21-43-57-18x10.png 18w, https:\/\/staging.matchystudio.com\/wp-content\/uploads\/2026\/03\/Enscape_2026-02-07-21-43-57.webp 1920w\" sizes=\"(max-width: 800px) 100vw, 800px\" \/>\t\t\t\t\t\t\t\t\t\t\t\t\t\t\t<\/div>\n\t\t\t\t<\/div>\n\t\t<div class=\"elementor-element elementor-element-32491ab e-con-full e-flex e-con e-parent\" data-id=\"32491ab\" data-element_type=\"container\" data-e-type=\"container\">\n\t\t<div class=\"elementor-element elementor-element-2b34ac3 e-con-full e-flex e-con e-child\" data-id=\"2b34ac3\" data-element_type=\"container\" data-e-type=\"container\">\n\t\t\t\t<div class=\"elementor-element elementor-element-809f44a elementor-widget elementor-widget-image\" data-id=\"809f44a\" data-element_type=\"widget\" data-e-type=\"widget\" data-widget_type=\"image.default\">\n\t\t\t\t\t\t\t\t\t\t\t\t\t\t\t<img decoding=\"async\" src=\"https:\/\/staging.matchystudio.com\/wp-content\/uploads\/elementor\/thumbs\/Enscape_2026-02-07-21-36-28-rk0hszggkpowivgo0yhfb6v92x1fwje43wtbe4n7dc.webp\" title=\"Enscape_2026-02-07-21-36-28\" alt=\"Enscape_2026-02-07-21-36-28\" loading=\"lazy\" \/>\t\t\t\t\t\t\t\t\t\t\t\t\t\t\t<\/div>\n\t\t\t\t<\/div>\n\t\t<div class=\"elementor-element elementor-element-95174a8 e-con-full e-flex e-con e-child\" data-id=\"95174a8\" data-element_type=\"container\" data-e-type=\"container\">\n\t\t\t\t<div class=\"elementor-element elementor-element-cbfae10 elementor-widget elementor-widget-image\" data-id=\"cbfae10\" data-element_type=\"widget\" data-e-type=\"widget\" data-widget_type=\"image.default\">\n\t\t\t\t\t\t\t\t\t\t\t\t\t\t\t<img decoding=\"async\" width=\"800\" height=\"450\" src=\"https:\/\/staging.matchystudio.com\/wp-content\/uploads\/2026\/03\/Enscape_2026-02-07-21-46-39-1024x576.webp\" class=\"attachment-large size-large wp-image-1103\" alt=\"\" srcset=\"https:\/\/staging.matchystudio.com\/wp-content\/uploads\/2026\/03\/Enscape_2026-02-07-21-46-39-1024x576.webp 1024w, https:\/\/staging.matchystudio.com\/wp-content\/uploads\/2026\/03\/Enscape_2026-02-07-21-46-39-600x338.webp 600w, https:\/\/staging.matchystudio.com\/wp-content\/uploads\/2026\/03\/Enscape_2026-02-07-21-46-39-300x169.webp 300w, https:\/\/staging.matchystudio.com\/wp-content\/uploads\/2026\/03\/Enscape_2026-02-07-21-46-39-768x432.webp 768w, https:\/\/staging.matchystudio.com\/wp-content\/uploads\/2026\/03\/Enscape_2026-02-07-21-46-39-1536x864.webp 1536w, https:\/\/staging.matchystudio.com\/wp-content\/uploads\/2026\/03\/Enscape_2026-02-07-21-46-39-18x10.webp 18w, https:\/\/staging.matchystudio.com\/wp-content\/uploads\/2026\/03\/Enscape_2026-02-07-21-46-39.webp 1920w\" sizes=\"(max-width: 800px) 100vw, 800px\" \/>\t\t\t\t\t\t\t\t\t\t\t\t\t\t\t<\/div>\n\t\t\t\t<\/div>\n\t\t\t\t<\/div>\n\t\t<div class=\"elementor-element elementor-element-5fa6139 e-con-full e-flex e-con e-parent\" data-id=\"5fa6139\" data-element_type=\"container\" data-e-type=\"container\">\n\t\t\t\t<div class=\"elementor-element elementor-element-94ef022 elementor-widget__width-inherit elementor-widget elementor-widget-image\" data-id=\"94ef022\" data-element_type=\"widget\" data-e-type=\"widget\" data-widget_type=\"image.default\">\n\t\t\t\t\t\t\t\t\t\t\t\t\t\t\t<img loading=\"lazy\" decoding=\"async\" width=\"800\" height=\"450\" src=\"https:\/\/staging.matchystudio.com\/wp-content\/uploads\/2026\/03\/Enscape_2026-02-07-21-40-14-1024x576.webp\" class=\"attachment-large size-large wp-image-1096\" alt=\"\" srcset=\"https:\/\/staging.matchystudio.com\/wp-content\/uploads\/2026\/03\/Enscape_2026-02-07-21-40-14-1024x576.webp 1024w, https:\/\/staging.matchystudio.com\/wp-content\/uploads\/2026\/03\/Enscape_2026-02-07-21-40-14-600x338.webp 600w, https:\/\/staging.matchystudio.com\/wp-content\/uploads\/2026\/03\/Enscape_2026-02-07-21-40-14-300x169.webp 300w, https:\/\/staging.matchystudio.com\/wp-content\/uploads\/2026\/03\/Enscape_2026-02-07-21-40-14-768x432.webp 768w, https:\/\/staging.matchystudio.com\/wp-content\/uploads\/2026\/03\/Enscape_2026-02-07-21-40-14-1536x864.webp 1536w, https:\/\/staging.matchystudio.com\/wp-content\/uploads\/2026\/03\/Enscape_2026-02-07-21-40-14-18x10.webp 18w, https:\/\/staging.matchystudio.com\/wp-content\/uploads\/2026\/03\/Enscape_2026-02-07-21-40-14.webp 1920w\" sizes=\"(max-width: 800px) 100vw, 800px\" \/>\t\t\t\t\t\t\t\t\t\t\t\t\t\t\t<\/div>\n\t\t\t\t<\/div>\n\t\t<div class=\"elementor-element elementor-element-87ba302 e-con-full e-flex e-con e-parent\" data-id=\"87ba302\" data-element_type=\"container\" data-e-type=\"container\">\n\t\t<div class=\"elementor-element elementor-element-8831fa2 e-con-full e-flex e-con e-child\" data-id=\"8831fa2\" data-element_type=\"container\" data-e-type=\"container\">\n\t\t\t\t<div class=\"elementor-element elementor-element-954e5eb elementor-widget elementor-widget-image\" data-id=\"954e5eb\" data-element_type=\"widget\" data-e-type=\"widget\" data-widget_type=\"image.default\">\n\t\t\t\t\t\t\t\t\t\t\t\t\t\t\t<img loading=\"lazy\" decoding=\"async\" width=\"800\" height=\"450\" src=\"https:\/\/staging.matchystudio.com\/wp-content\/uploads\/2026\/03\/Enscape_2026-02-07-21-38-14-1024x576.webp\" class=\"attachment-large size-large wp-image-1094\" alt=\"\" srcset=\"https:\/\/staging.matchystudio.com\/wp-content\/uploads\/2026\/03\/Enscape_2026-02-07-21-38-14-1024x576.webp 1024w, https:\/\/staging.matchystudio.com\/wp-content\/uploads\/2026\/03\/Enscape_2026-02-07-21-38-14-600x338.webp 600w, https:\/\/staging.matchystudio.com\/wp-content\/uploads\/2026\/03\/Enscape_2026-02-07-21-38-14-300x169.webp 300w, https:\/\/staging.matchystudio.com\/wp-content\/uploads\/2026\/03\/Enscape_2026-02-07-21-38-14-768x432.webp 768w, https:\/\/staging.matchystudio.com\/wp-content\/uploads\/2026\/03\/Enscape_2026-02-07-21-38-14-1536x864.webp 1536w, https:\/\/staging.matchystudio.com\/wp-content\/uploads\/2026\/03\/Enscape_2026-02-07-21-38-14-18x10.webp 18w, https:\/\/staging.matchystudio.com\/wp-content\/uploads\/2026\/03\/Enscape_2026-02-07-21-38-14.webp 1920w\" sizes=\"(max-width: 800px) 100vw, 800px\" \/>\t\t\t\t\t\t\t\t\t\t\t\t\t\t\t<\/div>\n\t\t\t\t<\/div>\n\t\t<div class=\"elementor-element elementor-element-d98f57c e-con-full e-flex e-con e-child\" data-id=\"d98f57c\" data-element_type=\"container\" data-e-type=\"container\">\n\t\t\t\t<div class=\"elementor-element elementor-element-ec8e063 elementor-widget elementor-widget-image\" data-id=\"ec8e063\" data-element_type=\"widget\" data-e-type=\"widget\" data-widget_type=\"image.default\">\n\t\t\t\t\t\t\t\t\t\t\t\t\t\t\t<img loading=\"lazy\" decoding=\"async\" width=\"800\" height=\"450\" src=\"https:\/\/staging.matchystudio.com\/wp-content\/uploads\/2026\/03\/Enscape_2026-02-07-21-39-21-1024x576.webp\" class=\"attachment-large size-large wp-image-1095\" alt=\"\" srcset=\"https:\/\/staging.matchystudio.com\/wp-content\/uploads\/2026\/03\/Enscape_2026-02-07-21-39-21-1024x576.webp 1024w, https:\/\/staging.matchystudio.com\/wp-content\/uploads\/2026\/03\/Enscape_2026-02-07-21-39-21-600x338.webp 600w, https:\/\/staging.matchystudio.com\/wp-content\/uploads\/2026\/03\/Enscape_2026-02-07-21-39-21-300x169.webp 300w, https:\/\/staging.matchystudio.com\/wp-content\/uploads\/2026\/03\/Enscape_2026-02-07-21-39-21-768x432.webp 768w, https:\/\/staging.matchystudio.com\/wp-content\/uploads\/2026\/03\/Enscape_2026-02-07-21-39-21-1536x864.webp 1536w, https:\/\/staging.matchystudio.com\/wp-content\/uploads\/2026\/03\/Enscape_2026-02-07-21-39-21-18x10.webp 18w, https:\/\/staging.matchystudio.com\/wp-content\/uploads\/2026\/03\/Enscape_2026-02-07-21-39-21.webp 1920w\" sizes=\"(max-width: 800px) 100vw, 800px\" \/>\t\t\t\t\t\t\t\t\t\t\t\t\t\t\t<\/div>\n\t\t\t\t<\/div>\n\t\t\t\t<\/div>\n\t\t<div class=\"elementor-element elementor-element-bcdd7f0 e-con-full e-flex e-con e-parent\" data-id=\"bcdd7f0\" data-element_type=\"container\" data-e-type=\"container\">\n\t\t\t\t<div class=\"elementor-element elementor-element-902abd8 elementor-widget__width-inherit elementor-widget elementor-widget-image\" data-id=\"902abd8\" data-element_type=\"widget\" data-e-type=\"widget\" data-widget_type=\"image.default\">\n\t\t\t\t\t\t\t\t\t\t\t\t\t\t\t<img loading=\"lazy\" decoding=\"async\" width=\"800\" height=\"450\" src=\"https:\/\/staging.matchystudio.com\/wp-content\/uploads\/2026\/03\/Enscape_2026-02-07-21-45-30-1024x576.webp\" class=\"attachment-large size-large wp-image-1101\" alt=\"\" srcset=\"https:\/\/staging.matchystudio.com\/wp-content\/uploads\/2026\/03\/Enscape_2026-02-07-21-45-30-1024x576.webp 1024w, https:\/\/staging.matchystudio.com\/wp-content\/uploads\/2026\/03\/Enscape_2026-02-07-21-45-30-600x338.webp 600w, https:\/\/staging.matchystudio.com\/wp-content\/uploads\/2026\/03\/Enscape_2026-02-07-21-45-30-300x169.webp 300w, https:\/\/staging.matchystudio.com\/wp-content\/uploads\/2026\/03\/Enscape_2026-02-07-21-45-30-768x432.webp 768w, https:\/\/staging.matchystudio.com\/wp-content\/uploads\/2026\/03\/Enscape_2026-02-07-21-45-30-1536x864.webp 1536w, https:\/\/staging.matchystudio.com\/wp-content\/uploads\/2026\/03\/Enscape_2026-02-07-21-45-30-18x10.webp 18w, https:\/\/staging.matchystudio.com\/wp-content\/uploads\/2026\/03\/Enscape_2026-02-07-21-45-30.webp 1920w\" sizes=\"(max-width: 800px) 100vw, 800px\" \/>\t\t\t\t\t\t\t\t\t\t\t\t\t\t\t<\/div>\n\t\t\t\t<\/div>\n\t\t<div class=\"elementor-element elementor-element-d95cc61 e-con-full e-flex e-con e-parent\" data-id=\"d95cc61\" data-element_type=\"container\" data-e-type=\"container\">\n\t\t<div class=\"elementor-element elementor-element-150b6cd e-con-full e-flex e-con e-child\" data-id=\"150b6cd\" data-element_type=\"container\" data-e-type=\"container\">\n\t\t\t\t<div class=\"elementor-element elementor-element-b5abb67 elementor-widget elementor-widget-image\" data-id=\"b5abb67\" data-element_type=\"widget\" data-e-type=\"widget\" data-widget_type=\"image.default\">\n\t\t\t\t\t\t\t\t\t\t\t\t\t\t\t<img decoding=\"async\" src=\"https:\/\/staging.matchystudio.com\/wp-content\/uploads\/elementor\/thumbs\/Enscape_2026-02-07-21-37-38-rk0ht45nivy6fvz9xvwut6ulz2nacgsorzjwxb33q0.webp\" title=\"Enscape_2026-02-07-21-37-38\" alt=\"Enscape_2026-02-07-21-37-38\" loading=\"lazy\" \/>\t\t\t\t\t\t\t\t\t\t\t\t\t\t\t<\/div>\n\t\t\t\t<\/div>\n\t\t<div class=\"elementor-element elementor-element-4bbc120 e-con-full e-flex e-con e-child\" data-id=\"4bbc120\" data-element_type=\"container\" data-e-type=\"container\">\n\t\t\t\t<div class=\"elementor-element elementor-element-9ad17c3 elementor-widget elementor-widget-image\" data-id=\"9ad17c3\" data-element_type=\"widget\" data-e-type=\"widget\" data-widget_type=\"image.default\">\n\t\t\t\t\t\t\t\t\t\t\t\t\t\t\t<img loading=\"lazy\" decoding=\"async\" width=\"800\" height=\"450\" src=\"https:\/\/staging.matchystudio.com\/wp-content\/uploads\/2026\/03\/Enscape_2026-02-07-21-44-24-1024x576.webp\" class=\"attachment-large size-large wp-image-1099\" alt=\"\" srcset=\"https:\/\/staging.matchystudio.com\/wp-content\/uploads\/2026\/03\/Enscape_2026-02-07-21-44-24-1024x576.webp 1024w, https:\/\/staging.matchystudio.com\/wp-content\/uploads\/2026\/03\/Enscape_2026-02-07-21-44-24-600x338.webp 600w, https:\/\/staging.matchystudio.com\/wp-content\/uploads\/2026\/03\/Enscape_2026-02-07-21-44-24-300x169.webp 300w, https:\/\/staging.matchystudio.com\/wp-content\/uploads\/2026\/03\/Enscape_2026-02-07-21-44-24-768x432.webp 768w, https:\/\/staging.matchystudio.com\/wp-content\/uploads\/2026\/03\/Enscape_2026-02-07-21-44-24-1536x864.webp 1536w, https:\/\/staging.matchystudio.com\/wp-content\/uploads\/2026\/03\/Enscape_2026-02-07-21-44-24-18x10.webp 18w, https:\/\/staging.matchystudio.com\/wp-content\/uploads\/2026\/03\/Enscape_2026-02-07-21-44-24.webp 1920w\" sizes=\"(max-width: 800px) 100vw, 800px\" \/>\t\t\t\t\t\t\t\t\t\t\t\t\t\t\t<\/div>\n\t\t\t\t<\/div>\n\t\t\t\t<\/div>\n\t\t\t\t<\/div>","protected":false},"excerpt":{"rendered":"<p>Projet FRANCINE N.4 LOCALISATION : PENVENANT SURFACE : 24,5 M2 ANN\u00c9E : 2025 CHANTIER EN COURS La Maison Francine est une maison bretonne transform\u00e9e en cinq appartements, chacun imagin\u00e9 comme un univers singulier. Pour ce logement, l\u2019am\u00e9nagement s\u2019inspire des codes de la chambre d\u2019h\u00f4tel afin de cr\u00e9er un int\u00e9rieur compact, confortable et intuitif \u00e0 vivre. [&hellip;]<\/p>\n","protected":false},"author":1,"featured_media":0,"parent":0,"menu_order":0,"comment_status":"closed","ping_status":"closed","template":"","meta":{"footnotes":""},"class_list":["post-1254","page","type-page","status-publish","hentry"],"_links":{"self":[{"href":"https:\/\/staging.matchystudio.com\/en\/wp-json\/wp\/v2\/pages\/1254","targetHints":{"allow":["GET"]}}],"collection":[{"href":"https:\/\/staging.matchystudio.com\/en\/wp-json\/wp\/v2\/pages"}],"about":[{"href":"https:\/\/staging.matchystudio.com\/en\/wp-json\/wp\/v2\/types\/page"}],"author":[{"embeddable":true,"href":"https:\/\/staging.matchystudio.com\/en\/wp-json\/wp\/v2\/users\/1"}],"replies":[{"embeddable":true,"href":"https:\/\/staging.matchystudio.com\/en\/wp-json\/wp\/v2\/comments?post=1254"}],"version-history":[{"count":10,"href":"https:\/\/staging.matchystudio.com\/en\/wp-json\/wp\/v2\/pages\/1254\/revisions"}],"predecessor-version":[{"id":2682,"href":"https:\/\/staging.matchystudio.com\/en\/wp-json\/wp\/v2\/pages\/1254\/revisions\/2682"}],"wp:attachment":[{"href":"https:\/\/staging.matchystudio.com\/en\/wp-json\/wp\/v2\/media?parent=1254"}],"curies":[{"name":"wp","href":"https:\/\/api.w.org\/{rel}","templated":true}]}}