{"id":1158,"date":"2026-03-04T12:57:00","date_gmt":"2026-03-04T12:57:00","guid":{"rendered":"https:\/\/staging.matchystudio.com\/?page_id=1158"},"modified":"2026-03-14T17:28:42","modified_gmt":"2026-03-14T17:28:42","slug":"yvon","status":"publish","type":"page","link":"https:\/\/staging.matchystudio.com\/en\/yvon\/","title":{"rendered":"Yvon"},"content":{"rendered":"<div data-elementor-type=\"wp-page\" data-elementor-id=\"1158\" class=\"elementor elementor-1158\" data-elementor-post-type=\"page\">\n\t\t\t\t<div class=\"elementor-element elementor-element-97facd8 e-con-full e-flex e-con e-parent\" data-id=\"97facd8\" data-element_type=\"container\" data-e-type=\"container\">\n\t\t\t\t<div class=\"elementor-element elementor-element-5b87c60 elementor-widget__width-inherit elementor-widget elementor-widget-image\" data-id=\"5b87c60\" data-element_type=\"widget\" data-e-type=\"widget\" data-widget_type=\"image.default\">\n\t\t\t\t\t\t\t\t\t\t\t\t\t\t\t<img fetchpriority=\"high\" decoding=\"async\" width=\"800\" height=\"450\" src=\"https:\/\/staging.matchystudio.com\/wp-content\/uploads\/2026\/02\/Enscape_2025-12-30-13-20-26-1024x576.webp\" class=\"attachment-large size-large wp-image-587\" alt=\"\" srcset=\"https:\/\/staging.matchystudio.com\/wp-content\/uploads\/2026\/02\/Enscape_2025-12-30-13-20-26-1024x576.webp 1024w, https:\/\/staging.matchystudio.com\/wp-content\/uploads\/2026\/02\/Enscape_2025-12-30-13-20-26-600x338.webp 600w, https:\/\/staging.matchystudio.com\/wp-content\/uploads\/2026\/02\/Enscape_2025-12-30-13-20-26-300x169.webp 300w, https:\/\/staging.matchystudio.com\/wp-content\/uploads\/2026\/02\/Enscape_2025-12-30-13-20-26-768x432.webp 768w, https:\/\/staging.matchystudio.com\/wp-content\/uploads\/2026\/02\/Enscape_2025-12-30-13-20-26-1536x864.webp 1536w, https:\/\/staging.matchystudio.com\/wp-content\/uploads\/2026\/02\/Enscape_2025-12-30-13-20-26-18x10.webp 18w, https:\/\/staging.matchystudio.com\/wp-content\/uploads\/2026\/02\/Enscape_2025-12-30-13-20-26.webp 1920w\" sizes=\"(max-width: 800px) 100vw, 800px\" \/>\t\t\t\t\t\t\t\t\t\t\t\t\t\t\t<\/div>\n\t\t\t\t<\/div>\n\t\t<div class=\"elementor-element elementor-element-877baad e-con-full e-flex e-con e-parent\" data-id=\"877baad\" data-element_type=\"container\" data-e-type=\"container\">\n\t\t<div class=\"elementor-element elementor-element-c104aa4 e-con-full e-flex e-con e-child\" data-id=\"c104aa4\" data-element_type=\"container\" data-e-type=\"container\">\n\t\t\t\t<div class=\"elementor-element elementor-element-cba39a3 elementor-widget__width-inherit elementor-widget elementor-widget-image\" data-id=\"cba39a3\" data-element_type=\"widget\" data-e-type=\"widget\" data-widget_type=\"image.default\">\n\t\t\t\t\t\t\t\t\t\t\t\t\t\t\t<img decoding=\"async\" src=\"https:\/\/staging.matchystudio.com\/wp-content\/uploads\/elementor\/thumbs\/Enscape_2025-12-30-13-47-07-rk0idmyt16y5sxkdq1e3wrjbfyvkkrrll5pbitlswo.webp\" title=\"Enscape_2025-12-30-13-47-07\" alt=\"Enscape_2025-12-30-13-47-07\" loading=\"lazy\" \/>\t\t\t\t\t\t\t\t\t\t\t\t\t\t\t<\/div>\n\t\t\t\t<\/div>\n\t\t<div class=\"elementor-element elementor-element-4f1b7b8 e-con-full e-flex e-con e-child\" data-id=\"4f1b7b8\" data-element_type=\"container\" data-e-type=\"container\">\n\t\t\t\t<div class=\"elementor-element elementor-element-e4842b8 elementor-widget elementor-widget-heading\" data-id=\"e4842b8\" data-element_type=\"widget\" data-e-type=\"widget\" data-widget_type=\"heading.default\">\n\t\t\t\t\t<h2 class=\"elementor-heading-title elementor-size-default\">Projet Yvon<\/h2>\t\t\t\t<\/div>\n\t\t\t\t<div class=\"elementor-element elementor-element-c4776da elementor-widget elementor-widget-text-editor\" data-id=\"c4776da\" data-element_type=\"widget\" data-e-type=\"widget\" data-widget_type=\"text-editor.default\">\n\t\t\t\t\t\t\t\t\t<p>LOCALISATION : PARIS<\/p><p>SURFACE : 86M2<\/p><p>ANN\u00c9E : 2025<\/p><p>CHANTIER EN COURS<\/p>\t\t\t\t\t\t\t\t<\/div>\n\t\t\t\t<div class=\"elementor-element elementor-element-7ab8553 elementor-widget elementor-widget-text-editor\" data-id=\"7ab8553\" data-element_type=\"widget\" data-e-type=\"widget\" data-widget_type=\"text-editor.default\">\n\t\t\t\t\t\t\t\t\t<p data-start=\"117\" data-end=\"534\">Cet appartement parisien de 86 m\u00b2 a fait l\u2019objet d\u2019une r\u00e9novation compl\u00e8te visant \u00e0 repenser enti\u00e8rement son organisation int\u00e9rieure tout en r\u00e9pondant aux attentes du client en termes de programme et de qualit\u00e9 des espaces. Le projet devait notamment int\u00e9grer plusieurs contraintes structurelles, dont la pr\u00e9sence d\u2019un poteau central, tout en cr\u00e9ant un appartement fluide, lumineux et adapt\u00e9 aux usages contemporains.<\/p><p data-start=\"536\" data-end=\"911\">La nouvelle organisation s\u2019articule autour d\u2019un espace de vie traversant, con\u00e7u pour profiter pleinement de la lumi\u00e8re naturelle. La cuisine a \u00e9t\u00e9 d\u00e9plac\u00e9e afin de s\u2019ouvrir largement sur le salon et la salle \u00e0 manger, formant un grand espace de vie continu et convivial. Ce d\u00e9placement permet \u00e9galement de lib\u00e9rer les circulations et d\u2019offrir une lecture plus claire du plan.<\/p><p data-start=\"913\" data-end=\"1177\">Le poteau existant devient un \u00e9l\u00e9ment structurant du projet autour duquel s\u2019organisent les diff\u00e9rents espaces. Plut\u00f4t que de le dissimuler, il est int\u00e9gr\u00e9 dans la composition architecturale et participe \u00e0 la structuration des perspectives dans la pi\u00e8ce principale.<\/p><p data-start=\"1179\" data-end=\"1428\">L\u2019appartement accueille d\u00e9sormais une suite parentale avec chambre et rangements int\u00e9gr\u00e9s, ainsi que les diff\u00e9rentes pi\u00e8ces demand\u00e9es par le client, soigneusement distribu\u00e9es afin de pr\u00e9server l\u2019\u00e9quilibre entre espaces ouverts et zones plus intimes.<\/p><p data-start=\"1430\" data-end=\"1769\">La palette de mat\u00e9riaux m\u00eale parquet en point de Hongrie, bois chaleureux et pierres naturelles, marbre et bronze cr\u00e9ant une atmosph\u00e8re \u00e9l\u00e9gante et contemporaine en dialogue avec l\u2019architecture parisienne existante. L\u2019ensemble compose un int\u00e9rieur lumineux et coh\u00e9rent o\u00f9 chaque \u00e9l\u00e9ment participe \u00e0 la fluidit\u00e9 des circulations et \u00e0 la qualit\u00e9 des volumes.<\/p>\t\t\t\t\t\t\t\t<\/div>\n\t\t\t\t<\/div>\n\t\t\t\t<\/div>\n\t\t<div class=\"elementor-element elementor-element-1ee1cb6 e-con-full e-flex e-con e-parent\" data-id=\"1ee1cb6\" data-element_type=\"container\" data-e-type=\"container\">\n\t\t\t\t<div class=\"elementor-element elementor-element-f5c322b elementor-widget__width-inherit elementor-widget elementor-widget-image\" data-id=\"f5c322b\" data-element_type=\"widget\" data-e-type=\"widget\" data-widget_type=\"image.default\">\n\t\t\t\t\t\t\t\t\t\t\t\t\t\t\t<img decoding=\"async\" width=\"800\" height=\"450\" src=\"https:\/\/staging.matchystudio.com\/wp-content\/uploads\/2026\/03\/image-10-1024x576.png\" class=\"attachment-large size-large wp-image-1199\" alt=\"\" srcset=\"https:\/\/staging.matchystudio.com\/wp-content\/uploads\/2026\/03\/image-10-1024x576.png 1024w, https:\/\/staging.matchystudio.com\/wp-content\/uploads\/2026\/03\/image-10-600x338.png 600w, https:\/\/staging.matchystudio.com\/wp-content\/uploads\/2026\/03\/image-10-300x169.png 300w, https:\/\/staging.matchystudio.com\/wp-content\/uploads\/2026\/03\/image-10-768x432.png 768w, https:\/\/staging.matchystudio.com\/wp-content\/uploads\/2026\/03\/image-10-1536x864.png 1536w, https:\/\/staging.matchystudio.com\/wp-content\/uploads\/2026\/03\/image-10-18x10.png 18w, https:\/\/staging.matchystudio.com\/wp-content\/uploads\/2026\/03\/image-10.png 1920w\" sizes=\"(max-width: 800px) 100vw, 800px\" \/>\t\t\t\t\t\t\t\t\t\t\t\t\t\t\t<\/div>\n\t\t\t\t<\/div>\n\t\t<div class=\"elementor-element elementor-element-32491ab e-con-full e-flex e-con e-parent\" data-id=\"32491ab\" data-element_type=\"container\" data-e-type=\"container\">\n\t\t<div class=\"elementor-element elementor-element-2b34ac3 e-con-full e-flex e-con e-child\" data-id=\"2b34ac3\" data-element_type=\"container\" data-e-type=\"container\">\n\t\t\t\t<div class=\"elementor-element elementor-element-809f44a elementor-widget__width-inherit elementor-widget elementor-widget-image\" data-id=\"809f44a\" data-element_type=\"widget\" data-e-type=\"widget\" data-widget_type=\"image.default\">\n\t\t\t\t\t\t\t\t\t\t\t\t\t\t\t<img decoding=\"async\" src=\"https:\/\/staging.matchystudio.com\/wp-content\/uploads\/elementor\/thumbs\/image-13-rk0idei915n4pxsyss7oh1dpm8eh3ug7kyz0oidc7k.png\" title=\"image 13\" alt=\"image 13\" loading=\"lazy\" \/>\t\t\t\t\t\t\t\t\t\t\t\t\t\t\t<\/div>\n\t\t\t\t<\/div>\n\t\t<div class=\"elementor-element elementor-element-95174a8 e-con-full e-flex e-con e-child\" data-id=\"95174a8\" data-element_type=\"container\" data-e-type=\"container\">\n\t\t\t\t<div class=\"elementor-element elementor-element-cbfae10 elementor-widget elementor-widget-image\" data-id=\"cbfae10\" data-element_type=\"widget\" data-e-type=\"widget\" data-widget_type=\"image.default\">\n\t\t\t\t\t\t\t\t\t\t\t\t\t\t\t<img decoding=\"async\" width=\"800\" height=\"450\" src=\"https:\/\/staging.matchystudio.com\/wp-content\/uploads\/2026\/03\/Enscape_2025-12-30-13-46-10-1024x576.webp\" class=\"attachment-large size-large wp-image-1172\" alt=\"\" srcset=\"https:\/\/staging.matchystudio.com\/wp-content\/uploads\/2026\/03\/Enscape_2025-12-30-13-46-10-1024x576.webp 1024w, https:\/\/staging.matchystudio.com\/wp-content\/uploads\/2026\/03\/Enscape_2025-12-30-13-46-10-600x338.webp 600w, https:\/\/staging.matchystudio.com\/wp-content\/uploads\/2026\/03\/Enscape_2025-12-30-13-46-10-300x169.webp 300w, https:\/\/staging.matchystudio.com\/wp-content\/uploads\/2026\/03\/Enscape_2025-12-30-13-46-10-768x432.webp 768w, https:\/\/staging.matchystudio.com\/wp-content\/uploads\/2026\/03\/Enscape_2025-12-30-13-46-10-1536x864.webp 1536w, https:\/\/staging.matchystudio.com\/wp-content\/uploads\/2026\/03\/Enscape_2025-12-30-13-46-10-18x10.webp 18w, https:\/\/staging.matchystudio.com\/wp-content\/uploads\/2026\/03\/Enscape_2025-12-30-13-46-10.webp 1920w\" sizes=\"(max-width: 800px) 100vw, 800px\" \/>\t\t\t\t\t\t\t\t\t\t\t\t\t\t\t<\/div>\n\t\t\t\t<\/div>\n\t\t\t\t<\/div>\n\t\t<div class=\"elementor-element elementor-element-e3bc31c e-con-full e-flex e-con e-parent\" data-id=\"e3bc31c\" data-element_type=\"container\" data-e-type=\"container\">\n\t\t\t\t<div class=\"elementor-element elementor-element-0a2be5b elementor-widget__width-inherit elementor-widget elementor-widget-image\" data-id=\"0a2be5b\" data-element_type=\"widget\" data-e-type=\"widget\" data-widget_type=\"image.default\">\n\t\t\t\t\t\t\t\t\t\t\t\t\t\t\t<img loading=\"lazy\" decoding=\"async\" width=\"800\" height=\"450\" src=\"https:\/\/staging.matchystudio.com\/wp-content\/uploads\/2026\/03\/image-6-2-1024x576.png\" class=\"attachment-large size-large wp-image-1222\" alt=\"\" srcset=\"https:\/\/staging.matchystudio.com\/wp-content\/uploads\/2026\/03\/image-6-2-1024x576.png 1024w, https:\/\/staging.matchystudio.com\/wp-content\/uploads\/2026\/03\/image-6-2-600x338.png 600w, https:\/\/staging.matchystudio.com\/wp-content\/uploads\/2026\/03\/image-6-2-300x169.png 300w, https:\/\/staging.matchystudio.com\/wp-content\/uploads\/2026\/03\/image-6-2-768x432.png 768w, https:\/\/staging.matchystudio.com\/wp-content\/uploads\/2026\/03\/image-6-2-1536x864.png 1536w, https:\/\/staging.matchystudio.com\/wp-content\/uploads\/2026\/03\/image-6-2-18x10.png 18w, https:\/\/staging.matchystudio.com\/wp-content\/uploads\/2026\/03\/image-6-2.png 1920w\" sizes=\"(max-width: 800px) 100vw, 800px\" \/>\t\t\t\t\t\t\t\t\t\t\t\t\t\t\t<\/div>\n\t\t\t\t<\/div>\n\t\t<div class=\"elementor-element elementor-element-87ba302 e-con-full e-flex e-con e-parent\" data-id=\"87ba302\" data-element_type=\"container\" data-e-type=\"container\">\n\t\t<div class=\"elementor-element elementor-element-8831fa2 e-con-full e-flex e-con e-child\" data-id=\"8831fa2\" data-element_type=\"container\" data-e-type=\"container\">\n\t\t\t\t<div class=\"elementor-element elementor-element-954e5eb elementor-widget elementor-widget-image\" data-id=\"954e5eb\" data-element_type=\"widget\" data-e-type=\"widget\" data-widget_type=\"image.default\">\n\t\t\t\t\t\t\t\t\t\t\t\t\t\t\t<img loading=\"lazy\" decoding=\"async\" width=\"800\" height=\"450\" src=\"https:\/\/staging.matchystudio.com\/wp-content\/uploads\/2026\/03\/image-12-1-1024x576.png\" class=\"attachment-large size-large wp-image-1228\" alt=\"\" srcset=\"https:\/\/staging.matchystudio.com\/wp-content\/uploads\/2026\/03\/image-12-1-1024x576.png 1024w, https:\/\/staging.matchystudio.com\/wp-content\/uploads\/2026\/03\/image-12-1-600x338.png 600w, https:\/\/staging.matchystudio.com\/wp-content\/uploads\/2026\/03\/image-12-1-300x169.png 300w, https:\/\/staging.matchystudio.com\/wp-content\/uploads\/2026\/03\/image-12-1-768x432.png 768w, https:\/\/staging.matchystudio.com\/wp-content\/uploads\/2026\/03\/image-12-1-1536x864.png 1536w, https:\/\/staging.matchystudio.com\/wp-content\/uploads\/2026\/03\/image-12-1-18x10.png 18w, https:\/\/staging.matchystudio.com\/wp-content\/uploads\/2026\/03\/image-12-1.png 1920w\" sizes=\"(max-width: 800px) 100vw, 800px\" \/>\t\t\t\t\t\t\t\t\t\t\t\t\t\t\t<\/div>\n\t\t\t\t<\/div>\n\t\t<div class=\"elementor-element elementor-element-d98f57c e-con-full e-flex e-con e-child\" data-id=\"d98f57c\" data-element_type=\"container\" data-e-type=\"container\">\n\t\t\t\t<div class=\"elementor-element elementor-element-ec8e063 elementor-widget elementor-widget-image\" data-id=\"ec8e063\" data-element_type=\"widget\" data-e-type=\"widget\" data-widget_type=\"image.default\">\n\t\t\t\t\t\t\t\t\t\t\t\t\t\t\t<img loading=\"lazy\" decoding=\"async\" width=\"800\" height=\"450\" src=\"https:\/\/staging.matchystudio.com\/wp-content\/uploads\/2026\/03\/image-9-2-1024x576.png\" class=\"attachment-large size-large wp-image-1225\" alt=\"\" srcset=\"https:\/\/staging.matchystudio.com\/wp-content\/uploads\/2026\/03\/image-9-2-1024x576.png 1024w, https:\/\/staging.matchystudio.com\/wp-content\/uploads\/2026\/03\/image-9-2-600x338.png 600w, https:\/\/staging.matchystudio.com\/wp-content\/uploads\/2026\/03\/image-9-2-300x169.png 300w, https:\/\/staging.matchystudio.com\/wp-content\/uploads\/2026\/03\/image-9-2-768x432.png 768w, https:\/\/staging.matchystudio.com\/wp-content\/uploads\/2026\/03\/image-9-2-1536x864.png 1536w, https:\/\/staging.matchystudio.com\/wp-content\/uploads\/2026\/03\/image-9-2-18x10.png 18w, https:\/\/staging.matchystudio.com\/wp-content\/uploads\/2026\/03\/image-9-2.png 1920w\" sizes=\"(max-width: 800px) 100vw, 800px\" \/>\t\t\t\t\t\t\t\t\t\t\t\t\t\t\t<\/div>\n\t\t\t\t<\/div>\n\t\t\t\t<\/div>\n\t\t<div class=\"elementor-element elementor-element-6504c75 e-con-full e-flex e-con e-parent\" data-id=\"6504c75\" data-element_type=\"container\" data-e-type=\"container\">\n\t\t\t\t<div class=\"elementor-element elementor-element-4df9856 elementor-widget__width-inherit elementor-widget elementor-widget-image\" data-id=\"4df9856\" data-element_type=\"widget\" data-e-type=\"widget\" data-widget_type=\"image.default\">\n\t\t\t\t\t\t\t\t\t\t\t\t\t\t\t<img loading=\"lazy\" decoding=\"async\" width=\"800\" height=\"450\" src=\"https:\/\/staging.matchystudio.com\/wp-content\/uploads\/2026\/03\/Enscape_2025-12-30-13-49-02-1024x576.webp\" class=\"attachment-large size-large wp-image-1178\" alt=\"\" srcset=\"https:\/\/staging.matchystudio.com\/wp-content\/uploads\/2026\/03\/Enscape_2025-12-30-13-49-02-1024x576.webp 1024w, https:\/\/staging.matchystudio.com\/wp-content\/uploads\/2026\/03\/Enscape_2025-12-30-13-49-02-600x338.webp 600w, https:\/\/staging.matchystudio.com\/wp-content\/uploads\/2026\/03\/Enscape_2025-12-30-13-49-02-300x169.webp 300w, https:\/\/staging.matchystudio.com\/wp-content\/uploads\/2026\/03\/Enscape_2025-12-30-13-49-02-768x432.webp 768w, https:\/\/staging.matchystudio.com\/wp-content\/uploads\/2026\/03\/Enscape_2025-12-30-13-49-02-1536x864.webp 1536w, https:\/\/staging.matchystudio.com\/wp-content\/uploads\/2026\/03\/Enscape_2025-12-30-13-49-02-18x10.webp 18w, https:\/\/staging.matchystudio.com\/wp-content\/uploads\/2026\/03\/Enscape_2025-12-30-13-49-02.webp 1920w\" sizes=\"(max-width: 800px) 100vw, 800px\" \/>\t\t\t\t\t\t\t\t\t\t\t\t\t\t\t<\/div>\n\t\t\t\t<\/div>\n\t\t<div class=\"elementor-element elementor-element-050141d e-con-full e-flex e-con e-parent\" data-id=\"050141d\" data-element_type=\"container\" data-e-type=\"container\">\n\t\t<div class=\"elementor-element elementor-element-fdc0e6e e-con-full e-flex e-con e-child\" data-id=\"fdc0e6e\" data-element_type=\"container\" data-e-type=\"container\">\n\t\t\t\t<div class=\"elementor-element elementor-element-9bfd522 elementor-widget__width-inherit elementor-widget elementor-widget-image\" data-id=\"9bfd522\" data-element_type=\"widget\" data-e-type=\"widget\" data-widget_type=\"image.default\">\n\t\t\t\t\t\t\t\t\t\t\t\t\t\t\t<img loading=\"lazy\" decoding=\"async\" width=\"800\" height=\"450\" src=\"https:\/\/staging.matchystudio.com\/wp-content\/uploads\/2026\/03\/image-3-2-1024x576.png\" class=\"attachment-large size-large wp-image-1219\" alt=\"\" srcset=\"https:\/\/staging.matchystudio.com\/wp-content\/uploads\/2026\/03\/image-3-2-1024x576.png 1024w, https:\/\/staging.matchystudio.com\/wp-content\/uploads\/2026\/03\/image-3-2-600x338.png 600w, https:\/\/staging.matchystudio.com\/wp-content\/uploads\/2026\/03\/image-3-2-300x169.png 300w, https:\/\/staging.matchystudio.com\/wp-content\/uploads\/2026\/03\/image-3-2-768x432.png 768w, https:\/\/staging.matchystudio.com\/wp-content\/uploads\/2026\/03\/image-3-2-1536x864.png 1536w, https:\/\/staging.matchystudio.com\/wp-content\/uploads\/2026\/03\/image-3-2-18x10.png 18w, https:\/\/staging.matchystudio.com\/wp-content\/uploads\/2026\/03\/image-3-2.png 1920w\" sizes=\"(max-width: 800px) 100vw, 800px\" \/>\t\t\t\t\t\t\t\t\t\t\t\t\t\t\t<\/div>\n\t\t\t\t<\/div>\n\t\t<div class=\"elementor-element elementor-element-0cd5b2c e-con-full e-flex e-con e-child\" data-id=\"0cd5b2c\" data-element_type=\"container\" data-e-type=\"container\">\n\t\t\t\t<div class=\"elementor-element elementor-element-adfa4ae elementor-widget elementor-widget-image\" data-id=\"adfa4ae\" data-element_type=\"widget\" data-e-type=\"widget\" data-widget_type=\"image.default\">\n\t\t\t\t\t\t\t\t\t\t\t\t\t\t\t<img loading=\"lazy\" decoding=\"async\" width=\"800\" height=\"450\" src=\"https:\/\/staging.matchystudio.com\/wp-content\/uploads\/2026\/03\/image-12-1024x576.png\" class=\"attachment-large size-large wp-image-1213\" alt=\"\" srcset=\"https:\/\/staging.matchystudio.com\/wp-content\/uploads\/2026\/03\/image-12-1024x576.png 1024w, https:\/\/staging.matchystudio.com\/wp-content\/uploads\/2026\/03\/image-12-600x338.png 600w, https:\/\/staging.matchystudio.com\/wp-content\/uploads\/2026\/03\/image-12-300x169.png 300w, https:\/\/staging.matchystudio.com\/wp-content\/uploads\/2026\/03\/image-12-768x432.png 768w, https:\/\/staging.matchystudio.com\/wp-content\/uploads\/2026\/03\/image-12-1536x864.png 1536w, https:\/\/staging.matchystudio.com\/wp-content\/uploads\/2026\/03\/image-12-18x10.png 18w, https:\/\/staging.matchystudio.com\/wp-content\/uploads\/2026\/03\/image-12.png 1920w\" sizes=\"(max-width: 800px) 100vw, 800px\" \/>\t\t\t\t\t\t\t\t\t\t\t\t\t\t\t<\/div>\n\t\t\t\t<\/div>\n\t\t\t\t<\/div>\n\t\t\t\t<\/div>","protected":false},"excerpt":{"rendered":"<p>Projet Yvon LOCALISATION : PARIS SURFACE : 86M2 ANN\u00c9E : 2025 CHANTIER EN COURS Cet appartement parisien de 86 m\u00b2 a fait l\u2019objet d\u2019une r\u00e9novation compl\u00e8te visant \u00e0 repenser enti\u00e8rement son organisation int\u00e9rieure tout en r\u00e9pondant aux attentes du client en termes de programme et de qualit\u00e9 des espaces. Le projet devait notamment int\u00e9grer plusieurs [&hellip;]<\/p>\n","protected":false},"author":1,"featured_media":0,"parent":0,"menu_order":0,"comment_status":"closed","ping_status":"closed","template":"","meta":{"footnotes":""},"class_list":["post-1158","page","type-page","status-publish","hentry"],"_links":{"self":[{"href":"https:\/\/staging.matchystudio.com\/en\/wp-json\/wp\/v2\/pages\/1158","targetHints":{"allow":["GET"]}}],"collection":[{"href":"https:\/\/staging.matchystudio.com\/en\/wp-json\/wp\/v2\/pages"}],"about":[{"href":"https:\/\/staging.matchystudio.com\/en\/wp-json\/wp\/v2\/types\/page"}],"author":[{"embeddable":true,"href":"https:\/\/staging.matchystudio.com\/en\/wp-json\/wp\/v2\/users\/1"}],"replies":[{"embeddable":true,"href":"https:\/\/staging.matchystudio.com\/en\/wp-json\/wp\/v2\/comments?post=1158"}],"version-history":[{"count":34,"href":"https:\/\/staging.matchystudio.com\/en\/wp-json\/wp\/v2\/pages\/1158\/revisions"}],"predecessor-version":[{"id":2691,"href":"https:\/\/staging.matchystudio.com\/en\/wp-json\/wp\/v2\/pages\/1158\/revisions\/2691"}],"wp:attachment":[{"href":"https:\/\/staging.matchystudio.com\/en\/wp-json\/wp\/v2\/media?parent=1158"}],"curies":[{"name":"wp","href":"https:\/\/api.w.org\/{rel}","templated":true}]}}